{"id":2148,"date":"2025-10-30T17:49:01","date_gmt":"2025-10-30T16:49:01","guid":{"rendered":"https:\/\/agora.xtec.cat\/cfamartipolmanlleu\/?page_id=2148"},"modified":"2025-10-30T17:49:12","modified_gmt":"2025-10-30T16:49:12","slug":"ges","status":"publish","type":"page","link":"https:\/\/agora.xtec.cat\/cfamartipolmanlleu\/recursos\/ges\/","title":{"rendered":"Recursos GES"},"content":{"rendered":"<ul>\n<li><a href=\"https:\/\/portaldogc.gencat.cat\/utilsEADOP\/PDF\/5496\/1038961.pdf\">DOGC 161\/2009<\/a>\u00a0\u2013 Decret d\u2019ordenaci\u00f3 dels ensenyaments de l\u2019ESO\u00a0per a les persones adultes<\/li>\n<li><a href=\"https:\/\/triaeducativa.gencat.cat\/ca\/inici\/index.html\">Tria educativa<\/a>\u00a0\u2013 Qu\u00e8 fer despr\u00e9s del GES?<\/li>\n<li><a href=\"https:\/\/agora.xtec.cat\/cfaguixols\/wp-content\/uploads\/usu2370\/2023\/04\/dossier-expojove-23-2.pdf\">Expojove 2023<\/a>\u00a0\u2013 Dossier d\u2019orientaci\u00f3 educativa<\/li>\n<li><a href=\"https:\/\/www.unportal.net\/ca\/\">Unportal<\/a>\u00a0\u2013 Web de l\u2019educaci\u00f3 superior a Catalunya<\/li>\n<\/ul>\n<ul>\n<li><a href=\"http:\/\/www.xtec.cat\/~fturmo\/d108\/index.htm\">Animals i plantes del nostre entorn<\/a>\u00a0\u2013 Un cat\u00e0leg web de Ferran Turmo.<\/li>\n<li><a href=\"https:\/\/www.educaplus.org\/\">Educaplus.org<\/a>\u00a0\u2013 Recursos did\u00e0ctics visuals de diverses assignatures<\/li>\n<li><a href=\"https:\/\/ptable.com\/?lang=ca\">Ptable<\/a>\u00a0\u2013 Taula peri\u00f2dica interactiva en catal\u00e0 (i altres)<\/li>\n<li><a href=\"https:\/\/www.geogebra.org\/\">GeoGebra<\/a>\u00a0\u2013 Recursos interactius de matem\u00e0tiques<\/li>\n<li><a href=\"https:\/\/www.thatquiz.org\/ca\/\">ThatQuiz<\/a>\u00a0\u2013 Exercicis autocorregibles de matem\u00e0tiques i ci\u00e8ncies<\/li>\n<li><a href=\"https:\/\/www.susiprofe.com\/\">Susi Profe<\/a>\u00a0\u2013 Youtuber de matem\u00e0tiques, castell\u00e0, f\u00edsica i qu\u00edmica<\/li>\n<li><a href=\"https:\/\/procomun.intef.es\/\">Procom\u00fan<\/a>\u00a0\u2013 Xarxa de recursos educatius en obert<\/li>\n<\/ul>\n","protected":false},"excerpt":{"rendered":"<p>DOGC 161\/2009\u00a0\u2013 Decret d\u2019ordenaci\u00f3 dels ensenyaments de l\u2019ESO\u00a0per a les persones adultes Tria educativa\u00a0\u2013 Qu\u00e8 fer despr\u00e9s del GES? Expojove 2023\u00a0\u2013 Dossier d\u2019orientaci\u00f3 educativa Unportal\u00a0\u2013 Web de l\u2019educaci\u00f3 superior a Catalunya Animals i plantes del nostre entorn\u00a0\u2013 Un cat\u00e0leg web de Ferran Turmo. Educaplus.org\u00a0\u2013 Recursos did\u00e0ctics visuals de diverses assignatures Ptable\u00a0\u2013 Taula peri\u00f2dica interactiva en [&hellip;]<\/p>\n","protected":false},"author":1,"featured_media":0,"parent":2145,"menu_order":0,"comment_status":"closed","ping_status":"closed","template":"","meta":{"_bbp_topic_count":0,"_bbp_reply_count":0,"_bbp_total_topic_count":0,"_bbp_total_reply_count":0,"_bbp_voice_count":0,"_bbp_anonymous_reply_count":0,"_bbp_topic_count_hidden":0,"_bbp_reply_count_hidden":0,"_bbp_forum_subforum_count":0,"site-sidebar-layout":"default","site-content-layout":"","ast-site-content-layout":"","site-content-style":"default","site-sidebar-style":"default","ast-global-header-display":"","ast-banner-title-visibility":"","ast-main-header-display":"","ast-hfb-above-header-display":"","ast-hfb-below-header-display":"","ast-hfb-mobile-header-display":"","site-post-title":"","ast-breadcrumbs-content":"","ast-featured-img":"","footer-sml-layout":"","theme-transparent-header-meta":"","adv-header-id-meta":"","stick-header-meta":"","header-above-stick-meta":"","header-main-stick-meta":"","header-below-stick-meta":"","astra-migrate-meta-layouts":"default","ast-page-background-enabled":"default","ast-page-background-meta":{"desktop":{"background-color":"var(--ast-global-color-4)","background-image":"","background-repeat":"repeat","background-position":"center center","background-size":"auto","background-attachment":"scroll","background-type":"","background-media":"","overlay-type":"","overlay-color":"","overlay-opacity":"","overlay-gradient":""},"tablet":{"background-color":"","background-image":"","background-repeat":"repeat","background-position":"center center","background-size":"auto","background-attachment":"scroll","background-type":"","background-media":"","overlay-type":"","overlay-color":"","overlay-opacity":"","overlay-gradient":""},"mobile":{"background-color":"","background-image":"","background-repeat":"repeat","background-position":"center center","background-size":"auto","background-attachment":"scroll","background-type":"","background-media":"","overlay-type":"","overlay-color":"","overlay-opacity":"","overlay-gradient":""}},"ast-content-background-meta":{"desktop":{"background-color":"var(--ast-global-color-5)","background-image":"","background-repeat":"repeat","background-position":"center center","background-size":"auto","background-attachment":"scroll","background-type":"","background-media":"","overlay-type":"","overlay-color":"","overlay-opacity":"","overlay-gradient":""},"tablet":{"background-color":"var(--ast-global-color-5)","background-image":"","background-repeat":"repeat","background-position":"center center","background-size":"auto","background-attachment":"scroll","background-type":"","background-media":"","overlay-type":"","overlay-color":"","overlay-opacity":"","overlay-gradient":""},"mobile":{"background-color":"var(--ast-global-color-5)","background-image":"","background-repeat":"repeat","background-position":"center center","background-size":"auto","background-attachment":"scroll","background-type":"","background-media":"","overlay-type":"","overlay-color":"","overlay-opacity":"","overlay-gradient":""}},"footnotes":""},"class_list":["post-2148","page","type-page","status-publish","hentry"],"post_mailing_queue_ids":[],"_links":{"self":[{"href":"https:\/\/agora.xtec.cat\/cfamartipolmanlleu\/wp-json\/wp\/v2\/pages\/2148","targetHints":{"allow":["GET"]}}],"collection":[{"href":"https:\/\/agora.xtec.cat\/cfamartipolmanlleu\/wp-json\/wp\/v2\/pages"}],"about":[{"href":"https:\/\/agora.xtec.cat\/cfamartipolmanlleu\/wp-json\/wp\/v2\/types\/page"}],"author":[{"embeddable":true,"href":"https:\/\/agora.xtec.cat\/cfamartipolmanlleu\/wp-json\/wp\/v2\/users\/1"}],"replies":[{"embeddable":true,"href":"https:\/\/agora.xtec.cat\/cfamartipolmanlleu\/wp-json\/wp\/v2\/comments?post=2148"}],"version-history":[{"count":1,"href":"https:\/\/agora.xtec.cat\/cfamartipolmanlleu\/wp-json\/wp\/v2\/pages\/2148\/revisions"}],"predecessor-version":[{"id":2149,"href":"https:\/\/agora.xtec.cat\/cfamartipolmanlleu\/wp-json\/wp\/v2\/pages\/2148\/revisions\/2149"}],"up":[{"embeddable":true,"href":"https:\/\/agora.xtec.cat\/cfamartipolmanlleu\/wp-json\/wp\/v2\/pages\/2145"}],"wp:attachment":[{"href":"https:\/\/agora.xtec.cat\/cfamartipolmanlleu\/wp-json\/wp\/v2\/media?parent=2148"}],"curies":[{"name":"wp","href":"https:\/\/api.w.org\/{rel}","templated":true}]}}