{"id":2139,"date":"2025-10-30T17:23:01","date_gmt":"2025-10-30T16:23:01","guid":{"rendered":"https:\/\/agora.xtec.cat\/cfamartipolmanlleu\/?page_id=2139"},"modified":"2026-02-25T11:47:38","modified_gmt":"2026-02-25T10:47:38","slug":"competic-actic","status":"publish","type":"page","link":"https:\/\/agora.xtec.cat\/cfamartipolmanlleu\/recursos\/competic-actic\/","title":{"rendered":"Recursos COMPETIC \/ ACTIC"},"content":{"rendered":"<h2>Explicacions en v\u00eddeo\u00a0i videotutorials:<\/h2>\n<h3 id=\"h.7gz0ueutd1ev\"><span style=\"font-family: inherit; font-size: 1em;\">ACTIC \/ COMPETIC Compet\u00e8ncies 1-3<\/span><\/h3>\n<ul>\n<li dir=\"ltr\" role=\"presentation\"><a href=\"https:\/\/www.youtube.com\/playlist?list=PLxnWKQewqU9gukTKmdwXKA-I0GgH6-001\" target=\"_blank\" rel=\"noopener\">Curs de Windows<\/a><\/li>\n<li dir=\"ltr\" role=\"presentation\"><a href=\"https:\/\/www.youtube.com\/playlist?list=PLxnWKQewqU9jbdEoeJaY46EebjBMx823p\" target=\"_blank\" rel=\"noopener\">Curs d\u2019introducci\u00f3 a internet<\/a><\/li>\n<li dir=\"ltr\" role=\"presentation\"><a href=\"https:\/\/www.youtube.com\/playlist?list=PLxnWKQewqU9iH-lNlr-Ny79oaqMaBNp70\" target=\"_blank\" rel=\"noopener\">Curs de correu electr\u00f2nic<\/a><\/li>\n<li dir=\"ltr\" role=\"presentation\"><a href=\"https:\/\/www.youtube.com\/playlist?list=PLxnWKQewqU9jjgCxVREU_f9oHRUohZPZW\">Curs de Google Drive<\/a><\/li>\n<li dir=\"ltr\" role=\"presentation\"><a href=\"https:\/\/www.youtube.com\/playlist?list=PLxnWKQewqU9jMyAHg_Gsr0hrqn3yuW49i\" target=\"_blank\" rel=\"noopener\">Curs de Youtube<\/a><\/li>\n<li dir=\"ltr\" role=\"presentation\"><a href=\"https:\/\/www.youtube.com\/playlist?list=PLxnWKQewqU9iZBVRgFg3RrzRimgYJQLYi\">Curs de mapes i calendaris de Google<\/a><\/li>\n<\/ul>\n<h3 id=\"h.u89f3fc85q16\">ACTIC \/ COMPETIC C4: Edici\u00f3 de text<\/h3>\n<ul>\n<li><a href=\"https:\/\/www.youtube.com\/playlist?list=PLxnWKQewqU9jcGm9ZYQOcRWntuusZrdRQ\" target=\"_blank\" rel=\"noopener\">Curs de LibreOffice Writer<\/a><\/li>\n<li dir=\"ltr\" role=\"presentation\"><a href=\"https:\/\/www.youtube.com\/playlist?list=PLxnWKQewqU9jfV73x_OHya-nTj0WmOqbw\" target=\"_blank\" rel=\"noopener\">Curs de Microsoft Word<\/a><\/li>\n<li dir=\"ltr\" role=\"presentation\"><a href=\"https:\/\/www.youtube.com\/playlist?list=PLxnWKQewqU9h7NENVF9RPUvLCXqYDl2nI\" target=\"_blank\" rel=\"noopener\">Curs de Google Docs<\/a><\/li>\n<li dir=\"ltr\" role=\"presentation\"><a href=\"https:\/\/www.youtube.com\/playlist?list=PLxnWKQewqU9jBl3UV7TsOSg8pesyr-CaH\" target=\"_blank\" rel=\"noopener\">Curs de Formularis de Google<\/a><\/li>\n<\/ul>\n<h3 id=\"h.ti0mvg8v6vvq\"><span style=\"font-family: inherit; font-size: 1em;\">ACTIC \/ COMPETIC C5: Edici\u00f3 d\u2019imatge, so i v\u00eddeo<\/span><\/h3>\n<ul>\n<li dir=\"ltr\" role=\"presentation\"><a href=\"https:\/\/www.youtube.com\/playlist?list=PLxnWKQewqU9ir4yCPmuMoUOqabiHAu56-\" target=\"_blank\" rel=\"noopener\">Curs d\u2019edici\u00f3 d\u2019imatge amb Gimp<\/a><\/li>\n<li dir=\"ltr\" role=\"presentation\"><a href=\"https:\/\/www.youtube.com\/playlist?list=PLxnWKQewqU9j7FlfKolHSvOHrsAvFTnmo\" target=\"_blank\" rel=\"noopener\">Curs d\u2019edici\u00f3 de v\u00eddeo amb Openshot<\/a><\/li>\n<li dir=\"ltr\" role=\"presentation\"><a href=\"https:\/\/www.youtube.com\/playlist?list=PLxnWKQewqU9iG9XcLEO0pXXvUyzEVYwJd\" target=\"_blank\" rel=\"noopener\">Curs d\u2019edici\u00f3 de so amb Audacity<\/a><\/li>\n<\/ul>\n<div>\n<h3>ACTIC \/ COMPETIC C6: Fulls de c\u00e0lcul<\/h3>\n<\/div>\n<ul>\n<li dir=\"ltr\" role=\"presentation\"><a href=\"https:\/\/www.youtube.com\/playlist?list=PLxnWKQewqU9iVke0scQl29d7p0-YBed6w\" target=\"_blank\" rel=\"noopener\">Curs de Microsoft Excel<\/a><\/li>\n<li dir=\"ltr\" role=\"presentation\"><a href=\"https:\/\/www.youtube.com\/playlist?list=PLxnWKQewqU9gJ31LAJ7G8aLTqmyr8ZqPA\" target=\"_blank\" rel=\"noopener\">Curs de fulls de c\u00e0lcul de Google<\/a><\/li>\n<li dir=\"ltr\" role=\"presentation\"><a href=\"https:\/\/www.youtube.com\/playlist?list=PLxnWKQewqU9iRjDQV8e25uh8Ms_hHqchx\" target=\"_blank\" rel=\"noopener\">Curs de LibreOffice Calc<\/a><\/li>\n<\/ul>\n<h3 id=\"h.dis5ei4o9yn6\"><span style=\"font-family: inherit; font-size: 1em;\">ACTIC \/ COMPETIC C7: Bases de dades<\/span><\/h3>\n<ul>\n<li dir=\"ltr\" role=\"presentation\"><a href=\"https:\/\/www.youtube.com\/playlist?list=PLxnWKQewqU9gbqSO74oQRT4t76Gx7AisX\" target=\"_blank\" rel=\"noopener\">Curs de Microsoft Access<\/a><\/li>\n<li dir=\"ltr\" role=\"presentation\"><a href=\"https:\/\/www.youtube.com\/playlist?list=PLxnWKQewqU9inQbW1w3GB9pJG1rt3Q65r\" target=\"_blank\" rel=\"noopener\">Curs de LibreOffice Base<\/a><\/li>\n<\/ul>\n<h3 id=\"h.wfdz5cfgca9e\"><span style=\"font-family: inherit; font-size: 1em;\">ACTIC \/ COMPETIC C8: Presentacions de diapositives<\/span><\/h3>\n<ul>\n<li dir=\"ltr\" role=\"presentation\"><a href=\"https:\/\/www.youtube.com\/playlist?list=PLxnWKQewqU9jDAbf88fRuqNubG1bI-q5G\">Curs de Libreoffice Impress<\/a><\/li>\n<li dir=\"ltr\" role=\"presentation\"><a href=\"https:\/\/www.youtube.com\/playlist?list=PLxnWKQewqU9iZd4_1uNtBBIlIcyhgZAX7\" target=\"_blank\" rel=\"noopener\">Curs de PowerPoint<\/a><\/li>\n<li dir=\"ltr\" role=\"presentation\"><a href=\"https:\/\/www.youtube.com\/playlist?list=PLxnWKQewqU9g93hZhdl8Sm2ppQKmqH4c5\" target=\"_blank\" rel=\"noopener\">Curs de Presentacions de Google<\/a><\/li>\n<\/ul>\n<h3 id=\"h.c85nwnzi9kf1\"><span style=\"font-family: inherit; font-size: 1em;\">Resolucions guiades de Projectes de COMPETIC de cursos anteriors:<\/span><\/h3>\n<ul>\n<li dir=\"ltr\" role=\"presentation\"><a href=\"https:\/\/www.youtube.com\/playlist?list=PLxnWKQewqU9iT9KbLvBjXf6TIwbXMGb42\" target=\"_blank\" rel=\"noopener\">Projecte de COMPETIC 1 del curs 2022-2023<\/a><\/li>\n<li dir=\"ltr\" role=\"presentation\"><a href=\"https:\/\/www.youtube.com\/playlist?list=PLxnWKQewqU9iYIw4T1VdplBlDjxLTWzCL\" target=\"_blank\" rel=\"noopener\">Projecte de COMPETIC 2 del curs 2024-2025<\/a><\/li>\n<li><a href=\"https:\/\/www.youtube.com\/playlist?list=PLxnWKQewqU9hJ3JICPrGAUY533RZaD_yw\" target=\"_blank\" rel=\"noopener\">Projecte de COMPETIC 2 del curs 2023-2024<\/a><\/li>\n<li><a href=\"https:\/\/www.youtube.com\/playlist?list=PLxnWKQewqU9gm4X0N2vQ0DPnVqFG0T528\" target=\"_blank\" rel=\"noopener\">Projecte de COMPETIC 3 Compet\u00e8ncia 4 del curs 24-25<\/a><\/li>\n<li dir=\"ltr\" role=\"presentation\"><a href=\"https:\/\/www.youtube.com\/playlist?list=PLxnWKQewqU9hgrXjdTN58GU2IoiZF8A1x\" target=\"_blank\" rel=\"noopener\">Projecte de COMPETIC 3 Compet\u00e8ncia 4 del curs 23-24<\/a><\/li>\n<li dir=\"ltr\" role=\"presentation\"><a href=\"https:\/\/www.youtube.com\/playlist?list=PLxnWKQewqU9g9Ys8z5N2SBA74i5ZOiP3r\" target=\"_blank\" rel=\"noopener\">Projecte de COMPETIC 3 Compet\u00e8ncia 5 del curs 22-23<\/a><\/li>\n<li dir=\"ltr\" role=\"presentation\"><a href=\"https:\/\/www.youtube.com\/playlist?list=PLxnWKQewqU9hGtS9kdOxLZrsxur6rJYCR\" target=\"_blank\" rel=\"noopener\">Projecte de COMPETIC 3 Compet\u00e8ncia 6 del curs 22-23<\/a><\/li>\n<li dir=\"ltr\" role=\"presentation\"><a href=\"https:\/\/www.youtube.com\/playlist?list=PLxnWKQewqU9j9WRbGAFd7X297avpC-4Tf\">Projecte de COMPETIC 3 Compet\u00e8ncia 8 del curs 24-25<\/a><\/li>\n<\/ul>\n<h3>Altres presentacions i videotutorials:<\/h3>\n<ul>\n<li dir=\"ltr\" role=\"presentation\"><a href=\"https:\/\/www.youtube.com\/playlist?list=PLxnWKQewqU9iykhAQEwJtIOuWiBl6Itfg\" target=\"_blank\" rel=\"noopener\">Cursos de COMPETIC i escoles d\u2019adults<\/a><\/li>\n<li dir=\"ltr\" role=\"presentation\"><a href=\"https:\/\/www.youtube.com\/playlist?list=PLxnWKQewqU9gQtVnMlB1OIvoOuu1UWLqV\" target=\"_blank\" rel=\"noopener\">Certificats ACTIC i com preparar-los per aprovar<\/a><\/li>\n<li dir=\"ltr\" role=\"presentation\"><a href=\"https:\/\/www.youtube.com\/playlist?list=PLxnWKQewqU9hwL0IRNb1mAFF8BAyKymG_\" target=\"_blank\" rel=\"noopener\">Compet\u00e8ncia digital: DigComp, CDA i CDD<\/a><\/li>\n<li dir=\"ltr\" role=\"presentation\"><a href=\"https:\/\/www.youtube.com\/playlist?list=PLxnWKQewqU9gkEZOuaxiWqY5uzE0csKH6\" target=\"_blank\" rel=\"noopener\">Recursos educatius<\/a><\/li>\n<li dir=\"ltr\" role=\"presentation\"><a href=\"https:\/\/www.youtube.com\/playlist?list=PLxnWKQewqU9jfrdcr_4xut5ybhQhyuze9\" target=\"_blank\" rel=\"noopener\">Curs de Moodle<\/a><\/li>\n<\/ul>\n<h2 id=\"h.l8m3s7chhpii\"><span style=\"font-family: inherit; font-size: 1em;\">Altres recursos:<\/span><\/h2>\n<ul>\n<li dir=\"ltr\" role=\"presentation\"><a href=\"https:\/\/sites.google.com\/view\/xavieragueda\/tic\/programari-lliure\">Programari lliure<\/a>\u00a0&#8211; Enlla\u00e7os a les p\u00e0gines oficials des de les que descarregar programes gratu\u00efts<\/li>\n<li dir=\"ltr\" role=\"presentation\"><a href=\"https:\/\/listocomics.com\/wp-content\/uploads\/Dossier-COMPETIC.pdf\" target=\"_blank\" rel=\"noopener\">Dossier de COMPETIC<\/a>\u00a0&#8211; Activitats guiades pas a pas, ordenades per compet\u00e8ncies<\/li>\n<li dir=\"ltr\" role=\"presentation\"><a href=\"https:\/\/sites.google.com\/view\/xavieragueda\/tic\/acr%C3%B2nims-tictac\">Acr\u00f2nims de les TIC, les TAC, l\u2019educaci\u00f3 i l\u2019ensenyament<\/a>\u00a0&#8211; Si ens en falta algun, aviseu que l&#8217;afegirem<\/li>\n<li dir=\"ltr\" role=\"presentation\"><a href=\"https:\/\/sites.google.com\/view\/xavieragueda\/tic\/microsoft-office\/els-noms-de-les-funcions-dexcel-en-catal%C3%A0-castell%C3%A0-i-angl%C3%A8s\">Els noms de les funcions d&#8217;Excel en catal\u00e0, castell\u00e0 i angl\u00e8s\u00a0<\/a>&#8211; Per no tornar a confondre MITJANA() amb MEDIANA()<\/li>\n<li dir=\"ltr\" role=\"presentation\"><a href=\"https:\/\/www.excel.cat\/\" target=\"_blank\" rel=\"noopener\">Excel.cat<\/a>\u00a0&#8211; Tot sobre Excel en catal\u00e0<\/li>\n<li dir=\"ltr\" role=\"presentation\"><a href=\"https:\/\/www.daypo.com\/buscar.php?t=Actic&amp;c=0&amp;o=1\" target=\"_blank\" rel=\"noopener\">Daypo<\/a>\u00a0&#8211; Tests online per preparar la prova d&#8217;ACTIC de tots els nivells<\/li>\n<li dir=\"ltr\" role=\"presentation\"><a href=\"https:\/\/alfabetitzaciodigital.societatdelainformacio.com\/ca\/\" target=\"_blank\" rel=\"noopener\">Alfabetitzaci\u00f3 digital<\/a>\u00a0&#8211; Activitats online de Jordi Barreda<\/li>\n<li dir=\"ltr\" role=\"presentation\"><a href=\"https:\/\/francesctarongers.wordpress.com\/\" target=\"_blank\" rel=\"noopener\">Recursos per la formaci\u00f3 d&#8217;adults<\/a>\u00a0&#8211; Recursos per Inform\u00e0tica, Catal\u00e0 i Formaci\u00f3 Instrumental de Francesc Iglesias<\/li>\n<li dir=\"ltr\" role=\"presentation\"><a href=\"https:\/\/sites.google.com\/view\/preparacio-actic-mitja\" target=\"_blank\" rel=\"noopener\">Preparaci\u00f3 de l&#8217;ACTIC Mitj\u00e0<\/a>\u00a0&#8211; Sites de N\u00faria Aymerich<\/li>\n<li dir=\"ltr\" role=\"presentation\"><a href=\"https:\/\/www.youtube.com\/@joanpadros\">Canal de Youtube de Joan Padr\u00f3s<\/a> &#8211; del CFA Palau de Mar<\/li>\n<li dir=\"ltr\" role=\"presentation\"><a href=\"https:\/\/sites.google.com\/view\/tallerstic\" target=\"_blank\" rel=\"noopener\">Tallers TIC<\/a>\u00a0&#8211; Sites de d&#8217;H\u00e8ctor Gonz\u00e0lvez<\/li>\n<li dir=\"ltr\" role=\"presentation\"><a href=\"http:\/\/ateneu.xtec.cat\/wikiform\/wikiexport\/pas\/index\" target=\"_blank\" rel=\"noopener\">Cursos Ateneu d&#8217;ACTIC<\/a>\u00a0&#8211; Nivells b\u00e0sic, mitj\u00e0 i avan\u00e7at<\/li>\n<li dir=\"ltr\" role=\"presentation\"><a href=\"https:\/\/actic.blanes.cat\/materials-formatius-de-lactic-en-format-pdf\/\" target=\"_blank\" rel=\"noopener\">Materials formatius de l\u2019ACTIC en format PDF<\/a>\u00a0&#8211; Ajuntament de Blanes<\/li>\n<li dir=\"ltr\" role=\"presentation\"><a href=\"https:\/\/cibernarium.barcelonactiva.cat\/ca\/w\/curs-online-per-preparar-la-prova-actic\" target=\"_blank\" rel=\"noopener\">Cursos del Cibern\u00e0rium<\/a>\u00a0&#8211; Cursos online gratu\u00efts per preparar l&#8217;ACTIC<\/li>\n<li dir=\"ltr\" role=\"presentation\"><a href=\"https:\/\/formados.bilib.es\/course\/index.php?categoryid=14\" target=\"_blank\" rel=\"noopener\">Formaci\u00f3n del Centro de Desarrollo de Competencias Digitales en Castilla-La Mancha<\/a>\u00a0&#8211; Plataforma online gratu\u00efta<\/li>\n<li dir=\"ltr\" role=\"presentation\"><a href=\"https:\/\/temari.examenactic.cat\/\" target=\"_blank\" rel=\"noopener\">Temari ACTIC Mitj\u00e0<\/a>\u00a0&#8211; Desenvolupat per la plataforma ExamenacTIC<\/li>\n<li dir=\"ltr\" role=\"presentation\"><a href=\"https:\/\/projectes.xtec.cat\/xarxadults\/ensenyaments\/nivells\/propostes-pedagogiques-i-orientacions\/\" target=\"_blank\" rel=\"noopener\">Curr\u00edculum, propostes pedag\u00f2giques i orientacions per COMPETIC<\/a>\u00a0&#8211; Servei d&#8217;educaci\u00f3 al llarg de la vida<\/li>\n<li dir=\"ltr\" role=\"presentation\"><a href=\"https:\/\/sites.google.com\/ibsteam.cat\/competencia-digital-docent\/inici?authuser=0\" target=\"_blank\" rel=\"noopener\">Curs de Compet\u00e8ncia Digital Docent\u00a0<\/a>&#8211; Google Sites de l&#8217;IBSTEAM, molt complert, amb molts recursos<\/li>\n<li dir=\"ltr\" role=\"presentation\"><a href=\"https:\/\/xelu.net\/html\/materials\/materials_fitxa.php?materials_ID=17&amp;idioma=catala\" target=\"_blank\" rel=\"noopener\">Internet i correu electr\u00f2nic<\/a>\u00a0&#8211; PDFs amb exercicis introductoris del Xevi Vilardell al Xelu<\/li>\n<li dir=\"ltr\" role=\"presentation\"><a href=\"https:\/\/sites.google.com\/cfalacooperativa.cat\/competicinicial\/temes-tractats-i-material\" target=\"_blank\" rel=\"noopener\">Temes tractats i material de COMPETIC INICIAL<\/a>\u00a0&#8211; Google Sites del Xevi Fabr\u00e9, del CFA La Cooperativa de Torell\u00f3<\/li>\n<li dir=\"ltr\" role=\"presentation\"><a href=\"https:\/\/projectes.xtec.cat\/xarxadults\/ensenyaments\/nivells\/projectes\/\" target=\"_blank\" rel=\"noopener\">Projectes COMPETIC<\/a>\u00a0&#8211; Per entrenar fent els dels cursos anteriors<\/li>\n<\/ul>\n<h3 id=\"h.1nwaxenj0gxa\"><span style=\"font-family: inherit; font-size: 1em;\">Punts de trobada:<\/span><\/h3>\n<ul>\n<li dir=\"ltr\" role=\"presentation\"><a href=\"https:\/\/www.reddit.com\/r\/competic\/\">Reddit COMPETIC \/ ACTIC<\/a> &#8211; Subreddit en el que compartir recursos i ajuda m\u00fatua<\/li>\n<li dir=\"ltr\" role=\"presentation\"><a href=\"http:\/\/t.me\/competic\" target=\"_blank\" rel=\"noopener\">Grup de Telegram de COMPETIC \/ ACTIC<\/a> &#8211; Un xat en el que compartir recursos i ajuda m\u00fatua<\/li>\n<li dir=\"ltr\" role=\"presentation\"><a href=\"https:\/\/comunitat.edigital.cat\/\" target=\"_blank\" rel=\"noopener\">Nus<\/a>\u00a0&#8211; F\u00f2rum de conversa i col\u00b7laboraci\u00f3 per a docents<\/li>\n<li dir=\"ltr\" role=\"presentation\"><a href=\"https:\/\/educaciodigital.cat\/moodle\/moodle\/mod\/forum\/view.php?id=1721\" target=\"_blank\" rel=\"noopener\">F\u00f2rum \u00c0gora-Nodes<\/a>\u00a0&#8211; F\u00f2rum de suport amb les webs de centre<\/li>\n<li dir=\"ltr\" role=\"presentation\"><a href=\"https:\/\/educaciodigital.cat\/moodle\/moodle\/mod\/forum\/view.php?id=181\" target=\"_blank\" rel=\"noopener\">F\u00f2rum \u00c0gora-Moodle<\/a>\u00a0&#8211; F\u00f2rum de suport amb l&#8217;entorn virtual d&#8217;aprenentatge Moodle<\/li>\n<\/ul>\n","protected":false},"excerpt":{"rendered":"<p>Explicacions en v\u00eddeo\u00a0i videotutorials: ACTIC \/ COMPETIC Compet\u00e8ncies 1-3 Curs de Windows Curs d\u2019introducci\u00f3 a internet Curs de correu electr\u00f2nic Curs de Google Drive Curs de Youtube Curs de mapes i calendaris de Google ACTIC \/ COMPETIC C4: Edici\u00f3 de text Curs de LibreOffice Writer Curs de Microsoft Word Curs de Google Docs Curs de [&hellip;]<\/p>\n","protected":false},"author":1,"featured_media":0,"parent":2145,"menu_order":0,"comment_status":"closed","ping_status":"closed","template":"","meta":{"_bbp_topic_count":0,"_bbp_reply_count":0,"_bbp_total_topic_count":0,"_bbp_total_reply_count":0,"_bbp_voice_count":0,"_bbp_anonymous_reply_count":0,"_bbp_topic_count_hidden":0,"_bbp_reply_count_hidden":0,"_bbp_forum_subforum_count":0,"site-sidebar-layout":"default","site-content-layout":"","ast-site-content-layout":"default","site-content-style":"default","site-sidebar-style":"default","ast-global-header-display":"","ast-banner-title-visibility":"","ast-main-header-display":"","ast-hfb-above-header-display":"","ast-hfb-below-header-display":"","ast-hfb-mobile-header-display":"","site-post-title":"","ast-breadcrumbs-content":"","ast-featured-img":"","footer-sml-layout":"","theme-transparent-header-meta":"default","adv-header-id-meta":"","stick-header-meta":"","header-above-stick-meta":"","header-main-stick-meta":"","header-below-stick-meta":"","astra-migrate-meta-layouts":"set","ast-page-background-enabled":"default","ast-page-background-meta":{"desktop":{"background-color":"var(--ast-global-color-4)","background-image":"","background-repeat":"repeat","background-position":"center center","background-size":"auto","background-attachment":"scroll","background-type":"","background-media":"","overlay-type":"","overlay-color":"","overlay-opacity":"","overlay-gradient":""},"tablet":{"background-color":"","background-image":"","background-repeat":"repeat","background-position":"center center","background-size":"auto","background-attachment":"scroll","background-type":"","background-media":"","overlay-type":"","overlay-color":"","overlay-opacity":"","overlay-gradient":""},"mobile":{"background-color":"","background-image":"","background-repeat":"repeat","background-position":"center center","background-size":"auto","background-attachment":"scroll","background-type":"","background-media":"","overlay-type":"","overlay-color":"","overlay-opacity":"","overlay-gradient":""}},"ast-content-background-meta":{"desktop":{"background-color":"var(--ast-global-color-5)","background-image":"","background-repeat":"repeat","background-position":"center center","background-size":"auto","background-attachment":"scroll","background-type":"","background-media":"","overlay-type":"","overlay-color":"","overlay-opacity":"","overlay-gradient":""},"tablet":{"background-color":"var(--ast-global-color-5)","background-image":"","background-repeat":"repeat","background-position":"center center","background-size":"auto","background-attachment":"scroll","background-type":"","background-media":"","overlay-type":"","overlay-color":"","overlay-opacity":"","overlay-gradient":""},"mobile":{"background-color":"var(--ast-global-color-5)","background-image":"","background-repeat":"repeat","background-position":"center center","background-size":"auto","background-attachment":"scroll","background-type":"","background-media":"","overlay-type":"","overlay-color":"","overlay-opacity":"","overlay-gradient":""}},"footnotes":""},"class_list":["post-2139","page","type-page","status-publish","hentry"],"post_mailing_queue_ids":[],"_links":{"self":[{"href":"https:\/\/agora.xtec.cat\/cfamartipolmanlleu\/wp-json\/wp\/v2\/pages\/2139","targetHints":{"allow":["GET"]}}],"collection":[{"href":"https:\/\/agora.xtec.cat\/cfamartipolmanlleu\/wp-json\/wp\/v2\/pages"}],"about":[{"href":"https:\/\/agora.xtec.cat\/cfamartipolmanlleu\/wp-json\/wp\/v2\/types\/page"}],"author":[{"embeddable":true,"href":"https:\/\/agora.xtec.cat\/cfamartipolmanlleu\/wp-json\/wp\/v2\/users\/1"}],"replies":[{"embeddable":true,"href":"https:\/\/agora.xtec.cat\/cfamartipolmanlleu\/wp-json\/wp\/v2\/comments?post=2139"}],"version-history":[{"count":6,"href":"https:\/\/agora.xtec.cat\/cfamartipolmanlleu\/wp-json\/wp\/v2\/pages\/2139\/revisions"}],"predecessor-version":[{"id":2466,"href":"https:\/\/agora.xtec.cat\/cfamartipolmanlleu\/wp-json\/wp\/v2\/pages\/2139\/revisions\/2466"}],"up":[{"embeddable":true,"href":"https:\/\/agora.xtec.cat\/cfamartipolmanlleu\/wp-json\/wp\/v2\/pages\/2145"}],"wp:attachment":[{"href":"https:\/\/agora.xtec.cat\/cfamartipolmanlleu\/wp-json\/wp\/v2\/media?parent=2139"}],"curies":[{"name":"wp","href":"https:\/\/api.w.org\/{rel}","templated":true}]}}