{"id":730,"date":"2016-06-13T14:48:53","date_gmt":"2016-06-13T13:48:53","guid":{"rendered":"http:\/\/agora.xtec.cat\/cfamarinada\/?page_id=730"},"modified":"2022-12-21T15:21:32","modified_gmt":"2022-12-21T14:21:32","slug":"english-class-2015-2016","status":"publish","type":"page","link":"https:\/\/agora.xtec.cat\/cfamarinada\/galeria-fotografica\/english-class-2015-2016\/","title":{"rendered":"Taller de fang desembre 2022"},"content":{"rendered":"<p>Ha arribat el Nadal i a l\u2019escola, un any m\u00e9s, hem volgut compartir l\u2019esperit nadalenc amb els<br \/>\nnostres alumnes. Alguns d\u2019aqu\u00ed, per\u00f2 molts d\u2019arreu del m\u00f3n, hem estat investigant quines<br \/>\nemocions ens porta el Nadal fins a trobar-ne d\u2019universals a totes les celebracions. I la paraula<br \/>\nque m\u00e9s ha sorgit \u00e9s la de FAM\u00cdLIA. Qu\u00e8 significa la fam\u00edlia? Per a l&#8217;alumnat \u00e9s trobar-se amb la fam\u00edlia al voltant d\u2019una taula amb menjar, all\u00f2 que tenim en com\u00fa, el sentiment d\u2019estima, d\u2019alegria i de pertinen\u00e7a que aix\u00f2 comporta.<br \/>\nAquest any, doncs, hem reflexionat entorn la paraula FAM\u00cdLIA i hem fet propostes de treball<br \/>\namb aquesta paraula com a eix central. Aix\u00ed, cada alumne\/a ha triat una fotografia d\u2019alguna<br \/>\ncelebraci\u00f3 familiar i ha escrit les emocions que sentia i el que simbolitzava aquella trobada per a ell\/a.<\/p>\n<p><a href=\"https:\/\/agora.xtec.cat\/cfamarinada\/wp-content\/uploads\/usu256\/2022\/12\/IMG-20221219-WA0033.jpg\"><img loading=\"lazy\" decoding=\"async\" class=\"alignnone size-medium wp-image-1370\" src=\"https:\/\/agora.xtec.cat\/cfamarinada\/wp-content\/uploads\/usu256\/2022\/12\/IMG-20221219-WA0033-300x225.jpg\" alt=\"\" width=\"300\" height=\"225\" srcset=\"https:\/\/agora.xtec.cat\/cfamarinada\/wp-content\/uploads\/usu256\/2022\/12\/IMG-20221219-WA0033-300x225.jpg 300w, https:\/\/agora.xtec.cat\/cfamarinada\/wp-content\/uploads\/usu256\/2022\/12\/IMG-20221219-WA0033-1024x768.jpg 1024w, https:\/\/agora.xtec.cat\/cfamarinada\/wp-content\/uploads\/usu256\/2022\/12\/IMG-20221219-WA0033-768x576.jpg 768w, https:\/\/agora.xtec.cat\/cfamarinada\/wp-content\/uploads\/usu256\/2022\/12\/IMG-20221219-WA0033-1536x1152.jpg 1536w, https:\/\/agora.xtec.cat\/cfamarinada\/wp-content\/uploads\/usu256\/2022\/12\/IMG-20221219-WA0033-200x150.jpg 200w, https:\/\/agora.xtec.cat\/cfamarinada\/wp-content\/uploads\/usu256\/2022\/12\/IMG-20221219-WA0033.jpg 2000w\" sizes=\"auto, (max-width: 300px) 100vw, 300px\" \/><\/a> <a href=\"https:\/\/agora.xtec.cat\/cfamarinada\/wp-content\/uploads\/usu256\/2022\/12\/IMG-20221219-WA0053.jpg\"><img loading=\"lazy\" decoding=\"async\" class=\"alignnone size-medium wp-image-1371\" src=\"https:\/\/agora.xtec.cat\/cfamarinada\/wp-content\/uploads\/usu256\/2022\/12\/IMG-20221219-WA0053-225x300.jpg\" alt=\"\" width=\"225\" height=\"300\" srcset=\"https:\/\/agora.xtec.cat\/cfamarinada\/wp-content\/uploads\/usu256\/2022\/12\/IMG-20221219-WA0053-225x300.jpg 225w, https:\/\/agora.xtec.cat\/cfamarinada\/wp-content\/uploads\/usu256\/2022\/12\/IMG-20221219-WA0053-768x1024.jpg 768w, https:\/\/agora.xtec.cat\/cfamarinada\/wp-content\/uploads\/usu256\/2022\/12\/IMG-20221219-WA0053-1152x1536.jpg 1152w, https:\/\/agora.xtec.cat\/cfamarinada\/wp-content\/uploads\/usu256\/2022\/12\/IMG-20221219-WA0053.jpg 1500w\" sizes=\"auto, (max-width: 225px) 100vw, 225px\" \/><\/a> <a href=\"https:\/\/agora.xtec.cat\/cfamarinada\/wp-content\/uploads\/usu256\/2022\/12\/IMG-20221219-WA0046.jpg\"><img loading=\"lazy\" decoding=\"async\" class=\"alignnone size-medium wp-image-1373\" src=\"https:\/\/agora.xtec.cat\/cfamarinada\/wp-content\/uploads\/usu256\/2022\/12\/IMG-20221219-WA0046-300x225.jpg\" alt=\"\" width=\"300\" height=\"225\" srcset=\"https:\/\/agora.xtec.cat\/cfamarinada\/wp-content\/uploads\/usu256\/2022\/12\/IMG-20221219-WA0046-300x225.jpg 300w, https:\/\/agora.xtec.cat\/cfamarinada\/wp-content\/uploads\/usu256\/2022\/12\/IMG-20221219-WA0046-1024x768.jpg 1024w, https:\/\/agora.xtec.cat\/cfamarinada\/wp-content\/uploads\/usu256\/2022\/12\/IMG-20221219-WA0046-768x576.jpg 768w, https:\/\/agora.xtec.cat\/cfamarinada\/wp-content\/uploads\/usu256\/2022\/12\/IMG-20221219-WA0046-1536x1152.jpg 1536w, https:\/\/agora.xtec.cat\/cfamarinada\/wp-content\/uploads\/usu256\/2022\/12\/IMG-20221219-WA0046-200x150.jpg 200w, https:\/\/agora.xtec.cat\/cfamarinada\/wp-content\/uploads\/usu256\/2022\/12\/IMG-20221219-WA0046.jpg 2000w\" sizes=\"auto, (max-width: 300px) 100vw, 300px\" \/><\/a> <a href=\"https:\/\/agora.xtec.cat\/cfamarinada\/wp-content\/uploads\/usu256\/2022\/12\/IMG-20221220-WA0007.jpg\"><img loading=\"lazy\" decoding=\"async\" class=\"alignnone size-medium wp-image-1375\" src=\"https:\/\/agora.xtec.cat\/cfamarinada\/wp-content\/uploads\/usu256\/2022\/12\/IMG-20221220-WA0007-225x300.jpg\" alt=\"\" width=\"225\" height=\"300\" srcset=\"https:\/\/agora.xtec.cat\/cfamarinada\/wp-content\/uploads\/usu256\/2022\/12\/IMG-20221220-WA0007-225x300.jpg 225w, https:\/\/agora.xtec.cat\/cfamarinada\/wp-content\/uploads\/usu256\/2022\/12\/IMG-20221220-WA0007-768x1024.jpg 768w, https:\/\/agora.xtec.cat\/cfamarinada\/wp-content\/uploads\/usu256\/2022\/12\/IMG-20221220-WA0007-1152x1536.jpg 1152w, https:\/\/agora.xtec.cat\/cfamarinada\/wp-content\/uploads\/usu256\/2022\/12\/IMG-20221220-WA0007.jpg 1200w\" sizes=\"auto, (max-width: 225px) 100vw, 225px\" \/><\/a><a href=\"https:\/\/agora.xtec.cat\/cfamarinada\/wp-content\/uploads\/usu256\/2022\/12\/IMG-20221219-WA0052.jpg\"><img loading=\"lazy\" decoding=\"async\" class=\"alignnone size-medium wp-image-1372\" src=\"https:\/\/agora.xtec.cat\/cfamarinada\/wp-content\/uploads\/usu256\/2022\/12\/IMG-20221219-WA0052-225x300.jpg\" alt=\"\" width=\"225\" height=\"300\" srcset=\"https:\/\/agora.xtec.cat\/cfamarinada\/wp-content\/uploads\/usu256\/2022\/12\/IMG-20221219-WA0052-225x300.jpg 225w, https:\/\/agora.xtec.cat\/cfamarinada\/wp-content\/uploads\/usu256\/2022\/12\/IMG-20221219-WA0052-768x1024.jpg 768w, https:\/\/agora.xtec.cat\/cfamarinada\/wp-content\/uploads\/usu256\/2022\/12\/IMG-20221219-WA0052-1152x1536.jpg 1152w, https:\/\/agora.xtec.cat\/cfamarinada\/wp-content\/uploads\/usu256\/2022\/12\/IMG-20221219-WA0052.jpg 1500w\" sizes=\"auto, (max-width: 225px) 100vw, 225px\" \/><\/a> <a href=\"https:\/\/agora.xtec.cat\/cfamarinada\/wp-content\/uploads\/usu256\/2022\/12\/IMG-20221219-WA0049.jpg\"><img loading=\"lazy\" decoding=\"async\" class=\"alignnone size-medium wp-image-1374\" src=\"https:\/\/agora.xtec.cat\/cfamarinada\/wp-content\/uploads\/usu256\/2022\/12\/IMG-20221219-WA0049-225x300.jpg\" alt=\"\" width=\"225\" height=\"300\" srcset=\"https:\/\/agora.xtec.cat\/cfamarinada\/wp-content\/uploads\/usu256\/2022\/12\/IMG-20221219-WA0049-225x300.jpg 225w, https:\/\/agora.xtec.cat\/cfamarinada\/wp-content\/uploads\/usu256\/2022\/12\/IMG-20221219-WA0049-768x1024.jpg 768w, https:\/\/agora.xtec.cat\/cfamarinada\/wp-content\/uploads\/usu256\/2022\/12\/IMG-20221219-WA0049-1152x1536.jpg 1152w, https:\/\/agora.xtec.cat\/cfamarinada\/wp-content\/uploads\/usu256\/2022\/12\/IMG-20221219-WA0049.jpg 1500w\" sizes=\"auto, (max-width: 225px) 100vw, 225px\" \/><\/a><a href=\"https:\/\/agora.xtec.cat\/cfamarinada\/wp-content\/uploads\/usu256\/2022\/12\/IMG-20221219-WA0051.jpg\"><img loading=\"lazy\" decoding=\"async\" class=\"alignnone size-medium wp-image-1377\" src=\"https:\/\/agora.xtec.cat\/cfamarinada\/wp-content\/uploads\/usu256\/2022\/12\/IMG-20221219-WA0051-300x225.jpg\" alt=\"\" width=\"300\" height=\"225\" srcset=\"https:\/\/agora.xtec.cat\/cfamarinada\/wp-content\/uploads\/usu256\/2022\/12\/IMG-20221219-WA0051-300x225.jpg 300w, https:\/\/agora.xtec.cat\/cfamarinada\/wp-content\/uploads\/usu256\/2022\/12\/IMG-20221219-WA0051-1024x768.jpg 1024w, https:\/\/agora.xtec.cat\/cfamarinada\/wp-content\/uploads\/usu256\/2022\/12\/IMG-20221219-WA0051-768x576.jpg 768w, https:\/\/agora.xtec.cat\/cfamarinada\/wp-content\/uploads\/usu256\/2022\/12\/IMG-20221219-WA0051-1536x1152.jpg 1536w, https:\/\/agora.xtec.cat\/cfamarinada\/wp-content\/uploads\/usu256\/2022\/12\/IMG-20221219-WA0051-200x150.jpg 200w, https:\/\/agora.xtec.cat\/cfamarinada\/wp-content\/uploads\/usu256\/2022\/12\/IMG-20221219-WA0051.jpg 2000w\" sizes=\"auto, (max-width: 300px) 100vw, 300px\" \/><\/a><\/p>\n","protected":false},"excerpt":{"rendered":"<p>Ha arribat el Nadal i a l\u2019escola, un any m\u00e9s, hem volgut compartir l\u2019esperit nadalenc amb els<br \/>\nnostres alumnes. Alguns d\u2019aqu\u00ed, per\u00f2 molts d\u2019arreu del m\u00f3n, hem estat investigant quines<br \/>\nemocions ens porta el Nadal fins a trobar-ne d\u2019universals a totes les celebracions. I la paraula<br \/>\nque m\u00e9s&hellip;  <a href=\"https:\/\/agora.xtec.cat\/cfamarinada\/galeria-fotografica\/english-class-2015-2016\/\" title=\"Read Taller de fang desembre 2022\">Llegeix m\u00e9s\u00bb<\/a><\/p>\n","protected":false},"author":1,"featured_media":0,"parent":569,"menu_order":5,"comment_status":"closed","ping_status":"closed","template":"page-templates\/side-menu.php","meta":{"_bbp_topic_count":0,"_bbp_reply_count":0,"_bbp_total_topic_count":0,"_bbp_total_reply_count":0,"_bbp_voice_count":0,"_bbp_anonymous_reply_count":0,"_bbp_topic_count_hidden":0,"_bbp_reply_count_hidden":0,"_bbp_forum_subforum_count":0,"footnotes":""},"class_list":["post-730","page","type-page","status-publish","hentry"],"post_mailing_queue_ids":[],"_links":{"self":[{"href":"https:\/\/agora.xtec.cat\/cfamarinada\/wp-json\/wp\/v2\/pages\/730","targetHints":{"allow":["GET"]}}],"collection":[{"href":"https:\/\/agora.xtec.cat\/cfamarinada\/wp-json\/wp\/v2\/pages"}],"about":[{"href":"https:\/\/agora.xtec.cat\/cfamarinada\/wp-json\/wp\/v2\/types\/page"}],"author":[{"embeddable":true,"href":"https:\/\/agora.xtec.cat\/cfamarinada\/wp-json\/wp\/v2\/users\/1"}],"replies":[{"embeddable":true,"href":"https:\/\/agora.xtec.cat\/cfamarinada\/wp-json\/wp\/v2\/comments?post=730"}],"version-history":[{"count":3,"href":"https:\/\/agora.xtec.cat\/cfamarinada\/wp-json\/wp\/v2\/pages\/730\/revisions"}],"predecessor-version":[{"id":1380,"href":"https:\/\/agora.xtec.cat\/cfamarinada\/wp-json\/wp\/v2\/pages\/730\/revisions\/1380"}],"up":[{"embeddable":true,"href":"https:\/\/agora.xtec.cat\/cfamarinada\/wp-json\/wp\/v2\/pages\/569"}],"wp:attachment":[{"href":"https:\/\/agora.xtec.cat\/cfamarinada\/wp-json\/wp\/v2\/media?parent=730"}],"curies":[{"name":"wp","href":"https:\/\/api.w.org\/{rel}","templated":true}]}}