{"id":627,"date":"2016-06-06T15:12:37","date_gmt":"2016-06-06T14:12:37","guid":{"rendered":"http:\/\/agora.xtec.cat\/cfamarinada\/?page_id=627"},"modified":"2025-06-11T18:55:38","modified_gmt":"2025-06-11T16:55:38","slug":"horaris","status":"publish","type":"page","link":"https:\/\/agora.xtec.cat\/cfamarinada\/horaris\/","title":{"rendered":"Horaris 2025-2026"},"content":{"rendered":"<p>Podeu consultar els horaris de la formaci\u00f3 que oferim el curs 2025-2026 i el calendari escolar <a href=\"https:\/\/agora.xtec.cat\/cfamarinada\/el-centre\/calendari-del-curs\/\">aqu\u00ed<\/a>.<\/p>\n<ul>\n<li><span style=\"color: #00ccff;\"><a style=\"color: #00ccff;\" href=\"http:\/\/agora.xtec.cat\/cfamarinada\/ensenyaments\/ensenyaments-inicials-i-formacio-basica\/llengua-catalana\/\">Catal\u00e0 1 i (equivalents als nivells A1 i )<\/a><\/span><\/li>\n<li><span style=\"color: #00ccff;\"><a style=\"color: #00ccff;\" href=\"http:\/\/agora.xtec.cat\/cfamarinada\/ensenyaments\/ensenyaments-inicials-i-formacio-basica\/llengua-castellana\/\">Castell\u00e0 1, 2\u00a0 (equivalents als nivells A1, A2 i )<\/a><\/span><\/li>\n<li><span style=\"color: #00ccff;\"><a style=\"color: #00ccff;\" href=\"http:\/\/agora.xtec.cat\/cfamarinada\/ensenyaments\/ensenyaments-transprofessionals\/llengua-anglesa\/\">Angl\u00e8s 1, 2 i 3 (equivalents als nivells A1, A2.1 i A2.2)<\/a><\/span><\/li>\n<li><a href=\"https:\/\/agora.xtec.cat\/cfamarinada\/agenda-2\/ensenyaments-transprofessionals\/competencia-digital-competic\/\">Competic 1: Inform\u00e0tica ACTIC (Nivell B\u00e0sic)<\/a><\/li>\n<li><span style=\"color: #00ccff;\"><a style=\"color: #00ccff;\" href=\"http:\/\/agora.xtec.cat\/cfamarinada\/agenda\/ensenyaments-transprofessionals\/competencia-digital-competic\/\">Competic 2: Inform\u00e0tica ACTIC (Nivell Mitj\u00e0)<\/a><\/span><\/li>\n<li><a href=\"https:\/\/agora.xtec.cat\/cfamarinada\/agenda-2\/ensenyaments-transprofessionals\/competencia-digital-competic\/\">Competic 3: Inform\u00e0tica ACTIC (Nivell Avan\u00e7at)<\/a><\/li>\n<li><span style=\"color: #00ccff;\"><a style=\"color: #00ccff;\" href=\"http:\/\/agora.xtec.cat\/cfamarinada\/ensenyaments\/ensenyaments-per-a-la-preparacio-de-proves-dacces\/a-cicles-formatius-de-grau-mitja\/\">Curs Preparaci\u00f3 a la Prova d&#8217;Acc\u00e9s a Grau Mitj\u00e0. ACFGM<\/a><\/span><\/li>\n<li><span style=\"color: #00ccff;\"><a style=\"color: #00ccff;\" href=\"http:\/\/agora.xtec.cat\/cfamarinada\/ensenyaments\/ensenyaments-per-a-la-preparacio-de-proves-dacces\/a-cicles-formatius-de-grau-superior\/\">Curs Preparaci\u00f3 a la Prova d&#8217;Acc\u00e9s a Grau Superior. ACFGS<\/a><\/span><\/li>\n<li><a href=\"https:\/\/agora.xtec.cat\/cfamarinada\/agenda-2\/formacio-instrumental\/formacio-instrumental-nivell-2\/\">FI Nivell 3. Alfabetitzaci\u00f3<\/a><\/li>\n<\/ul>\n<p>&nbsp;<\/p>\n","protected":false},"excerpt":{"rendered":"<p>Podeu consultar els horaris de la formaci\u00f3 que oferim el curs 2025-2026 i el calendari escolar <a href=\"https:\/\/agora.xtec.cat\/cfamarinada\/el-centre\/calendari-del-curs\/\">aqu\u00ed<\/a>.<\/p>\n<ul>\n<li><a style=\"color: #00ccff;\" href=\"http:\/\/agora.xtec.cat\/cfamarinada\/ensenyaments\/ensenyaments-inicials-i-formacio-basica\/llengua-catalana\/\">Catal\u00e0 1 i (equivalents als nivells A1 i )<\/a><\/li>\n<li><a style=\"color: #00ccff;\" href=\"http:\/\/agora.xtec.cat\/cfamarinada\/ensenyaments\/ensenyaments-inicials-i-formacio-basica\/llengua-castellana\/\">Castell\u00e0 1, 2\u00a0 (equivalents als nivells A1, A2 i )<\/a><\/li>\n<li><a style=\"color: #00ccff;\" href=\"http:\/\/agora.xtec.cat\/cfamarinada\/ensenyaments\/ensenyaments-transprofessionals\/llengua-anglesa\/\">Angl\u00e8s 1,&hellip;  <a href=\"https:\/\/agora.xtec.cat\/cfamarinada\/horaris\/\" title=\"Read Horaris 2025-2026\">Llegeix m\u00e9s\u00bb<\/a><br \/>\n","protected":false},"author":1,"featured_media":0,"parent":0,"menu_order":0,"comment_status":"closed","ping_status":"closed","template":"","meta":{"_bbp_topic_count":0,"_bbp_reply_count":0,"_bbp_total_topic_count":0,"_bbp_total_reply_count":0,"_bbp_voice_count":0,"_bbp_anonymous_reply_count":0,"_bbp_topic_count_hidden":0,"_bbp_reply_count_hidden":0,"_bbp_forum_subforum_count":0,"footnotes":""},"class_list":["post-627","page","type-page","status-publish","hentry"],"post_mailing_queue_ids":[],"_links":{"self":[{"href":"https:\/\/agora.xtec.cat\/cfamarinada\/wp-json\/wp\/v2\/pages\/627","targetHints":{"allow":["GET"]}}],"collection":[{"href":"https:\/\/agora.xtec.cat\/cfamarinada\/wp-json\/wp\/v2\/pages"}],"about":[{"href":"https:\/\/agora.xtec.cat\/cfamarinada\/wp-json\/wp\/v2\/types\/page"}],"author":[{"embeddable":true,"href":"https:\/\/agora.xtec.cat\/cfamarinada\/wp-json\/wp\/v2\/users\/1"}],"replies":[{"embeddable":true,"href":"https:\/\/agora.xtec.cat\/cfamarinada\/wp-json\/wp\/v2\/comments?post=627"}],"version-history":[{"count":7,"href":"https:\/\/agora.xtec.cat\/cfamarinada\/wp-json\/wp\/v2\/pages\/627\/revisions"}],"predecessor-version":[{"id":1726,"href":"https:\/\/agora.xtec.cat\/cfamarinada\/wp-json\/wp\/v2\/pages\/627\/revisions\/1726"}],"wp:attachment":[{"href":"https:\/\/agora.xtec.cat\/cfamarinada\/wp-json\/wp\/v2\/media?parent=627"}],"curies":[{"name":"wp","href":"https:\/\/api.w.org\/{rel}","templated":true}]}}