{"id":582,"date":"2016-01-27T17:25:17","date_gmt":"2016-01-27T16:25:17","guid":{"rendered":"http:\/\/agora.xtec.cat\/cfamarinada\/?page_id=582"},"modified":"2020-12-13T11:16:13","modified_gmt":"2020-12-13T10:16:13","slug":"bcn-activa-desembre-2015","status":"publish","type":"page","link":"https:\/\/agora.xtec.cat\/cfamarinada\/galeria-fotografica\/bcn-activa-desembre-2015\/","title":{"rendered":"Visita Oficial de l&#8217;Hble. Conseller d&#8217;Educaci\u00f3 Josep Bargall\u00f3"},"content":{"rendered":"<p>Visita Oficial de l&#8217;Hble Conseller d&#8217;Educaci\u00f3 Sr. Josep Bargall\u00f3, la Sra. Mar Camacho, Directora Gral d&#8217;Innovaci\u00f3 i Recerca Digital, del Sr. Pere Mas\u00f3, Director dels SSTT MVO al CFA Marinada de Montorn\u00e8s del Vall\u00e8s el passat dijous 10 de desembre. Aprofitant l&#8217;entrega del premi Escoles Verdes entregat a l&#8217;INS VInyes Velles\/Escola Mogent, vam reunir-nos per parlar del qu\u00e8 fem i de les necessitats educatives de la Formaci\u00f3 de la Formaci\u00f3 al Llarg de la Vida.<\/p>\n<p><a href=\"https:\/\/agora.xtec.cat\/cfamarinada\/wp-content\/uploads\/usu256\/2020\/12\/conseller2.jpg\"><img loading=\"lazy\" decoding=\"async\" class=\"alignnone size-medium wp-image-1200\" src=\"https:\/\/agora.xtec.cat\/cfamarinada\/wp-content\/uploads\/usu256\/2020\/12\/conseller2-300x169.jpg\" alt=\"\" width=\"300\" height=\"169\" srcset=\"https:\/\/agora.xtec.cat\/cfamarinada\/wp-content\/uploads\/usu256\/2020\/12\/conseller2-300x169.jpg 300w, https:\/\/agora.xtec.cat\/cfamarinada\/wp-content\/uploads\/usu256\/2020\/12\/conseller2-768x432.jpg 768w, https:\/\/agora.xtec.cat\/cfamarinada\/wp-content\/uploads\/usu256\/2020\/12\/conseller2-1024x576.jpg 1024w, https:\/\/agora.xtec.cat\/cfamarinada\/wp-content\/uploads\/usu256\/2020\/12\/conseller2.jpg 1600w\" sizes=\"auto, (max-width: 300px) 100vw, 300px\" \/><\/a> <a href=\"https:\/\/agora.xtec.cat\/cfamarinada\/wp-content\/uploads\/usu256\/2020\/12\/conseller-1.jpg\"><img loading=\"lazy\" decoding=\"async\" class=\"alignnone size-medium wp-image-1201\" src=\"https:\/\/agora.xtec.cat\/cfamarinada\/wp-content\/uploads\/usu256\/2020\/12\/conseller-1-300x169.jpg\" alt=\"\" width=\"300\" height=\"169\" srcset=\"https:\/\/agora.xtec.cat\/cfamarinada\/wp-content\/uploads\/usu256\/2020\/12\/conseller-1-300x169.jpg 300w, https:\/\/agora.xtec.cat\/cfamarinada\/wp-content\/uploads\/usu256\/2020\/12\/conseller-1-768x432.jpg 768w, https:\/\/agora.xtec.cat\/cfamarinada\/wp-content\/uploads\/usu256\/2020\/12\/conseller-1-1024x576.jpg 1024w, https:\/\/agora.xtec.cat\/cfamarinada\/wp-content\/uploads\/usu256\/2020\/12\/conseller-1.jpg 1600w\" sizes=\"auto, (max-width: 300px) 100vw, 300px\" \/><\/a><\/p>\n<p>&nbsp;<\/p>\n","protected":false},"excerpt":{"rendered":"<p>Visita Oficial de l&#8217;Hble Conseller d&#8217;Educaci\u00f3 Sr. Josep Bargall\u00f3, la Sra. Mar Camacho, Directora Gral d&#8217;Innovaci\u00f3 i Recerca Digital, del Sr. Pere Mas\u00f3, Director dels SSTT MVO al CFA Marinada de Montorn\u00e8s del Vall\u00e8s el passat dijous 10 de desembre. Aprofitant l&#8217;entrega del premi Escoles&hellip;  <a href=\"https:\/\/agora.xtec.cat\/cfamarinada\/galeria-fotografica\/bcn-activa-desembre-2015\/\" title=\"Read Visita Oficial de l&#8217;Hble. Conseller d&#8217;Educaci\u00f3 Josep Bargall\u00f3\">Llegeix m\u00e9s\u00bb<\/a><\/p>\n","protected":false},"author":1,"featured_media":0,"parent":569,"menu_order":1,"comment_status":"closed","ping_status":"closed","template":"page-templates\/side-menu.php","meta":{"_bbp_topic_count":0,"_bbp_reply_count":0,"_bbp_total_topic_count":0,"_bbp_total_reply_count":0,"_bbp_voice_count":0,"_bbp_anonymous_reply_count":0,"_bbp_topic_count_hidden":0,"_bbp_reply_count_hidden":0,"_bbp_forum_subforum_count":0,"footnotes":""},"class_list":["post-582","page","type-page","status-publish","hentry"],"post_mailing_queue_ids":[],"_links":{"self":[{"href":"https:\/\/agora.xtec.cat\/cfamarinada\/wp-json\/wp\/v2\/pages\/582","targetHints":{"allow":["GET"]}}],"collection":[{"href":"https:\/\/agora.xtec.cat\/cfamarinada\/wp-json\/wp\/v2\/pages"}],"about":[{"href":"https:\/\/agora.xtec.cat\/cfamarinada\/wp-json\/wp\/v2\/types\/page"}],"author":[{"embeddable":true,"href":"https:\/\/agora.xtec.cat\/cfamarinada\/wp-json\/wp\/v2\/users\/1"}],"replies":[{"embeddable":true,"href":"https:\/\/agora.xtec.cat\/cfamarinada\/wp-json\/wp\/v2\/comments?post=582"}],"version-history":[{"count":3,"href":"https:\/\/agora.xtec.cat\/cfamarinada\/wp-json\/wp\/v2\/pages\/582\/revisions"}],"predecessor-version":[{"id":1202,"href":"https:\/\/agora.xtec.cat\/cfamarinada\/wp-json\/wp\/v2\/pages\/582\/revisions\/1202"}],"up":[{"embeddable":true,"href":"https:\/\/agora.xtec.cat\/cfamarinada\/wp-json\/wp\/v2\/pages\/569"}],"wp:attachment":[{"href":"https:\/\/agora.xtec.cat\/cfamarinada\/wp-json\/wp\/v2\/media?parent=582"}],"curies":[{"name":"wp","href":"https:\/\/api.w.org\/{rel}","templated":true}]}}