{"id":274,"date":"2015-01-27T17:56:20","date_gmt":"2015-01-27T16:56:20","guid":{"rendered":"http:\/\/agora.xtec.cat\/cfamarinada\/\/?page_id=274"},"modified":"2024-05-31T10:11:23","modified_gmt":"2024-05-31T08:11:23","slug":"agenda-2","status":"publish","type":"page","link":"https:\/\/agora.xtec.cat\/cfamarinada\/agenda-2\/","title":{"rendered":"Agenda del curs i horaris generals"},"content":{"rendered":"<p>Podeu consultar els horaris del ensenyaments reglats que oferim el curs 2024\/25 en els seg\u00fcents enlla\u00e7os:<\/p>\n<ul>\n<li><a href=\"http:\/\/agora.xtec.cat\/cfamarinada\/ensenyaments\/ensenyaments-inicials-i-formacio-basica\/llengua-catalana\/\">Catal\u00e0 1 i 2 (A1 i A2)<\/a><\/li>\n<li><a href=\"http:\/\/agora.xtec.cat\/cfamarinada\/ensenyaments\/ensenyaments-inicials-i-formacio-basica\/llengua-castellana\/\">Castell\u00e0 1 (A1 i A2)<\/a><\/li>\n<li><a href=\"http:\/\/agora.xtec.cat\/cfamarinada\/ensenyaments\/ensenyaments-transprofessionals\/llengua-anglesa\/\">Angl\u00e8s 1 (A1, A2.1 i A2.2)<\/a><\/li>\n<li><a href=\"http:\/\/agora.xtec.cat\/cfamarinada\/agenda\/ensenyaments-transprofessionals\/competencia-digital-competic\/\">COMPETIC 2: Inform\u00e0tica ACTIC (Nivell Mitj\u00e0)<\/a><\/li>\n<li><a href=\"http:\/\/agora.xtec.cat\/cfamarinada\/ensenyaments\/ensenyaments-per-a-la-preparacio-de-proves-dacces\/a-cicles-formatius-de-grau-mitja\/\">Curs Preparaci\u00f3 a la Prova d&#8217;Acc\u00e9s a Grau Mitj\u00e0. ACFGM<\/a><\/li>\n<li><a href=\"http:\/\/agora.xtec.cat\/cfamarinada\/ensenyaments\/ensenyaments-per-a-la-preparacio-de-proves-dacces\/a-cicles-formatius-de-grau-superior\/\">Curs Preparaci\u00f3 a la Prova d&#8217;Acc\u00e9s a Grau Superior. ACFGS<\/a><\/li>\n<\/ul>\n","protected":false},"excerpt":{"rendered":"<p>Podeu consultar els horaris del ensenyaments reglats que oferim el curs 2024\/25 en els seg\u00fcents enlla\u00e7os:<\/p>\n<ul>\n<li><a href=\"http:\/\/agora.xtec.cat\/cfamarinada\/ensenyaments\/ensenyaments-inicials-i-formacio-basica\/llengua-catalana\/\">Catal\u00e0 1 i 2 (A1 i A2)<\/a><\/li>\n<li><a href=\"http:\/\/agora.xtec.cat\/cfamarinada\/ensenyaments\/ensenyaments-inicials-i-formacio-basica\/llengua-castellana\/\">Castell\u00e0 1 (A1 i A2)<\/a><\/li>\n<li><a href=\"http:\/\/agora.xtec.cat\/cfamarinada\/ensenyaments\/ensenyaments-transprofessionals\/llengua-anglesa\/\">Angl\u00e8s 1 (A1, A2.1 i A2.2)<\/a><\/li>\n<li><a href=\"http:\/\/agora.xtec.cat\/cfamarinada\/agenda\/ensenyaments-transprofessionals\/competencia-digital-competic\/\">COMPETIC 2: Inform\u00e0tica ACTIC (Nivell Mitj\u00e0)<\/a><\/li>\n<li><a href=\"http:\/\/agora.xtec.cat\/cfamarinada\/ensenyaments\/ensenyaments-per-a-la-preparacio-de-proves-dacces\/a-cicles-formatius-de-grau-mitja\/\">Curs Preparaci\u00f3 a la Prova&hellip;  <a href=\"https:\/\/agora.xtec.cat\/cfamarinada\/agenda-2\/\" title=\"Read Agenda del curs i horaris generals\">Llegeix m\u00e9s\u00bb<\/a><br \/>\n","protected":false},"author":2,"featured_media":0,"parent":0,"menu_order":0,"comment_status":"closed","ping_status":"closed","template":"","meta":{"_bbp_topic_count":0,"_bbp_reply_count":0,"_bbp_total_topic_count":0,"_bbp_total_reply_count":0,"_bbp_voice_count":0,"_bbp_anonymous_reply_count":0,"_bbp_topic_count_hidden":0,"_bbp_reply_count_hidden":0,"_bbp_forum_subforum_count":0,"footnotes":""},"class_list":["post-274","page","type-page","status-publish","hentry"],"post_mailing_queue_ids":[],"_links":{"self":[{"href":"https:\/\/agora.xtec.cat\/cfamarinada\/wp-json\/wp\/v2\/pages\/274","targetHints":{"allow":["GET"]}}],"collection":[{"href":"https:\/\/agora.xtec.cat\/cfamarinada\/wp-json\/wp\/v2\/pages"}],"about":[{"href":"https:\/\/agora.xtec.cat\/cfamarinada\/wp-json\/wp\/v2\/types\/page"}],"author":[{"embeddable":true,"href":"https:\/\/agora.xtec.cat\/cfamarinada\/wp-json\/wp\/v2\/users\/2"}],"replies":[{"embeddable":true,"href":"https:\/\/agora.xtec.cat\/cfamarinada\/wp-json\/wp\/v2\/comments?post=274"}],"version-history":[{"count":4,"href":"https:\/\/agora.xtec.cat\/cfamarinada\/wp-json\/wp\/v2\/pages\/274\/revisions"}],"predecessor-version":[{"id":1548,"href":"https:\/\/agora.xtec.cat\/cfamarinada\/wp-json\/wp\/v2\/pages\/274\/revisions\/1548"}],"wp:attachment":[{"href":"https:\/\/agora.xtec.cat\/cfamarinada\/wp-json\/wp\/v2\/media?parent=274"}],"curies":[{"name":"wp","href":"https:\/\/api.w.org\/{rel}","templated":true}]}}