{"id":27,"date":"2014-09-17T16:24:03","date_gmt":"2014-09-17T16:24:03","guid":{"rendered":"http:\/\/agora.xtec.cat\/cfamarinada\/\/?page_id=27"},"modified":"2024-10-03T13:42:54","modified_gmt":"2024-10-03T11:42:54","slug":"historia","status":"publish","type":"page","link":"https:\/\/agora.xtec.cat\/cfamarinada\/el-centre\/historia\/","title":{"rendered":"Hist\u00f2ria"},"content":{"rendered":"<p>El Centre de Formaci\u00f3 d&#8217;Adults Marinada \u00e9s un centre <strong>p\u00fablic i gratu\u00eft<\/strong> que es remunta al curs escolar 1982-83 amb la creaci\u00f3 de l&#8217;aula de Formaci\u00f3 d&#8217;Adults (situada primerament a Montorn\u00e8s Nord, la part del municipi tocant al Pol\u00edgon), per\u00f2 no \u00e9s fins a l&#8217;any 2014 que surt publicat al DOGC el Decret on es crea el CFA Marinada.<br \/>\n<em>Nota: Diari Oficial de la Generalitat, n\u00famero 6506, de 21 de novembre de 2013. Acord de Govern\/160\/2013, de 19 de novembre.<\/em><br \/>\nDes del curs 2013-14, l&#8217;escola est\u00e0 ubicada a l&#8217;edifici de l&#8217;Institut Vinyes Velles, a l&#8217;avinguda de Barcelona, 2; deixant doncs, l&#8217;antic edifici situat a Montorn\u00e8s Nord, creat des del curs 2004\/05.<\/p>\n<p>Actualment l&#8217;equip del centre el formen quatre docents, en J. Ramon Minguell que ocupa el c\u00e0rrec de director, la Elisabet Elies, l&#8217;Elsa Contell i l&#8217;\u00c0ngels De Leonardo, una administrativa la Isabel Bueno i una conserge la Maria \u00c0ngels Gibello. Som una petita gran fam\u00edlia que treballem per oferir als nostres alumnes un bon servei que doni resposta a les necessitats de formaci\u00f3 b\u00e0sica, formaci\u00f3 per al m\u00f3n laboral, per al lleure i la cultura.<\/p>\n<p><a href=\"https:\/\/agora.xtec.cat\/cfamarinada\/el-centre\/historia\/attachment\/whatsapp-image-2024-10-01-at-15-21-10\/\" rel=\"attachment wp-att-1639\"><img loading=\"lazy\" decoding=\"async\" class=\"aligncenter wp-image-1639 \" src=\"https:\/\/agora.xtec.cat\/cfamarinada\/wp-content\/uploads\/usu256\/2024\/10\/WhatsApp-Image-2024-10-01-at-15.21.10-e1727955412909-300x237.jpeg\" alt=\"\" width=\"399\" height=\"315\" srcset=\"https:\/\/agora.xtec.cat\/cfamarinada\/wp-content\/uploads\/usu256\/2024\/10\/WhatsApp-Image-2024-10-01-at-15.21.10-e1727955412909-300x237.jpeg 300w, https:\/\/agora.xtec.cat\/cfamarinada\/wp-content\/uploads\/usu256\/2024\/10\/WhatsApp-Image-2024-10-01-at-15.21.10-e1727955412909-1024x810.jpeg 1024w, https:\/\/agora.xtec.cat\/cfamarinada\/wp-content\/uploads\/usu256\/2024\/10\/WhatsApp-Image-2024-10-01-at-15.21.10-e1727955412909-768x608.jpeg 768w, https:\/\/agora.xtec.cat\/cfamarinada\/wp-content\/uploads\/usu256\/2024\/10\/WhatsApp-Image-2024-10-01-at-15.21.10-e1727955412909-1536x1215.jpeg 1536w, https:\/\/agora.xtec.cat\/cfamarinada\/wp-content\/uploads\/usu256\/2024\/10\/WhatsApp-Image-2024-10-01-at-15.21.10-e1727955412909.jpeg 1768w\" sizes=\"auto, (max-width: 399px) 100vw, 399px\" \/><\/a><\/p>\n<p>&nbsp;<\/p>\n","protected":false},"excerpt":{"rendered":"<p>El Centre de Formaci\u00f3 d&#8217;Adults Marinada \u00e9s un centre p\u00fablic i gratu\u00eft que es remunta al curs escolar 1982-83 amb la creaci\u00f3 de l&#8217;aula de Formaci\u00f3 d&#8217;Adults (situada primerament a Montorn\u00e8s Nord, la part del municipi tocant al Pol\u00edgon), per\u00f2 no \u00e9s fins a l&#8217;any&hellip;  <a href=\"https:\/\/agora.xtec.cat\/cfamarinada\/el-centre\/historia\/\" title=\"Read Hist\u00f2ria\">Llegeix m\u00e9s\u00bb<\/a><\/p>\n","protected":false},"author":1,"featured_media":0,"parent":261,"menu_order":20,"comment_status":"closed","ping_status":"closed","template":"page-templates\/side-menu.php","meta":{"_bbp_topic_count":0,"_bbp_reply_count":0,"_bbp_total_topic_count":0,"_bbp_total_reply_count":0,"_bbp_voice_count":0,"_bbp_anonymous_reply_count":0,"_bbp_topic_count_hidden":0,"_bbp_reply_count_hidden":0,"_bbp_forum_subforum_count":0,"footnotes":""},"class_list":["post-27","page","type-page","status-publish","hentry"],"post_mailing_queue_ids":[],"_links":{"self":[{"href":"https:\/\/agora.xtec.cat\/cfamarinada\/wp-json\/wp\/v2\/pages\/27","targetHints":{"allow":["GET"]}}],"collection":[{"href":"https:\/\/agora.xtec.cat\/cfamarinada\/wp-json\/wp\/v2\/pages"}],"about":[{"href":"https:\/\/agora.xtec.cat\/cfamarinada\/wp-json\/wp\/v2\/types\/page"}],"author":[{"embeddable":true,"href":"https:\/\/agora.xtec.cat\/cfamarinada\/wp-json\/wp\/v2\/users\/1"}],"replies":[{"embeddable":true,"href":"https:\/\/agora.xtec.cat\/cfamarinada\/wp-json\/wp\/v2\/comments?post=27"}],"version-history":[{"count":7,"href":"https:\/\/agora.xtec.cat\/cfamarinada\/wp-json\/wp\/v2\/pages\/27\/revisions"}],"predecessor-version":[{"id":1648,"href":"https:\/\/agora.xtec.cat\/cfamarinada\/wp-json\/wp\/v2\/pages\/27\/revisions\/1648"}],"up":[{"embeddable":true,"href":"https:\/\/agora.xtec.cat\/cfamarinada\/wp-json\/wp\/v2\/pages\/261"}],"wp:attachment":[{"href":"https:\/\/agora.xtec.cat\/cfamarinada\/wp-json\/wp\/v2\/media?parent=27"}],"curies":[{"name":"wp","href":"https:\/\/api.w.org\/{rel}","templated":true}]}}