{"id":21,"date":"2014-09-17T16:14:14","date_gmt":"2014-09-17T16:14:14","guid":{"rendered":"http:\/\/agora.xtec.cat\/cfamarinada\/\/?page_id=21"},"modified":"2019-05-20T18:28:56","modified_gmt":"2019-05-20T16:28:56","slug":"on-som","status":"publish","type":"page","link":"https:\/\/agora.xtec.cat\/cfamarinada\/el-centre\/on-som\/","title":{"rendered":"On som"},"content":{"rendered":"<p style=\"color: #666666;\"><strong>CFA Marinada<\/strong><br \/>\nAv. de Barcelona, 2<br \/>\n08170 Montorn\u00e8s del Vall\u00e8s<\/p>\n<p style=\"color: #666666;\">Tel. 93.568.20.05<br \/>\na8062523@xtec.cat<\/p>\n<p><iframe loading=\"lazy\" style=\"border: 0;\" src=\"https:\/\/www.google.com\/maps\/embed?pb=!1m14!1m8!1m3!1d5972.546379516585!2d2.2649925!3d41.5416818!3m2!1i1024!2i768!4f13.1!3m3!1m2!1s0x12a4b8ff7b29fca3%3A0x70ac36187df3ce5d!2sAv.+de+Barcelona%2C+2%2C+08170+Montorn%C3%A8s+del+Vall%C3%A8s%2C+Barcelona!5e0!3m2!1sca!2ses!4v1426697003409\" width=\"600\" height=\"450\" frameborder=\"0\"><\/iframe><\/p>\n<p><strong>Com arribar-hi:<br \/>\n<\/strong><\/p>\n<ul>\n<li>Per tren: Estaci\u00f3 Montmel\u00f3 linies R2, R2N i despr\u00e9s enlla\u00e7 amb la linia de bus 416 fins a Montorn\u00e8s del Vall\u00e8s<\/li>\n<li>Per bus: L\u00ednia 416 Montmel\u00f3 &#8211; Granollers<\/li>\n<\/ul>\n","protected":false},"excerpt":{"rendered":"<p>CFA Marinada<br \/>\nAv. de Barcelona, 2<br \/>\n08170 Montorn\u00e8s del Vall\u00e8s<br \/>\nTel. 93.568.20.05<br \/>\na8062523@xtec.cat<\/p>\n<p>Com arribar-hi:<\/p>\n<ul>\n<li>Per tren: Estaci\u00f3 Montmel\u00f3 linies R2, R2N i despr\u00e9s enlla\u00e7 amb la linia de bus 416 fins a Montorn\u00e8s del Vall\u00e8s<\/li>\n<li>Per bus: L\u00ednia 416 Montmel\u00f3 &#8211; Granollers<\/li>\n<\/ul>\n","protected":false},"author":1,"featured_media":0,"parent":261,"menu_order":10,"comment_status":"closed","ping_status":"closed","template":"page-templates\/side-menu.php","meta":{"_bbp_topic_count":0,"_bbp_reply_count":0,"_bbp_total_topic_count":0,"_bbp_total_reply_count":0,"_bbp_voice_count":0,"_bbp_anonymous_reply_count":0,"_bbp_topic_count_hidden":0,"_bbp_reply_count_hidden":0,"_bbp_forum_subforum_count":0,"footnotes":""},"class_list":["post-21","page","type-page","status-publish","hentry"],"post_mailing_queue_ids":[],"_links":{"self":[{"href":"https:\/\/agora.xtec.cat\/cfamarinada\/wp-json\/wp\/v2\/pages\/21","targetHints":{"allow":["GET"]}}],"collection":[{"href":"https:\/\/agora.xtec.cat\/cfamarinada\/wp-json\/wp\/v2\/pages"}],"about":[{"href":"https:\/\/agora.xtec.cat\/cfamarinada\/wp-json\/wp\/v2\/types\/page"}],"author":[{"embeddable":true,"href":"https:\/\/agora.xtec.cat\/cfamarinada\/wp-json\/wp\/v2\/users\/1"}],"replies":[{"embeddable":true,"href":"https:\/\/agora.xtec.cat\/cfamarinada\/wp-json\/wp\/v2\/comments?post=21"}],"version-history":[{"count":3,"href":"https:\/\/agora.xtec.cat\/cfamarinada\/wp-json\/wp\/v2\/pages\/21\/revisions"}],"predecessor-version":[{"id":829,"href":"https:\/\/agora.xtec.cat\/cfamarinada\/wp-json\/wp\/v2\/pages\/21\/revisions\/829"}],"up":[{"embeddable":true,"href":"https:\/\/agora.xtec.cat\/cfamarinada\/wp-json\/wp\/v2\/pages\/261"}],"wp:attachment":[{"href":"https:\/\/agora.xtec.cat\/cfamarinada\/wp-json\/wp\/v2\/media?parent=21"}],"curies":[{"name":"wp","href":"https:\/\/api.w.org\/{rel}","templated":true}]}}