{"id":1694,"date":"2025-04-30T11:09:30","date_gmt":"2025-04-30T09:09:30","guid":{"rendered":"https:\/\/agora.xtec.cat\/cfamarinada\/?page_id=1694"},"modified":"2025-04-30T11:12:22","modified_gmt":"2025-04-30T09:12:22","slug":"projecte-linguistic","status":"publish","type":"page","link":"https:\/\/agora.xtec.cat\/cfamarinada\/normes-de-funcionament-del-centre\/projecte-linguistic\/","title":{"rendered":"Projecte ling\u00fc\u00edstic"},"content":{"rendered":"<p>Podeu consultar el Projecte ling\u00fc\u00edstic clicant al seg\u00fcent enlla\u00e7:<\/p>\n<p><a href=\"https:\/\/agora.xtec.cat\/cfamarinada\/normes-de-funcionament-del-centre\/projecte-linguistic\/attachment\/pl-cfa-marinada\/\" rel=\"attachment wp-att-1695\">PL CFA MARINADA<\/a><\/p>\n","protected":false},"excerpt":{"rendered":"<p>Podeu consultar el Projecte ling\u00fc\u00edstic clicant al seg\u00fcent enlla\u00e7:<br \/>\n<a href=\"https:\/\/agora.xtec.cat\/cfamarinada\/normes-de-funcionament-del-centre\/projecte-linguistic\/attachment\/pl-cfa-marinada\/\" rel=\"attachment wp-att-1695\">PL CFA MARINADA<\/a><\/p>\n","protected":false},"author":1,"featured_media":0,"parent":1078,"menu_order":0,"comment_status":"closed","ping_status":"closed","template":"","meta":{"_bbp_topic_count":0,"_bbp_reply_count":0,"_bbp_total_topic_count":0,"_bbp_total_reply_count":0,"_bbp_voice_count":0,"_bbp_anonymous_reply_count":0,"_bbp_topic_count_hidden":0,"_bbp_reply_count_hidden":0,"_bbp_forum_subforum_count":0,"footnotes":""},"class_list":["post-1694","page","type-page","status-publish","hentry"],"post_mailing_queue_ids":[],"_links":{"self":[{"href":"https:\/\/agora.xtec.cat\/cfamarinada\/wp-json\/wp\/v2\/pages\/1694","targetHints":{"allow":["GET"]}}],"collection":[{"href":"https:\/\/agora.xtec.cat\/cfamarinada\/wp-json\/wp\/v2\/pages"}],"about":[{"href":"https:\/\/agora.xtec.cat\/cfamarinada\/wp-json\/wp\/v2\/types\/page"}],"author":[{"embeddable":true,"href":"https:\/\/agora.xtec.cat\/cfamarinada\/wp-json\/wp\/v2\/users\/1"}],"replies":[{"embeddable":true,"href":"https:\/\/agora.xtec.cat\/cfamarinada\/wp-json\/wp\/v2\/comments?post=1694"}],"version-history":[{"count":3,"href":"https:\/\/agora.xtec.cat\/cfamarinada\/wp-json\/wp\/v2\/pages\/1694\/revisions"}],"predecessor-version":[{"id":1699,"href":"https:\/\/agora.xtec.cat\/cfamarinada\/wp-json\/wp\/v2\/pages\/1694\/revisions\/1699"}],"up":[{"embeddable":true,"href":"https:\/\/agora.xtec.cat\/cfamarinada\/wp-json\/wp\/v2\/pages\/1078"}],"wp:attachment":[{"href":"https:\/\/agora.xtec.cat\/cfamarinada\/wp-json\/wp\/v2\/media?parent=1694"}],"curies":[{"name":"wp","href":"https:\/\/api.w.org\/{rel}","templated":true}]}}