{"id":1411,"date":"2023-03-14T11:09:37","date_gmt":"2023-03-14T10:09:37","guid":{"rendered":"https:\/\/agora.xtec.cat\/cfamarinada\/?page_id=1411"},"modified":"2023-03-14T11:17:55","modified_gmt":"2023-03-14T10:17:55","slug":"projecte-de-convivencia","status":"publish","type":"page","link":"https:\/\/agora.xtec.cat\/cfamarinada\/normes-de-funcionament-del-centre\/projecte-de-convivencia\/","title":{"rendered":"Projecte de conviv\u00e8ncia"},"content":{"rendered":"<p>Podeu consultar el Projecte de Conviv\u00e8ncia clicant al seg\u00fcent enlla\u00e7:<\/p>\n<p><a href=\"https:\/\/agora.xtec.cat\/cfamarinada\/wp-content\/uploads\/usu256\/2023\/03\/PROJECTE-CONVIVENCIA-CFA-MARINADA.pdf\">PROJECTE CONVIV\u00c8NCIA CFA MARINADA<\/a><\/p>\n","protected":false},"excerpt":{"rendered":"<p>Podeu consultar el Projecte de Conviv\u00e8ncia clicant al seg\u00fcent enlla\u00e7:<br \/>\n<a href=\"https:\/\/agora.xtec.cat\/cfamarinada\/wp-content\/uploads\/usu256\/2023\/03\/PROJECTE-CONVIVENCIA-CFA-MARINADA.pdf\">PROJECTE CONVIV\u00c8NCIA CFA MARINADA<\/a><\/p>\n","protected":false},"author":1,"featured_media":0,"parent":1078,"menu_order":0,"comment_status":"closed","ping_status":"closed","template":"","meta":{"_bbp_topic_count":0,"_bbp_reply_count":0,"_bbp_total_topic_count":0,"_bbp_total_reply_count":0,"_bbp_voice_count":0,"_bbp_anonymous_reply_count":0,"_bbp_topic_count_hidden":0,"_bbp_reply_count_hidden":0,"_bbp_forum_subforum_count":0,"footnotes":""},"class_list":["post-1411","page","type-page","status-publish","hentry"],"post_mailing_queue_ids":[],"_links":{"self":[{"href":"https:\/\/agora.xtec.cat\/cfamarinada\/wp-json\/wp\/v2\/pages\/1411","targetHints":{"allow":["GET"]}}],"collection":[{"href":"https:\/\/agora.xtec.cat\/cfamarinada\/wp-json\/wp\/v2\/pages"}],"about":[{"href":"https:\/\/agora.xtec.cat\/cfamarinada\/wp-json\/wp\/v2\/types\/page"}],"author":[{"embeddable":true,"href":"https:\/\/agora.xtec.cat\/cfamarinada\/wp-json\/wp\/v2\/users\/1"}],"replies":[{"embeddable":true,"href":"https:\/\/agora.xtec.cat\/cfamarinada\/wp-json\/wp\/v2\/comments?post=1411"}],"version-history":[{"count":3,"href":"https:\/\/agora.xtec.cat\/cfamarinada\/wp-json\/wp\/v2\/pages\/1411\/revisions"}],"predecessor-version":[{"id":1417,"href":"https:\/\/agora.xtec.cat\/cfamarinada\/wp-json\/wp\/v2\/pages\/1411\/revisions\/1417"}],"up":[{"embeddable":true,"href":"https:\/\/agora.xtec.cat\/cfamarinada\/wp-json\/wp\/v2\/pages\/1078"}],"wp:attachment":[{"href":"https:\/\/agora.xtec.cat\/cfamarinada\/wp-json\/wp\/v2\/media?parent=1411"}],"curies":[{"name":"wp","href":"https:\/\/api.w.org\/{rel}","templated":true}]}}