{"id":1118,"date":"2020-06-01T17:04:00","date_gmt":"2020-06-01T15:04:00","guid":{"rendered":"http:\/\/agora.xtec.cat\/cfamarinada\/?page_id=1118"},"modified":"2020-06-01T17:04:26","modified_gmt":"2020-06-01T15:04:26","slug":"pla-de-reobertura-cfa-marinada-fase-2","status":"publish","type":"page","link":"https:\/\/agora.xtec.cat\/cfamarinada\/pla-de-reobertura-cfa-marinada-fase-2\/","title":{"rendered":"Pla de reobertura CFA Marinada fase 2"},"content":{"rendered":"<p>PLA D\u2019OBERTURA ESPEC\u00cdFIC DEL CFA MARINADA EN FASE 2 DE DESESCALADA EN LA FINALITZACI\u00d3 DEL CURS 2019\/20 APROVAT PEL PROCICAT EN DATA 20 DE MAIG DE 2020.<\/p>\n<p>1.- INTRODUCCI\u00d3.<br \/>\nEl dimecres 20 de maig, el Conseller d\u2019Educaci\u00f3 va anunciar que el Departament d\u2019Educaci\u00f3 havia presentat al PROCICAT, el Pla de Reobertura de Centres Educatius en Fase 2 de Desescalada, que \u00e9s la primera que permet l\u2019obertura de centres i que cont\u00e9 les mesures que els documents espec\u00edfics emesos per les autoritats sanit\u00e0ries han establert.<br \/>\nEl pla efectua propostes per a l\u2019acci\u00f3 educativa amb un triple objectiu:<br \/>\n\u2043 El suport lectiu i d\u2019orientaci\u00f3, fent especial \u00e8mfasi en els grups d\u2019ACFG Mitj\u00e0 i Superior.<br \/>\n\u2043 L\u2019acompanyament tutorial i emocional de tot l\u2019alumnat.<br \/>\n\u2043 Facilitar la planificaci\u00f3 dels diferents escenaris del curs 2020-2021.<br \/>\nConsideracions generals: El pla espec\u00edfic de reobertura est\u00e0 subjecte a les indicacions que es rebin des del Departament d\u2019Educaci\u00f3 pels seus diversos canals.<br \/>\n2.- ORGANITZACI\u00d3 DEL CENTRE.<br \/>\n2.1.- Calendari Tancament de Cursos \/ Entrega de Qualificacions \/Suport emocional.<br \/>\nL\u2019obertura del centre es far\u00e0 el primer dia lectiu despr\u00e9s de que la regi\u00f3 sanit\u00e0ria on pertany el CFA Marinada, \u201cRegi\u00f3 sanit\u00e0ria de Barcelona, \u00e0mbit metropolit\u00e0 nord\u201d, entri en Fase 2 de desescalada.<br \/>\nEl curs 2019-2020 acabar\u00e0 de forma telem\u00e0tica el 19 de juny.<br \/>\nEl centre romandr\u00e0 obert per tasques administratives fins el 15 de juliol.<br \/>\n2.2.- Horari i espais.<br \/>\nL\u2019horari presencial de l\u2019alumnat ser\u00e0 entre les 15h i les 19h especificat a continuaci\u00f3:<br \/>\nEl retorn al centre per part de l\u2019alumnat \u00e9s voluntari. L&#8217;alumnat que vingui al CFA haur\u00e0 de presentar una declaraci\u00f3 responsable d&#8217;acord el model que es facilitar\u00e0.<br \/>\nAules 1- 2 Planta Baixa de l\u2019INS Vinyes Velles.<br \/>\nUna vegada l&#8217;alumnat es presenti al CFA Marinada, entraran segons el seu horari establert.<br \/>\nFacilitarem un espai de 10 minuts per les entrades i 10 minuts per les sortides. La qual cosa propiciar\u00e0 que els diferents grups d&#8217;alumnes NO coincideixin en les entrades i sortides del CFA.<br \/>\nComptarem amb l&#8217;ajuda del conserge per a qu\u00e8 faciliti la gesti\u00f3 dels espais.<\/p>\n<p>Dilluns 8<br \/>\nDimarts 9<br \/>\nDimecres 10<br \/>\nDijous 11<\/p>\n<p>15 \u2013 15.50h<\/p>\n<p>15.15h- 16.15h<br \/>\nCastell\u00e0 1 Tarda<br \/>\n(10alumnes)<br \/>\nAula 1<br \/>\nCatal\u00e0 2 Tarda<br \/>\nAula 2<\/p>\n<p>Catal\u00e0 1 Tarda<\/p>\n<p>Angl\u00e8s 1<\/p>\n<p>16 \u2013 16.50h<br \/>\nCastell\u00e0 1 Tarda<br \/>\n(10 alumnes)<br \/>\nCatal\u00e0 1 Mat\u00ed<br \/>\nCompetic 1<br \/>\nAngl\u00e8s 2<\/p>\n<p>17 \u2013 17.50h<br \/>\nCastell\u00e0 1 Mat\u00ed<br \/>\n(10 alumnes)<br \/>\nCastell\u00e0 2 Tarda<\/p>\n<p>Angl\u00e8s 3<\/p>\n<p>18 \u2013 19h<br \/>\nCastell\u00e0 1 Mat\u00ed<br \/>\n(10 alumnes)<br \/>\nCastell\u00e0 3 Tarda<br \/>\nACFG Mitj\u00e0<br \/>\nACFG Superior<br \/>\n\uf0b7 Les r\u00e0tios que es demanen al Pla del Departament per a CFA s\u00f3n de 15 alumne.<br \/>\n\uf0b7 Tot l\u2019alumnat assistir\u00e0 a l\u2019Aula 1 del CFA Marinada, tret del dilluns que se n\u2019ocupar\u00e0 2.<br \/>\nL\u2019equip docent que intervindr\u00e0 durant aquests dies \u00e9s:<br \/>\nLa Secret\u00e0ria de l\u2019ED i docent dels grups de Castell\u00e0-Catal\u00e0: Elies Elies Trias.<br \/>\nLes docents de: Competic 1, Angl\u00e8s 1-2-3 i ACFGM : Montserrat Boix Bachs i Eva Batiller Castro.<br \/>\nEl director i tutor d\u2019ACFGS : J. Ramon Minguell i Serramona.<br \/>\nEl conserge (PAS) cedit per l\u2019Ajuntament de Montorn\u00e8s, Mohamed El M<\/p>\n<p>2.3.- Calendari de Preinscripci\u00f3 i Matr\u00edcula Curs 2020\/21.<br \/>\nL\u2019ED del CFA Marinada ha organitzat el seg\u00fcent calendari de preinscripci\u00f3 i matr\u00edcula:<br \/>\n&#8211; Setmana del 15 al 22 de juny: Inscripci\u00f3 telem\u00e0tica (Web del Departament d\u2019Educaci\u00f3)<br \/>\n&#8211; Setmana del 23 al 29 de juny: Inscripci\u00f3 presencial mitjan\u00e7ant cita pr\u00e8via telef\u00f2nica.<br \/>\nA m\u00e9s de l\u2019equip docent esmentat, durant el calendari de preinscripci\u00f3 hi assistir\u00e0 l\u2019Administrativa PAS, Isabel Bueno L\u00f3pez, amb el seu horari pertinent.<br \/>\nTOTS ELS TREBALLADORS (DOCENTS I PAS) HAN SIGNAT LA DECLARACI\u00d3 RESPONSABLE I TOTS PERTANYEM AL GRUP NO VULNERABLE.<br \/>\n2.4. Calendari Juliol 2020.<br \/>\nL\u2019equip directiu preveu com cada curs, la perman\u00e8ncia al CFA fins al 15 de juliol aproximadament per realitzar les tasques reglament\u00e0ries d\u2019acabament de curs:<br \/>\n&#8211; Mem\u00f2ria Anual 2019-2020.<br \/>\n-Recollida de dades del FSE i entrega a la Coordinadora Territorial, Montserrat Cotet.<br \/>\n-Elaboraci\u00f3 PGA 2020-2021.<br \/>\n-Diverses tasques d\u2019administraci\u00f3: revisi\u00f3 exercici econ\u00f2mic Esfera, previsi\u00f3 de materials,\u2026<br \/>\n-Consell Escolar: aprovaci\u00f3 de la PGA i dades de preinscripci\u00f3<\/p>\n<p>3.- MESURES DE PROTECCI\u00d3 I PREVENCI\u00d3.<\/p>\n<p>\uf0b7 Neteja i ventilaci\u00f3 d\u2019espais: la neteja i la posterior desinfecci\u00f3 d\u2019espais es realitzar\u00e0 amb una periodicitat di\u00e0ria. L\u2019empresa de neteja (conjunta amb l\u2019INS Vinyes Velles) aplicar\u00e0 les pautes indicades a les Instruccions per a l\u2019organitzaci\u00f3 de l\u2019obertura dels centres educatius.<br \/>\n\uf0b7 Rentat de mans: es tracta de les mesures m\u00e9s efectives per a preservar la salut de totes les persones (alumnat i docents). Es rentaran les mans abans i despr\u00e9s de les activitats.<br \/>\n\uf0b7 Distanciament f\u00edsic: es tracta d\u2019una de les mesures m\u00e9s importants per evitar la transmissi\u00f3 del virus. Aix\u00f2 implica mantenir una dist\u00e0ncia aproximada de 2 metres entre les persones als centres educatius, superior al recomanat (1\u20195m).<br \/>\n\uf0b7 El personal treballador ha de con\u00e8ixer els protocols i els nous procediments i mesures a aplicar per tal d\u2019evitar el risc de contagi.<br \/>\n\uf0b7 Requisits per poder venir presencialment a l\u2019escola: abs\u00e8ncia de simptomatologia de Covid, no haver estat positiu durant els 14 dies anteriors, no haver estat en contacte amb algun positiu els 14 dies anteriors i que l\u2019alumnat no presenti malalties cr\u00f2niques complexes (respirat\u00f2ries, card\u00edaques, diabetis&#8230;)<br \/>\n\uf0b7 \u00das de mascareta en cas de no poder garantir les mesures de distanciament.<br \/>\n\uf0b7 Es consideren malalties de risc per a la CovID-19:<br \/>\n. Malalties respirat\u00f2ries greus que precisen medicaci\u00f3 o dispositius de suport ventilatori.<br \/>\n. Malalties card\u00edaques greus.<br \/>\n. Malalties que afecten al sistema immunitari.<br \/>\n. Diabetis mal controlada.<br \/>\n. Malalties neuromusculars o encefalopaties moderades o greus.<br \/>\nTots els treballadors (Docents i PAS) han de declarar les condicions de vulnerabilitat, casos, contactes estrets i simptomatologia de COVID \u2013 19.<br \/>\nEls grups d\u2019especial vulnerabilitat segones el que ha establert l\u2019autoritat sanit\u00e0ria s\u00f3n: persones amb diabetis, malalties cardiovasculars, inclosa la hipertensi\u00f3, malaltia hep\u00e0tica cr\u00f2nica, malaltia renal cr\u00f2nica, malaltia pulmonar cr\u00f2nica, immunodefici\u00e8ncia, c\u00e0ncer, dones embarassades i m\u00e9s grans de 60 anys.<br \/>\nAquestes persones no podran tenir activitat presencial a les activitats del centre del mes de juny.<br \/>\nSom un CFA d\u2019estructura petita: 4 docents, 1 PAS Administratius (Generalitat) i 1Conserge (Ajuntament). Tots nosaltres, hem emplenat la declaraci\u00f3 responsable per poder exercir l\u2019activitat presencial.<\/p>\n<p>4- FLUXES DE CIRCULACI\u00d3.<br \/>\nL\u2019alumnat que vingui durant aquest mes de juny entrar\u00e0 i sortir\u00e0 com sempre ho ha fet.<br \/>\n\u00c9s a dir, entrada per la Riera o per la zona esportiva. La porta \u00e9s la mateixa que utilitzen els docents i alumnat de l\u2019INS Vinyes Velles.<br \/>\n5- PROTOCOL D\u2019ACTUACI\u00d3 EN CAS DE DETECCI\u00d3 D\u2019APARICI\u00d3 DE SIMPTOMATOLOGIA COMPATIBLE AMB COVID-19.<br \/>\nDavant la pres\u00e8ncia d\u2019aquests s\u00edmptomes, se seguiran les indicacions sanit\u00e0ries vigents en aquell moment.<br \/>\nEn cas d\u2019aparici\u00f3 de s\u00edmptomes en algun alumne\/a en la seva pres\u00e8ncia al centre:<br \/>\n\u2043 A\u00efllar l\u2019alumnat en un espai espec\u00edfic. (Aula Inform\u00e0tica)<br \/>\n\u2043 Avisar a la fam\u00edlia \/familiar.<br \/>\n\u2043 Informar al CAP de refer\u00e8ncia per tal que activi els protocols previstos.<br \/>\n\u2043 Procedir a la desinfecci\u00f3 i a la neteja dels espais del centre.<br \/>\nEn cas de s\u00edmptomes en un docent:<br \/>\n\u2043 No assistir al centre.<br \/>\n\u2043 Posar-se en contacte amb el seu metge de cap\u00e7alera.<\/p>\n<p>Com a director del CFA Marinada de Montorn\u00e8s del Vall\u00e8s, i en aplicaci\u00f3 de les compet\u00e8ncies que estableix l\u2019article 132 de la Llei Org\u00e0nica 2\/2006 de 3 de maig, d\u2019Educaci\u00f3, modificada per la Llei org\u00e0nica 8\/2013 de 9 de desembre, per a la millora de la qualitat educativa d\u2019acord amb la Resoluci\u00f3 de 20 de juny de 2019 per la qual s\u2019aproven els documents per a l\u2019organitzaci\u00f3 i gesti\u00f3 dels centres per al curs 2019-2020 i d\u2019acord amb el parer del Consell Escolar,<br \/>\nResolc:<br \/>\n1.- Informar el Pla espec\u00edfic de Reobertura Curs 2019-2020 en Consell Escolar durant la setmana del 25 al 29 de maig de 2020.<br \/>\n2- Donar-lo a con\u00e8ixer a tota la comunitat educativa i municipal, com tamb\u00e9 a disposici\u00f3 de l\u2019Administraci\u00f3 Educativa (Inspecci\u00f3 i SSTT MVO)<\/p>\n<p>Montorn\u00e8s del Vall\u00e8s, 22 de maig de 2020.<br \/>\nJ. Ramon Minguell i Serramona<br \/>\nDirector CFA Marinada (08062523)<\/p>\n","protected":false},"excerpt":{"rendered":"<p>PLA D\u2019OBERTURA ESPEC\u00cdFIC DEL CFA MARINADA EN FASE 2 DE DESESCALADA EN LA FINALITZACI\u00d3 DEL CURS 2019\/20 APROVAT PEL PROCICAT EN DATA 20 DE MAIG DE 2020.<br \/>\n1.- INTRODUCCI\u00d3.<br \/>\nEl dimecres 20 de maig, el Conseller d\u2019Educaci\u00f3 va anunciar que el Departament d\u2019Educaci\u00f3 havia presentat al PROCICAT,&hellip;  <a href=\"https:\/\/agora.xtec.cat\/cfamarinada\/pla-de-reobertura-cfa-marinada-fase-2\/\" title=\"Read Pla de reobertura CFA Marinada fase 2\">Llegeix m\u00e9s\u00bb<\/a><\/p>\n","protected":false},"author":1,"featured_media":0,"parent":0,"menu_order":0,"comment_status":"closed","ping_status":"closed","template":"","meta":{"_bbp_topic_count":0,"_bbp_reply_count":0,"_bbp_total_topic_count":0,"_bbp_total_reply_count":0,"_bbp_voice_count":0,"_bbp_anonymous_reply_count":0,"_bbp_topic_count_hidden":0,"_bbp_reply_count_hidden":0,"_bbp_forum_subforum_count":0,"footnotes":""},"class_list":["post-1118","page","type-page","status-publish","hentry"],"post_mailing_queue_ids":[],"_links":{"self":[{"href":"https:\/\/agora.xtec.cat\/cfamarinada\/wp-json\/wp\/v2\/pages\/1118","targetHints":{"allow":["GET"]}}],"collection":[{"href":"https:\/\/agora.xtec.cat\/cfamarinada\/wp-json\/wp\/v2\/pages"}],"about":[{"href":"https:\/\/agora.xtec.cat\/cfamarinada\/wp-json\/wp\/v2\/types\/page"}],"author":[{"embeddable":true,"href":"https:\/\/agora.xtec.cat\/cfamarinada\/wp-json\/wp\/v2\/users\/1"}],"replies":[{"embeddable":true,"href":"https:\/\/agora.xtec.cat\/cfamarinada\/wp-json\/wp\/v2\/comments?post=1118"}],"version-history":[{"count":1,"href":"https:\/\/agora.xtec.cat\/cfamarinada\/wp-json\/wp\/v2\/pages\/1118\/revisions"}],"predecessor-version":[{"id":1119,"href":"https:\/\/agora.xtec.cat\/cfamarinada\/wp-json\/wp\/v2\/pages\/1118\/revisions\/1119"}],"wp:attachment":[{"href":"https:\/\/agora.xtec.cat\/cfamarinada\/wp-json\/wp\/v2\/media?parent=1118"}],"curies":[{"name":"wp","href":"https:\/\/api.w.org\/{rel}","templated":true}]}}