{"id":1078,"date":"2019-12-19T14:05:29","date_gmt":"2019-12-19T13:05:29","guid":{"rendered":"http:\/\/agora.xtec.cat\/cfamarinada\/?page_id=1078"},"modified":"2019-12-19T15:53:53","modified_gmt":"2019-12-19T14:53:53","slug":"normes-de-funcionament-del-centre","status":"publish","type":"page","link":"https:\/\/agora.xtec.cat\/cfamarinada\/normes-de-funcionament-del-centre\/","title":{"rendered":"Normes i documents del centre"},"content":{"rendered":"<p>Les normes de funcionament de centre (NOFC) regulen els aspectes relacionats amb la participaci\u00f3 de la comunitat escolar en la vida del centre. Altres documents d&#8217;inter\u00e8s del centre s\u00f3n la programaci\u00f3 general anual (PGA), on es recull la concreci\u00f3 de les prioritats, de les activitats i del funcionament del centre per al curs escolar, i dels diferents \u00e0mbits de l&#8217;autonomia de centre. Tanmateix, es presenten tamb\u00e9 el pla d&#8217;acci\u00f3 tutorial i el projecte ling\u00fc\u00edstic de centre.<\/p>\n","protected":false},"excerpt":{"rendered":"<p>Les normes de funcionament de centre (NOFC) regulen els aspectes relacionats amb la participaci\u00f3 de la comunitat escolar en la vida del centre. Altres documents d&#8217;inter\u00e8s del centre s\u00f3n la programaci\u00f3 general anual (PGA), on es recull la concreci\u00f3 de les prioritats, de les activitats&hellip;  <a href=\"https:\/\/agora.xtec.cat\/cfamarinada\/normes-de-funcionament-del-centre\/\" title=\"Read Normes i documents del centre\">Llegeix m\u00e9s\u00bb<\/a><\/p>\n","protected":false},"author":1,"featured_media":0,"parent":0,"menu_order":0,"comment_status":"closed","ping_status":"closed","template":"","meta":{"_bbp_topic_count":0,"_bbp_reply_count":0,"_bbp_total_topic_count":0,"_bbp_total_reply_count":0,"_bbp_voice_count":0,"_bbp_anonymous_reply_count":0,"_bbp_topic_count_hidden":0,"_bbp_reply_count_hidden":0,"_bbp_forum_subforum_count":0,"footnotes":""},"class_list":["post-1078","page","type-page","status-publish","hentry"],"post_mailing_queue_ids":[],"_links":{"self":[{"href":"https:\/\/agora.xtec.cat\/cfamarinada\/wp-json\/wp\/v2\/pages\/1078","targetHints":{"allow":["GET"]}}],"collection":[{"href":"https:\/\/agora.xtec.cat\/cfamarinada\/wp-json\/wp\/v2\/pages"}],"about":[{"href":"https:\/\/agora.xtec.cat\/cfamarinada\/wp-json\/wp\/v2\/types\/page"}],"author":[{"embeddable":true,"href":"https:\/\/agora.xtec.cat\/cfamarinada\/wp-json\/wp\/v2\/users\/1"}],"replies":[{"embeddable":true,"href":"https:\/\/agora.xtec.cat\/cfamarinada\/wp-json\/wp\/v2\/comments?post=1078"}],"version-history":[{"count":3,"href":"https:\/\/agora.xtec.cat\/cfamarinada\/wp-json\/wp\/v2\/pages\/1078\/revisions"}],"predecessor-version":[{"id":1102,"href":"https:\/\/agora.xtec.cat\/cfamarinada\/wp-json\/wp\/v2\/pages\/1078\/revisions\/1102"}],"wp:attachment":[{"href":"https:\/\/agora.xtec.cat\/cfamarinada\/wp-json\/wp\/v2\/media?parent=1078"}],"curies":[{"name":"wp","href":"https:\/\/api.w.org\/{rel}","templated":true}]}}