{"id":1034,"date":"2019-06-18T17:12:18","date_gmt":"2019-06-18T15:12:18","guid":{"rendered":"http:\/\/agora.xtec.cat\/cfamarinada\/?page_id=1034"},"modified":"2022-05-30T11:02:46","modified_gmt":"2022-05-30T09:02:46","slug":"horaris-2","status":"publish","type":"page","link":"https:\/\/agora.xtec.cat\/cfamarinada\/horaris-2\/","title":{"rendered":"Agenda"},"content":{"rendered":"<p>Podeu consultar els horaris de la formaci\u00f3 que oferim el curs 2022\/2023 i el calendari escolar <a href=\"http:\/\/agora.xtec.cat\/cfamarinada\/agenda\/\">aqu\u00ed<\/a>.<\/p>\n<ul>\n<li><a href=\"http:\/\/agora.xtec.cat\/cfamarinada\/ensenyaments\/ensenyaments-inicials-i-formacio-basica\/llengua-catalana\/\">Catal\u00e0 1 i 2 (A1 i A2)<\/a><\/li>\n<li><a href=\"http:\/\/agora.xtec.cat\/cfamarinada\/ensenyaments\/ensenyaments-inicials-i-formacio-basica\/llengua-castellana\/\">Castell\u00e0 1 (A1 i A2)<\/a><\/li>\n<li><a href=\"http:\/\/agora.xtec.cat\/cfamarinada\/ensenyaments\/ensenyaments-transprofessionals\/llengua-anglesa\/\">Angl\u00e8s 1 (A1, A2.1 i A2.2)<\/a><\/li>\n<li><a href=\"http:\/\/agora.xtec.cat\/cfamarinada\/agenda\/ensenyaments-transprofessionals\/competencia-digital-competic\/\">COMPETIC 1: Inform\u00e0tica ACTIC (Nivell B\u00e0sic)<\/a><\/li>\n<li><a href=\"http:\/\/agora.xtec.cat\/cfamarinada\/ensenyaments\/ensenyaments-per-a-la-preparacio-de-proves-dacces\/a-cicles-formatius-de-grau-mitja\/\">Curs Preparaci\u00f3 a la Prova d&#8217;Acc\u00e9s a Grau Mitj\u00e0. ACFGM<\/a><\/li>\n<li><a href=\"http:\/\/agora.xtec.cat\/cfamarinada\/ensenyaments\/ensenyaments-per-a-la-preparacio-de-proves-dacces\/a-cicles-formatius-de-grau-superior\/\">Curs Preparaci\u00f3 a la Prova d&#8217;Acc\u00e9s a Grau Superior. ACFGS<\/a><\/li>\n<\/ul>\n","protected":false},"excerpt":{"rendered":"<p>Podeu consultar els horaris de la formaci\u00f3 que oferim el curs 2022\/2023 i el calendari escolar <a href=\"http:\/\/agora.xtec.cat\/cfamarinada\/agenda\/\">aqu\u00ed<\/a>.<\/p>\n<ul>\n<li><a href=\"http:\/\/agora.xtec.cat\/cfamarinada\/ensenyaments\/ensenyaments-inicials-i-formacio-basica\/llengua-catalana\/\">Catal\u00e0 1 i 2 (A1 i A2)<\/a><\/li>\n<li><a href=\"http:\/\/agora.xtec.cat\/cfamarinada\/ensenyaments\/ensenyaments-inicials-i-formacio-basica\/llengua-castellana\/\">Castell\u00e0 1 (A1 i A2)<\/a><\/li>\n<li><a href=\"http:\/\/agora.xtec.cat\/cfamarinada\/ensenyaments\/ensenyaments-transprofessionals\/llengua-anglesa\/\">Angl\u00e8s 1 (A1, A2.1 i A2.2)<\/a><\/li>\n<li><a href=\"http:\/\/agora.xtec.cat\/cfamarinada\/agenda\/ensenyaments-transprofessionals\/competencia-digital-competic\/\">COMPETIC 1: Inform\u00e0tica ACTIC (Nivell B\u00e0sic)<\/a><\/li>\n<li><a href=\"http:\/\/agora.xtec.cat\/cfamarinada\/ensenyaments\/ensenyaments-per-a-la-preparacio-de-proves-dacces\/a-cicles-formatius-de-grau-mitja\/\">Curs Preparaci\u00f3 a&hellip;  <a href=\"https:\/\/agora.xtec.cat\/cfamarinada\/horaris-2\/\" title=\"Read Agenda\">Llegeix m\u00e9s\u00bb<\/a><br \/>\n","protected":false},"author":1,"featured_media":0,"parent":0,"menu_order":0,"comment_status":"closed","ping_status":"closed","template":"","meta":{"_bbp_topic_count":0,"_bbp_reply_count":0,"_bbp_total_topic_count":0,"_bbp_total_reply_count":0,"_bbp_voice_count":0,"_bbp_anonymous_reply_count":0,"_bbp_topic_count_hidden":0,"_bbp_reply_count_hidden":0,"_bbp_forum_subforum_count":0,"footnotes":""},"class_list":["post-1034","page","type-page","status-publish","hentry"],"post_mailing_queue_ids":[],"_links":{"self":[{"href":"https:\/\/agora.xtec.cat\/cfamarinada\/wp-json\/wp\/v2\/pages\/1034","targetHints":{"allow":["GET"]}}],"collection":[{"href":"https:\/\/agora.xtec.cat\/cfamarinada\/wp-json\/wp\/v2\/pages"}],"about":[{"href":"https:\/\/agora.xtec.cat\/cfamarinada\/wp-json\/wp\/v2\/types\/page"}],"author":[{"embeddable":true,"href":"https:\/\/agora.xtec.cat\/cfamarinada\/wp-json\/wp\/v2\/users\/1"}],"replies":[{"embeddable":true,"href":"https:\/\/agora.xtec.cat\/cfamarinada\/wp-json\/wp\/v2\/comments?post=1034"}],"version-history":[{"count":3,"href":"https:\/\/agora.xtec.cat\/cfamarinada\/wp-json\/wp\/v2\/pages\/1034\/revisions"}],"predecessor-version":[{"id":1325,"href":"https:\/\/agora.xtec.cat\/cfamarinada\/wp-json\/wp\/v2\/pages\/1034\/revisions\/1325"}],"wp:attachment":[{"href":"https:\/\/agora.xtec.cat\/cfamarinada\/wp-json\/wp\/v2\/media?parent=1034"}],"curies":[{"name":"wp","href":"https:\/\/api.w.org\/{rel}","templated":true}]}}