{"id":577,"date":"2020-01-20T11:48:17","date_gmt":"2020-01-20T10:48:17","guid":{"rendered":"http:\/\/agora.xtec.cat\/cfamariaverdaguer\/?page_id=577"},"modified":"2020-01-20T11:48:17","modified_gmt":"2020-01-20T10:48:17","slug":"criteris-dadmissio","status":"publish","type":"page","link":"https:\/\/agora.xtec.cat\/cfamariaverdaguer\/secretaria\/preinscripcio-i-matricula\/criteris-dadmissio\/","title":{"rendered":"Criteris d&#8217;admissi\u00f3"},"content":{"rendered":"<p>En l\u2019admissi\u00f3 als centres i aules de formaci\u00f3 de persones adultes t\u00e9 prefer\u00e8ncia:<\/p>\n<p>-Qui visqui o treballi en el mateix municipi on est\u00e0 situat el centre o aula.<\/p>\n<p>-Qui visqui o treballi en un municipi proper al municipi del centre o aula on no hi hagi oferta p\u00fablica de formaci\u00f3 d\u2019adults dels ensenyaments que se sol\u00b7liciten.<\/p>\n<p>-Qui cursi o hagi cursat els m\u00f2duls obligatoris dels programes de qualificaci\u00f3 professional inicial o un programa de formaci\u00f3 i inserci\u00f3.<\/p>\n<p>-Qui participi en el programa d\u2019experi\u00e8ncia professional per a l\u2019ocupaci\u00f3 juvenil a Catalunya \u201cJoves per l\u2019ocupaci\u00f3\u201d.<\/p>\n<p>&nbsp;<\/p>\n<p>L\u2019ordre d\u2019admissi\u00f3, si hi ha igualtat de condicions, s\u2019estableix per sorteig p\u00fablic el dia 4 de juliol de 2018 a les 11h als serveis centrals de Departament d\u2019Ensenyament (Via Augusta, 202, Barcelona)<\/p>\n","protected":false},"excerpt":{"rendered":"<p>En l\u2019admissi\u00f3 als centres i aules de formaci\u00f3 de persones adultes t\u00e9 prefer\u00e8ncia:<br \/>\n-Qui visqui o treballi en el mateix municipi on est\u00e0 situat el centre o aula.<br \/>\n-Qui visqui o treballi en un municipi proper al municipi del centre o aula on no hi hagi oferta&hellip;  <a href=\"https:\/\/agora.xtec.cat\/cfamariaverdaguer\/secretaria\/preinscripcio-i-matricula\/criteris-dadmissio\/\" title=\"Read Criteris d&#8217;admissi\u00f3\">Llegeix m\u00e9s\u00bb<\/a><\/p>\n","protected":false},"author":1,"featured_media":0,"parent":556,"menu_order":0,"comment_status":"closed","ping_status":"closed","template":"page-templates\/side-menu.php","meta":{"_bbp_topic_count":0,"_bbp_reply_count":0,"_bbp_total_topic_count":0,"_bbp_total_reply_count":0,"_bbp_voice_count":0,"_bbp_anonymous_reply_count":0,"_bbp_topic_count_hidden":0,"_bbp_reply_count_hidden":0,"_bbp_forum_subforum_count":0,"footnotes":""},"class_list":["post-577","page","type-page","status-publish","hentry"],"post_mailing_queue_ids":[],"_links":{"self":[{"href":"https:\/\/agora.xtec.cat\/cfamariaverdaguer\/wp-json\/wp\/v2\/pages\/577","targetHints":{"allow":["GET"]}}],"collection":[{"href":"https:\/\/agora.xtec.cat\/cfamariaverdaguer\/wp-json\/wp\/v2\/pages"}],"about":[{"href":"https:\/\/agora.xtec.cat\/cfamariaverdaguer\/wp-json\/wp\/v2\/types\/page"}],"author":[{"embeddable":true,"href":"https:\/\/agora.xtec.cat\/cfamariaverdaguer\/wp-json\/wp\/v2\/users\/1"}],"replies":[{"embeddable":true,"href":"https:\/\/agora.xtec.cat\/cfamariaverdaguer\/wp-json\/wp\/v2\/comments?post=577"}],"version-history":[{"count":1,"href":"https:\/\/agora.xtec.cat\/cfamariaverdaguer\/wp-json\/wp\/v2\/pages\/577\/revisions"}],"predecessor-version":[{"id":578,"href":"https:\/\/agora.xtec.cat\/cfamariaverdaguer\/wp-json\/wp\/v2\/pages\/577\/revisions\/578"}],"up":[{"embeddable":true,"href":"https:\/\/agora.xtec.cat\/cfamariaverdaguer\/wp-json\/wp\/v2\/pages\/556"}],"wp:attachment":[{"href":"https:\/\/agora.xtec.cat\/cfamariaverdaguer\/wp-json\/wp\/v2\/media?parent=577"}],"curies":[{"name":"wp","href":"https:\/\/api.w.org\/{rel}","templated":true}]}}