{"id":575,"date":"2020-01-20T11:46:58","date_gmt":"2020-01-20T10:46:58","guid":{"rendered":"http:\/\/agora.xtec.cat\/cfamariaverdaguer\/?page_id=575"},"modified":"2020-01-20T11:51:21","modified_gmt":"2020-01-20T10:51:21","slug":"condicions-dacces","status":"publish","type":"page","link":"https:\/\/agora.xtec.cat\/cfamariaverdaguer\/secretaria\/preinscripcio-i-matricula\/condicions-dacces\/","title":{"rendered":"Condicions d&#8217;acc\u00e9s"},"content":{"rendered":"<header class=\"entry-header\">Per accedir als ensenyaments als centres i aules de formaci\u00f3 de persones adultes cal tenir 18 anys o b\u00e9 complir-los durant l\u2019any natural en qu\u00e8 s\u2019inicia la formaci\u00f3.<\/p>\n<p>Tamb\u00e9 hi poden accedir les persones que compleixin com a m\u00ednim 16 anys l\u2019any natural en qu\u00e8 inicien la formaci\u00f3, si tenen un contracte laboral \u00a0(<a href=\"http:\/\/agora.xtec.cat\/cfa-espiteus\/wp-content\/uploads\/usu71\/2016\/05\/Relaci%C3%B3-contractual-amb-lempresa.pdf\" target=\"_blank\" rel=\"noopener noreferrer\">Document acreditatiu de la relaci\u00f3 contractual amb l\u2019empresa<\/a>)\u00a0 que els impedeixi assistir als centres educatius en r\u00e8gim ordinari, si es troben en proc\u00e9s d\u2019obtenci\u00f3 d\u2019un perm\u00eds de treball, si s\u00f3n esportistes d\u2019alt rendiment, si cursen o han cursat un programa de formaci\u00f3 i inserci\u00f3, si volen cursar la formaci\u00f3 per a proves d\u2019acc\u00e9s als cicles formatius de grau mitj\u00e0 o si participen al programa d\u2019experi\u00e8ncia professional per a l\u2019ocupaci\u00f3 juvenil a Catalunya \u00a0\u201cJoves per l\u2019Ocupaci\u00f3\u201d.<\/p>\n<p>Per accedir als cursos de formaci\u00f3 per a l\u2019acc\u00e9s a cicles formatius de grau mitj\u00e0 o de grau superior, als ensenyaments de lleng\u00fces estrangeres i als cursos de COMPETIC, cal participar en el proc\u00e9s d\u2019informaci\u00f3 i orientaci\u00f3 del centre que es demana en primera opci\u00f3; aquest proc\u00e9s ha d\u2019evidenciar que la persona t\u00e9 les compet\u00e8ncies i els coneixements necessaris per cursar aquest ensenyament amb \u00e8xit.<\/p>\n<\/header>\n","protected":false},"excerpt":{"rendered":"<p>Per accedir als ensenyaments als centres i aules de formaci\u00f3 de persones adultes cal tenir 18 anys o b\u00e9 complir-los durant l\u2019any natural en qu\u00e8 s\u2019inicia la formaci\u00f3.<br \/>\nTamb\u00e9 hi poden accedir les persones que compleixin com a m\u00ednim 16 anys l\u2019any natural en qu\u00e8 inicien&hellip;  <a href=\"https:\/\/agora.xtec.cat\/cfamariaverdaguer\/secretaria\/preinscripcio-i-matricula\/condicions-dacces\/\" title=\"Read Condicions d&#8217;acc\u00e9s\">Llegeix m\u00e9s\u00bb<\/a><\/p>\n","protected":false},"author":1,"featured_media":0,"parent":556,"menu_order":0,"comment_status":"closed","ping_status":"closed","template":"page-templates\/side-menu.php","meta":{"_bbp_topic_count":0,"_bbp_reply_count":0,"_bbp_total_topic_count":0,"_bbp_total_reply_count":0,"_bbp_voice_count":0,"_bbp_anonymous_reply_count":0,"_bbp_topic_count_hidden":0,"_bbp_reply_count_hidden":0,"_bbp_forum_subforum_count":0,"footnotes":""},"class_list":["post-575","page","type-page","status-publish","hentry"],"post_mailing_queue_ids":[],"_links":{"self":[{"href":"https:\/\/agora.xtec.cat\/cfamariaverdaguer\/wp-json\/wp\/v2\/pages\/575","targetHints":{"allow":["GET"]}}],"collection":[{"href":"https:\/\/agora.xtec.cat\/cfamariaverdaguer\/wp-json\/wp\/v2\/pages"}],"about":[{"href":"https:\/\/agora.xtec.cat\/cfamariaverdaguer\/wp-json\/wp\/v2\/types\/page"}],"author":[{"embeddable":true,"href":"https:\/\/agora.xtec.cat\/cfamariaverdaguer\/wp-json\/wp\/v2\/users\/1"}],"replies":[{"embeddable":true,"href":"https:\/\/agora.xtec.cat\/cfamariaverdaguer\/wp-json\/wp\/v2\/comments?post=575"}],"version-history":[{"count":2,"href":"https:\/\/agora.xtec.cat\/cfamariaverdaguer\/wp-json\/wp\/v2\/pages\/575\/revisions"}],"predecessor-version":[{"id":583,"href":"https:\/\/agora.xtec.cat\/cfamariaverdaguer\/wp-json\/wp\/v2\/pages\/575\/revisions\/583"}],"up":[{"embeddable":true,"href":"https:\/\/agora.xtec.cat\/cfamariaverdaguer\/wp-json\/wp\/v2\/pages\/556"}],"wp:attachment":[{"href":"https:\/\/agora.xtec.cat\/cfamariaverdaguer\/wp-json\/wp\/v2\/media?parent=575"}],"curies":[{"name":"wp","href":"https:\/\/api.w.org\/{rel}","templated":true}]}}