{"id":320,"date":"2015-01-28T11:35:13","date_gmt":"2015-01-28T10:35:13","guid":{"rendered":"http:\/\/agora.xtec.cat\/cfamariaverdaguer\/?page_id=320"},"modified":"2023-01-26T12:51:24","modified_gmt":"2023-01-26T11:51:24","slug":"a-cicles-formatius-de-grau-superior","status":"publish","type":"page","link":"https:\/\/agora.xtec.cat\/cfamariaverdaguer\/ensenyaments\/ensenyaments-per-a-la-preparacio-de-proves-dacces\/a-cicles-formatius-de-grau-superior\/","title":{"rendered":"A cicles formatius de Grau Superior"},"content":{"rendered":"<p dir=\"ltr\">Aquests estudis\u00a0<strong>preparen per presentar-se a les proves d&#8217;acc\u00e9s als cicles de grau superior de formaci\u00f3 professional, d&#8217;arts pl\u00e0stiques i disseny i d&#8217;ensenyaments esportius<\/strong>.\u00a0L&#8217;alumnat pot \u00a0preparar la part comuna de la prova, la part espec\u00edfica, o totes dues.<\/p>\n<p dir=\"ltr\">La durada per a la preparaci\u00f3 de les proves d&#8217;acc\u00e9s al grau superior \u00e9s de\u00a0<strong>300 hores per a la part comuna i de 99 hores per a les dues mat\u00e8ries de la part espec\u00edfica<\/strong>. Aquestes mat\u00e8ries espec\u00edfiques es cursen en el nostre centre a trav\u00e9s de l\u2019IOC.<\/p>\n<p dir=\"ltr\"><strong>El curs s\u2019inicia el setembre i acaba a principis de maig<\/strong>,\u00a0ja que la prova se celebra a mitjans de maig.<\/p>\n<p dir=\"ltr\">Les mat\u00e8ries de la part comuna s\u00f3n llengua catalana, llengua castellana, angl\u00e8s i matem\u00e0tiques. Les mat\u00e8ries espec\u00edfiques les tria cada alumne en funci\u00f3 del cicle formatiu que vol estudiar i d\u2019acord amb les opcions que ofereix cada fam\u00edlia professional.<\/p>\n<p dir=\"ltr\">L\u2019horari del centre permet unes\u00a0<strong>sessions de tutoria<\/strong>\u00a0destinades a ajudar a la realitzaci\u00f3 d\u2019aquests aprenentatges.<\/p>\n<p dir=\"ltr\">La superaci\u00f3 de la prova d&#8217;acc\u00e9s a cicles formatius de Grau Superior:<\/p>\n<ul>\n<li dir=\"ltr\">\n<p dir=\"ltr\">No equival a cap titulaci\u00f3 acad\u00e8mica, tan sols dona la possibilitat a qui no t\u00e9 la titulaci\u00f3 exigida de poder-se matricular a un cicle formatiu de Grau Superior.<\/p>\n<\/li>\n<li dir=\"ltr\">\n<p dir=\"ltr\">Les proves superades tenen validesa permanent i a tot l&#8217;Estat, per\u00f2 no garanteixen pla\u00e7a.<\/p>\n<\/li>\n<\/ul>\n<p dir=\"ltr\"><em><strong>REQUISITS\u00a0<\/strong><\/em><\/p>\n<p dir=\"ltr\">Es poden inscriure a la prova d&#8217;acc\u00e9s a Cicles Formatius de Grau Superior les persones que tinguin complerts 18 anys o els compleixin durant l&#8217;any 2022 i que no tenen el t\u00edtol de batxillerat o equivalent (l\u2019any que fan la prova els alumnes han de fer 19 anys).<\/p>\n<p dir=\"ltr\">Tamb\u00e9 hi ha exempcions que cal tenir en compte segons la formaci\u00f3 i la vida laboral de l\u2019alumne.<\/p>\n<p dir=\"ltr\">Es recomana tenir un nivell m\u00ednim d\u2019estudis.<\/p>\n<p dir=\"ltr\">Les mat\u00e8ries de la part comuna s\u00f3n llengua catalana, llengua castellana, angl\u00e8s i matem\u00e0tiques. Les mat\u00e8ries espec\u00edfiques les tria cada alumne en funci\u00f3 del cicle formatiu que vol estudiar i d\u2019acord amb les opcions que ofereix cada fam\u00edlia professional.<\/p>\n<div>\n<div>\n<div>\n<p><a href=\"https:\/\/triaeducativa.gencat.cat\/ca\/educacio-adults\/ofertats\/proves-acces\/?p_id=284&amp;estudi\" target=\"_blank\" rel=\"noopener noreferrer\"><strong>M\u00c9S INFORMACI\u00d3<\/strong><\/a><\/p>\n<\/div>\n<\/div>\n<\/div>\n","protected":false},"excerpt":{"rendered":"<p>Aquests estudis\u00a0preparen per presentar-se a les proves d&#8217;acc\u00e9s als cicles de grau superior de formaci\u00f3 professional, d&#8217;arts pl\u00e0stiques i disseny i d&#8217;ensenyaments esportius.\u00a0L&#8217;alumnat pot \u00a0preparar la part comuna de la prova, la part espec\u00edfica, o totes dues.<br \/>\nLa durada per a la preparaci\u00f3 de les proves&hellip;  <a href=\"https:\/\/agora.xtec.cat\/cfamariaverdaguer\/ensenyaments\/ensenyaments-per-a-la-preparacio-de-proves-dacces\/a-cicles-formatius-de-grau-superior\/\" title=\"Read A cicles formatius de Grau Superior\">Llegeix m\u00e9s\u00bb<\/a><\/p>\n","protected":false},"author":1,"featured_media":0,"parent":288,"menu_order":10,"comment_status":"closed","ping_status":"closed","template":"page-templates\/side-menu.php","meta":{"_bbp_topic_count":0,"_bbp_reply_count":0,"_bbp_total_topic_count":0,"_bbp_total_reply_count":0,"_bbp_voice_count":0,"_bbp_anonymous_reply_count":0,"_bbp_topic_count_hidden":0,"_bbp_reply_count_hidden":0,"_bbp_forum_subforum_count":0,"footnotes":""},"class_list":["post-320","page","type-page","status-publish","hentry"],"post_mailing_queue_ids":[],"_links":{"self":[{"href":"https:\/\/agora.xtec.cat\/cfamariaverdaguer\/wp-json\/wp\/v2\/pages\/320","targetHints":{"allow":["GET"]}}],"collection":[{"href":"https:\/\/agora.xtec.cat\/cfamariaverdaguer\/wp-json\/wp\/v2\/pages"}],"about":[{"href":"https:\/\/agora.xtec.cat\/cfamariaverdaguer\/wp-json\/wp\/v2\/types\/page"}],"author":[{"embeddable":true,"href":"https:\/\/agora.xtec.cat\/cfamariaverdaguer\/wp-json\/wp\/v2\/users\/1"}],"replies":[{"embeddable":true,"href":"https:\/\/agora.xtec.cat\/cfamariaverdaguer\/wp-json\/wp\/v2\/comments?post=320"}],"version-history":[{"count":3,"href":"https:\/\/agora.xtec.cat\/cfamariaverdaguer\/wp-json\/wp\/v2\/pages\/320\/revisions"}],"predecessor-version":[{"id":2097,"href":"https:\/\/agora.xtec.cat\/cfamariaverdaguer\/wp-json\/wp\/v2\/pages\/320\/revisions\/2097"}],"up":[{"embeddable":true,"href":"https:\/\/agora.xtec.cat\/cfamariaverdaguer\/wp-json\/wp\/v2\/pages\/288"}],"wp:attachment":[{"href":"https:\/\/agora.xtec.cat\/cfamariaverdaguer\/wp-json\/wp\/v2\/media?parent=320"}],"curies":[{"name":"wp","href":"https:\/\/api.w.org\/{rel}","templated":true}]}}