{"id":316,"date":"2015-01-28T11:33:51","date_gmt":"2015-01-28T10:33:51","guid":{"rendered":"http:\/\/agora.xtec.cat\/cfamariaverdaguer\/?page_id=316"},"modified":"2023-01-26T12:10:43","modified_gmt":"2023-01-26T11:10:43","slug":"competencia-digital-competic","status":"publish","type":"page","link":"https:\/\/agora.xtec.cat\/cfamariaverdaguer\/ensenyaments\/ensenyaments-transprofessionals\/competencia-digital-competic\/","title":{"rendered":"Compet\u00e8ncia digital COMPETIC"},"content":{"rendered":"<p dir=\"ltr\">Els cursos d&#8217;iniciaci\u00f3 a la inform\u00e0tica tenen com a objectiu facilitar l&#8217;adquisici\u00f3 de les compet\u00e8ncies m\u00ednimes i els conceptes b\u00e0sics en tecnologies de la informaci\u00f3 i de comunicaci\u00f3 per desenvolupar-se en la societat actual.<\/p>\n<p dir=\"ltr\">Existeixen <strong>4 nivells: COMPETIC Inicial, \u00a0COMPETIC 1, COMPETIC 2 i COMPETIC 3. L\u2019escola ofereix els 3 primers.<\/strong><\/p>\n<p dir=\"ltr\"><em><strong>COMPETIC INICIAL<\/strong><\/em><\/p>\n<p dir=\"ltr\">S\u2019adre\u00e7a a persones que vulguin\u00a0<strong>adquirir coneixements<\/strong> sobre les prestacions de la inform\u00e0tica per cobrir necessitats quotidianes. En aquest nivell es treballen tres de les sis compet\u00e8ncies del nivell b\u00e0sic de l&#8217;acreditaci\u00f3 de compet\u00e8ncies en tecnologies de la informaci\u00f3 i la comunicaci\u00f3 (ACTIC). Aquestes compet\u00e8ncies s\u00f3n:<\/p>\n<p dir=\"ltr\">\u2022 Tecnologia digital, \u00fas de l&#8217;ordinador i del sistema operatiu<\/p>\n<p dir=\"ltr\">\u2022 Tractament de la informaci\u00f3 escrita<\/p>\n<p dir=\"ltr\">\u2022 Navegaci\u00f3 i comunicaci\u00f3 en el m\u00f3n digital<\/p>\n<p dir=\"ltr\">La seva superaci\u00f3 no acredita cap nivell equivalent a l&#8217;ACTIC. \u00c9s un <strong>curs anual\u00a0de 105 hores, de setembre a juny.<\/strong><\/p>\n<p dir=\"ltr\"><strong>COMPETIC 1 \u00a0(ACTIC B\u00c0SIC)<\/strong><\/p>\n<p dir=\"ltr\">S\u2019adre\u00e7a a\u00a0<strong>persones que tenen uns coneixements b\u00e0sics del funcionament de l\u2019ordinador<\/strong>. En aquest nivell es treballen les tres compet\u00e8ncies del nivell b\u00e0sic de l&#8217;acreditaci\u00f3 de compet\u00e8ncies en tecnologies de la informaci\u00f3 i la comunicaci\u00f3 (ACTIC) no recollides a la formaci\u00f3 COMPETIC inicial. S\u00f3n les seg\u00fcents:<\/p>\n<p dir=\"ltr\">\u2022 Tractament de la informaci\u00f3 num\u00e8rica.<\/p>\n<p dir=\"ltr\">\u2022 Tractament de la informaci\u00f3 gr\u00e0fica, sonora i de la imatge en moviment.<\/p>\n<p dir=\"ltr\">\u2022 Cultura, participaci\u00f3 i civisme digital.<\/p>\n<p dir=\"ltr\">La seva superaci\u00f3, que comporta demostrar el coneixement de les 6 compet\u00e8ncies treballades a COMPETIC Inicial i COMPETIC 1, equival al nivell <strong>ACTIC B\u00c0SIC. <\/strong>\u00c9s un <strong>curs anual de 105 hores, de setembre a juny.<\/strong><\/p>\n<p dir=\"ltr\"><em><strong>COMPETIC 2 \u00a0(ACTIC MITJ\u00c0)<\/strong><\/em><\/p>\n<p dir=\"ltr\">S\u2019adre\u00e7a a\u00a0<strong>persones que vulguin adquirir un domini inform\u00e0tic a nivell aplicatiu<\/strong>. Poden cursar-lo aquells que tinguin superat el COMPETIC 1 o que demostrin tenir el coneixement de les 6 compet\u00e8ncies treballades a COMPETIC Inicial i COMPETIC 1.<\/p>\n<p dir=\"ltr\">Recull les vuit compet\u00e8ncies del nivell mitj\u00e0 de l&#8217;acreditaci\u00f3 de compet\u00e8ncies en tecnologies de la informaci\u00f3 i la comunicaci\u00f3 (ACTIC):<\/p>\n<p dir=\"ltr\">\u2022 Cultura, participaci\u00f3 i civisme digital.<\/p>\n<p dir=\"ltr\">\u2022 Tecnologia digital, \u00fas de l&#8217;ordinador i del sistema operatiu.<\/p>\n<p dir=\"ltr\">\u2022 Navegaci\u00f3 i comunicaci\u00f3 en el m\u00f3n digital.<\/p>\n<p dir=\"ltr\">\u2022 Tractament de la informaci\u00f3 escrita.<\/p>\n<p dir=\"ltr\">\u2022 Tractament de la informaci\u00f3 gr\u00e0fica, sonora i de la imatge en moviment.<\/p>\n<p dir=\"ltr\">\u2022 Tractament de la informaci\u00f3 num\u00e8rica.<\/p>\n<p dir=\"ltr\">\u2022 Tractament de les dades.<\/p>\n<p dir=\"ltr\">\u2022 Presentaci\u00f3 de continguts.<\/p>\n<p dir=\"ltr\"><strong>La seva superaci\u00f3 equival al nivell ACTIC MITJ\u00c0.<\/strong>\u00c9s un<strong>curs anual de 140 hores, de setembre a juny, en format SEMIPRESENCIAL<\/strong><\/p>\n<p><a href=\"https:\/\/triaeducativa.gencat.cat\/ca\/educacio-adults\/ofertats\/competic\/\" target=\"_blank\" rel=\"noopener noreferrer\"><strong>M\u00c9S INFORMACI\u00d3<\/strong><\/a><\/p>\n","protected":false},"excerpt":{"rendered":"<p>Els cursos d&#8217;iniciaci\u00f3 a la inform\u00e0tica tenen com a objectiu facilitar l&#8217;adquisici\u00f3 de les compet\u00e8ncies m\u00ednimes i els conceptes b\u00e0sics en tecnologies de la informaci\u00f3 i de comunicaci\u00f3 per desenvolupar-se en la societat actual.<br \/>\nExisteixen 4 nivells: COMPETIC Inicial, \u00a0COMPETIC 1, COMPETIC 2 i COMPETIC 3.&hellip;  <a href=\"https:\/\/agora.xtec.cat\/cfamariaverdaguer\/ensenyaments\/ensenyaments-transprofessionals\/competencia-digital-competic\/\" title=\"Read Compet\u00e8ncia digital COMPETIC\">Llegeix m\u00e9s\u00bb<\/a><\/p>\n","protected":false},"author":1,"featured_media":0,"parent":286,"menu_order":0,"comment_status":"closed","ping_status":"closed","template":"page-templates\/side-menu.php","meta":{"_bbp_topic_count":0,"_bbp_reply_count":0,"_bbp_total_topic_count":0,"_bbp_total_reply_count":0,"_bbp_voice_count":0,"_bbp_anonymous_reply_count":0,"_bbp_topic_count_hidden":0,"_bbp_reply_count_hidden":0,"_bbp_forum_subforum_count":0,"footnotes":""},"class_list":["post-316","page","type-page","status-publish","hentry"],"post_mailing_queue_ids":[],"_links":{"self":[{"href":"https:\/\/agora.xtec.cat\/cfamariaverdaguer\/wp-json\/wp\/v2\/pages\/316","targetHints":{"allow":["GET"]}}],"collection":[{"href":"https:\/\/agora.xtec.cat\/cfamariaverdaguer\/wp-json\/wp\/v2\/pages"}],"about":[{"href":"https:\/\/agora.xtec.cat\/cfamariaverdaguer\/wp-json\/wp\/v2\/types\/page"}],"author":[{"embeddable":true,"href":"https:\/\/agora.xtec.cat\/cfamariaverdaguer\/wp-json\/wp\/v2\/users\/1"}],"replies":[{"embeddable":true,"href":"https:\/\/agora.xtec.cat\/cfamariaverdaguer\/wp-json\/wp\/v2\/comments?post=316"}],"version-history":[{"count":3,"href":"https:\/\/agora.xtec.cat\/cfamariaverdaguer\/wp-json\/wp\/v2\/pages\/316\/revisions"}],"predecessor-version":[{"id":2092,"href":"https:\/\/agora.xtec.cat\/cfamariaverdaguer\/wp-json\/wp\/v2\/pages\/316\/revisions\/2092"}],"up":[{"embeddable":true,"href":"https:\/\/agora.xtec.cat\/cfamariaverdaguer\/wp-json\/wp\/v2\/pages\/286"}],"wp:attachment":[{"href":"https:\/\/agora.xtec.cat\/cfamariaverdaguer\/wp-json\/wp\/v2\/media?parent=316"}],"curies":[{"name":"wp","href":"https:\/\/api.w.org\/{rel}","templated":true}]}}