{"id":312,"date":"2015-01-28T11:32:38","date_gmt":"2015-01-28T10:32:38","guid":{"rendered":"http:\/\/agora.xtec.cat\/cfamariaverdaguer\/?page_id=312"},"modified":"2023-01-18T13:03:46","modified_gmt":"2023-01-18T12:03:46","slug":"llengua-anglesa","status":"publish","type":"page","link":"https:\/\/agora.xtec.cat\/cfamariaverdaguer\/ensenyaments\/ensenyaments-transprofessionals\/llengua-anglesa\/","title":{"rendered":"Llengua anglesa"},"content":{"rendered":"<p dir=\"ltr\">S\u2019adre\u00e7a a\u00a0<strong>persones alfabetitzades amb inter\u00e8s per aprendre angl\u00e8s<\/strong>.<\/p>\n<p dir=\"ltr\">Existeixen<strong>\u00a0tres nivells. L\u2019escola els imparteix tots tres<\/strong>.<\/p>\n<p dir=\"ltr\"><em><strong>ANGL\u00c8S 1 \u00a0 (A1)<\/strong><\/em><\/p>\n<p dir=\"ltr\">S\u2019adre\u00e7a a persones sense cap coneixement de lleng\u00fces estrangeres. La seva superaci\u00f3\u00a0<strong>equival al nivell A1<\/strong>\u00a0segons el Marc Europeu Com\u00fa de Refer\u00e8ncia per a les Lleng\u00fces.\u00a0<strong>Curs anual de 105 hores, de setembre a juny<\/strong>.<\/p>\n<p dir=\"ltr\"><em><strong>ANGL\u00c8S 2 \u00a0(A2.1)<\/strong><\/em><\/p>\n<p dir=\"ltr\">S\u2019adre\u00e7a a persones amb unes habilitats i compet\u00e8ncies m\u00ednimes de lleng\u00fces estrangeres interessades a ampliar-les. La seva superaci\u00f3\u00a0<strong>equival al nivell A2.1<\/strong>\u00a0segons el Marc Europeu Com\u00fa de Refer\u00e8ncia per a les Lleng\u00fces.\u00a0<strong>Curs anual de 140 hores, de setembre a juny<\/strong>.<\/p>\n<p dir=\"ltr\"><em><strong>ANGL\u00c8S 3 (A2.2)<\/strong><\/em><\/p>\n<p dir=\"ltr\">S\u2019adre\u00e7a a persones que vulguin consolidar les seves compet\u00e8ncies i habilitats en lleng\u00fces estrangeres, tant pel que fa a les habilitats orals com escrites. La seva superaci\u00f3\u00a0<strong>equival al nivell A2.2<\/strong>\u00a0segons el Marc Europeu Com\u00fa de Refer\u00e8ncia per a les Lleng\u00fces.\u00a0<strong>Curs anual de 140 hores, de setembre a juny<\/strong>.<\/p>\n<p dir=\"ltr\">L\u2019alumnat que hagi superat aquest nivell, rebr\u00e0 el certificat pertinent per a poder\u00a0<strong>accedir als cursos superiors de les Escoles Oficials d\u2019Idiomes<\/strong>.<\/p>\n<p>El programa de lleng\u00fces estrangeres incorpora la pres\u00e8ncia d\u2019un\u00a0<strong>assistent de lleng\u00fces estrangeres nadiu<\/strong>\u00a0per tal d\u2019afavorir la comunicaci\u00f3 oral dels aprenents. Es potencien les situacions comunicatives reals i quotidianes.<\/p>\n<p><a href=\"https:\/\/triaeducativa.gencat.cat\/ca\/educacio-adults\/ofertats\/llengues-estrangeres\/?p_id=2350&amp;estudi\" target=\"_blank\" rel=\"noopener noreferrer\"><strong>M\u00c9S INFORMACI\u00d3<\/strong><\/a><\/p>\n","protected":false},"excerpt":{"rendered":"<p>S\u2019adre\u00e7a a\u00a0persones alfabetitzades amb inter\u00e8s per aprendre angl\u00e8s.<br \/>\nExisteixen\u00a0tres nivells. L\u2019escola els imparteix tots tres.<br \/>\nANGL\u00c8S 1 \u00a0 (A1)<br \/>\nS\u2019adre\u00e7a a persones sense cap coneixement de lleng\u00fces estrangeres. La seva superaci\u00f3\u00a0equival al nivell A1\u00a0segons el Marc Europeu Com\u00fa de Refer\u00e8ncia per a les Lleng\u00fces.\u00a0Curs anual de 105 hores,&hellip;  <a href=\"https:\/\/agora.xtec.cat\/cfamariaverdaguer\/ensenyaments\/ensenyaments-transprofessionals\/llengua-anglesa\/\" title=\"Read Llengua anglesa\">Llegeix m\u00e9s\u00bb<\/a><\/p>\n","protected":false},"author":1,"featured_media":0,"parent":286,"menu_order":0,"comment_status":"closed","ping_status":"closed","template":"page-templates\/side-menu.php","meta":{"_bbp_topic_count":0,"_bbp_reply_count":0,"_bbp_total_topic_count":0,"_bbp_total_reply_count":0,"_bbp_voice_count":0,"_bbp_anonymous_reply_count":0,"_bbp_topic_count_hidden":0,"_bbp_reply_count_hidden":0,"_bbp_forum_subforum_count":0,"footnotes":""},"class_list":["post-312","page","type-page","status-publish","hentry"],"post_mailing_queue_ids":[],"_links":{"self":[{"href":"https:\/\/agora.xtec.cat\/cfamariaverdaguer\/wp-json\/wp\/v2\/pages\/312","targetHints":{"allow":["GET"]}}],"collection":[{"href":"https:\/\/agora.xtec.cat\/cfamariaverdaguer\/wp-json\/wp\/v2\/pages"}],"about":[{"href":"https:\/\/agora.xtec.cat\/cfamariaverdaguer\/wp-json\/wp\/v2\/types\/page"}],"author":[{"embeddable":true,"href":"https:\/\/agora.xtec.cat\/cfamariaverdaguer\/wp-json\/wp\/v2\/users\/1"}],"replies":[{"embeddable":true,"href":"https:\/\/agora.xtec.cat\/cfamariaverdaguer\/wp-json\/wp\/v2\/comments?post=312"}],"version-history":[{"count":3,"href":"https:\/\/agora.xtec.cat\/cfamariaverdaguer\/wp-json\/wp\/v2\/pages\/312\/revisions"}],"predecessor-version":[{"id":2083,"href":"https:\/\/agora.xtec.cat\/cfamariaverdaguer\/wp-json\/wp\/v2\/pages\/312\/revisions\/2083"}],"up":[{"embeddable":true,"href":"https:\/\/agora.xtec.cat\/cfamariaverdaguer\/wp-json\/wp\/v2\/pages\/286"}],"wp:attachment":[{"href":"https:\/\/agora.xtec.cat\/cfamariaverdaguer\/wp-json\/wp\/v2\/media?parent=312"}],"curies":[{"name":"wp","href":"https:\/\/api.w.org\/{rel}","templated":true}]}}