{"id":303,"date":"2015-01-28T11:23:05","date_gmt":"2015-01-28T10:23:05","guid":{"rendered":"http:\/\/agora.xtec.cat\/cfamariaverdaguer\/?page_id=303"},"modified":"2023-01-18T13:00:43","modified_gmt":"2023-01-18T12:00:43","slug":"graduat-en-educacio-secundaria","status":"publish","type":"page","link":"https:\/\/agora.xtec.cat\/cfamariaverdaguer\/ensenyaments\/ensenyaments-inicials-i-formacio-basica\/graduat-en-educacio-secundaria\/","title":{"rendered":"Graduat en educaci\u00f3 secundaria (GES)"},"content":{"rendered":"<p dir=\"ltr\"><strong>El Graduat en Educaci\u00f3 Secund\u00e0ria (GES) equival a l&#8217;Educaci\u00f3 Secund\u00e0ria Obligat\u00f2ria (ESO)<\/strong>.\u00a0Permet a una persona adulta, a partir de 18 anys, obtenir aquesta titulaci\u00f3. S\u2019ofereixen tres modalitats: presencial, a dist\u00e0ncia (IOC) i proves lliures. Es contemplen diverses combinacions.<\/p>\n<p dir=\"ltr\">S\u2019organitza en\u00a0<strong>dos nivells o cursos (GES 1 \/ GES 2 )<\/strong> i \u00a0en\u00a0<strong>3 \u00e0mbits<\/strong> (\u00e0mbit de matem\u00e0tiques, ci\u00e8ncies i tecnologia \/ \u00e0mbit de socials i participaci\u00f3 \/ \u00e0mbit de la comunicaci\u00f3: catal\u00e0, castell\u00e0 i angl\u00e8s).\u00a0<strong>Cada \u00e0mbit t\u00e9 diferents m\u00f2duls amb una durada d\u2019un trimestre<\/strong>.\u00a0Els diferents m\u00f2duls que conformen cada \u00e0mbit i que constitueixen el conjunt de la titulaci\u00f3, s\u2019ordenen en nivells de dificultat (de menys a m\u00e9s).\u00a0<strong>L\u2019alumnat ha de cursar i aprovar un total de 34 m\u00f2duls al llarg de tot el GES.\u00a0<\/strong><\/p>\n<p dir=\"ltr\">Cada curs est\u00e0 distribu\u00eft en <strong>tres trimestres<\/strong>. Una persona pot incorporar-se al GES a principi de cada trimestre.<\/p>\n<p dir=\"ltr\">Durant el per\u00edode de matriculaci\u00f3, l\u2019alumnat pot acreditar o convalidar aquells m\u00f2duls que tingui superats segons el seu expedient acad\u00e8mic cursat fins al moment i se\u2019n definir\u00e0 un itinerari que haur\u00e0 de completar per a obtenir el graduat en Educaci\u00f3 Secund\u00e0ria.<\/p>\n<p dir=\"ltr\">El centre ofereix tutories individualitzades i grupals per informar, assessorar i orientar acad\u00e8micament i formativa a cada alumne\/a.<\/p>\n<h3 dir=\"ltr\"><strong>M\u00d2DULS GES<\/strong><\/h3>\n<p style=\"text-align: center;\"><strong>GES 1<\/strong><\/p>\n<table style=\"border-collapse: collapse; width: 100%;\">\n<tbody>\n<tr style=\"background-color: #03a19b;\">\n<td style=\"width: 33.3334%; text-align: center;\" colspan=\"2\"><strong>1r TRIMESTRE<\/strong><\/td>\n<td style=\"width: 33.3334%; text-align: center;\" colspan=\"2\"><strong>2n TRIMESTRE<\/strong><\/td>\n<td style=\"width: 33.3334%; text-align: center;\" colspan=\"2\"><strong>3r TRIMESTRE<\/strong><\/td>\n<\/tr>\n<tr style=\"background-color: #b6dede;\">\n<td style=\"width: 14.4371%; text-align: center;\"><strong>\u00c0mbit<\/strong><\/td>\n<td style=\"width: 18.8963%; text-align: center;\"><strong>M\u00f2dul<\/strong><\/td>\n<td style=\"width: 14.4953%; text-align: center;\"><strong>\u00c0mbit<\/strong><\/td>\n<td style=\"width: 18.8381%; text-align: center;\"><strong>M\u00f2dul<\/strong><\/td>\n<td style=\"width: 14.273%; text-align: center;\"><strong>\u00c0mbit<\/strong><\/td>\n<td style=\"width: 19.0604%; text-align: center;\"><strong>M\u00f2dul<\/strong><\/td>\n<\/tr>\n<tr>\n<td style=\"width: 14.4371%; text-align: center;\">COM<\/td>\n<td style=\"width: 18.8963%;\">Llengua catalana 1<\/td>\n<td style=\"width: 14.4953%; text-align: center;\">COM<\/td>\n<td style=\"width: 18.8381%;\">Llengua catalana 2<\/td>\n<td style=\"width: 14.273%; text-align: center;\">COM<\/td>\n<td style=\"width: 19.0604%;\">*Ampliaci\u00f3 de Llengua catalana<\/td>\n<\/tr>\n<tr>\n<td style=\"width: 14.4371%; text-align: center;\">COM<\/td>\n<td style=\"width: 18.8963%;\">Llengua castellana 1<\/td>\n<td style=\"width: 14.4953%; text-align: center;\">COM<\/td>\n<td style=\"width: 18.8381%;\">Llengua castellana 2<\/td>\n<td style=\"width: 14.273%; text-align: center;\">COM<\/td>\n<td style=\"width: 19.0604%;\">Literatura<\/td>\n<\/tr>\n<tr>\n<td style=\"width: 14.4371%; text-align: center;\"><\/td>\n<td style=\"width: 18.8963%;\"><\/td>\n<td style=\"width: 14.4953%; text-align: center;\">COM<\/td>\n<td style=\"width: 18.8381%;\">*Angl\u00e8s 0<\/td>\n<td style=\"width: 14.273%; text-align: center;\">COM<\/td>\n<td style=\"width: 19.0604%;\">Angl\u00e8s 1<\/td>\n<\/tr>\n<tr>\n<td style=\"width: 14.4371%; text-align: center;\">MCT<\/td>\n<td style=\"width: 18.8963%;\">*TIC<\/td>\n<td style=\"width: 14.4953%; text-align: center;\">MCT<\/td>\n<td style=\"width: 18.8381%;\">Matem\u00e0tiques 1<\/td>\n<td style=\"width: 14.273%; text-align: center;\">MCT<\/td>\n<td style=\"width: 19.0604%;\">Matem\u00e0tiques 2<\/td>\n<\/tr>\n<tr>\n<td style=\"width: 14.4371%; text-align: center;\">MCT<\/td>\n<td style=\"width: 18.8963%;\">Educaci\u00f3 per a la salut<\/td>\n<td style=\"width: 14.4953%; text-align: center;\">MCT<\/td>\n<td style=\"width: 18.8381%;\">Ci\u00e8ncies naturals<\/td>\n<td style=\"width: 14.273%; text-align: center;\">MCT<\/td>\n<td style=\"width: 19.0604%;\">F\u00edsica i Qu\u00edmica 1<\/td>\n<\/tr>\n<tr>\n<td style=\"width: 14.4371%; text-align: center;\">SOC<\/td>\n<td style=\"width: 18.8963%;\">Geografia 1<\/td>\n<td style=\"width: 14.4953%; text-align: center;\">SOC<\/td>\n<td style=\"width: 18.8381%;\">Educaci\u00f3 per a la ciutadania<\/td>\n<td style=\"width: 14.273%; text-align: center;\">SOC<\/td>\n<td style=\"width: 19.0604%;\">Hist\u00f2ria 1<\/td>\n<\/tr>\n<\/tbody>\n<\/table>\n<p>&nbsp;<\/p>\n<p style=\"text-align: center;\"><strong>GES 2<\/strong><\/p>\n<table style=\"border-collapse: collapse; width: 100%;\">\n<tbody>\n<tr style=\"background-color: #03a19b;\">\n<td style=\"width: 33.3334%; text-align: center;\" colspan=\"2\"><strong>1r TRIMESTRE<\/strong><\/td>\n<td style=\"width: 33.3334%; text-align: center;\" colspan=\"2\"><strong>2n TRIMESTRE<\/strong><\/td>\n<td style=\"width: 33.3334%; text-align: center;\" colspan=\"2\"><strong>3r TRIMESTRE<\/strong><\/td>\n<\/tr>\n<tr style=\"background-color: #b6dede;\">\n<td style=\"width: 14.3646%; text-align: center;\"><strong>\u00c0mbit<\/strong><\/td>\n<td style=\"width: 18.9688%; text-align: center;\"><strong>M\u00f2dul<\/strong><\/td>\n<td style=\"width: 14.4228%; text-align: center;\"><strong>\u00c0mbit<\/strong><\/td>\n<td style=\"width: 18.9106%; text-align: center;\"><strong>M\u00f2dul<\/strong><\/td>\n<td style=\"width: 14.418%; text-align: center;\"><strong>\u00c0mbit<\/strong><\/td>\n<td style=\"width: 18.9154%; text-align: center;\"><strong>M\u00f2dul<\/strong><\/td>\n<\/tr>\n<tr>\n<td style=\"width: 14.3646%; text-align: center;\">COM<\/td>\n<td style=\"width: 18.9688%;\">Llengua catalana 3<\/td>\n<td style=\"width: 14.4228%; text-align: center;\">COM<\/td>\n<td style=\"width: 18.9106%;\">*L&#8217;argumentaci\u00f3 discursiva<\/td>\n<td style=\"width: 14.418%; text-align: center;\">COM<\/td>\n<td style=\"width: 18.9154%;\">Literatura catalana<\/td>\n<\/tr>\n<tr>\n<td style=\"width: 14.3646%; text-align: center;\">COM<\/td>\n<td style=\"width: 18.9688%;\">*Taller de escritura creativa<\/td>\n<td style=\"width: 14.4228%; text-align: center;\">COM<\/td>\n<td style=\"width: 18.9106%;\">Literatura castellana<\/td>\n<td style=\"width: 14.418%; text-align: center;\">COM<\/td>\n<td style=\"width: 18.9154%;\">Llengua castellana 3<\/td>\n<\/tr>\n<tr>\n<td style=\"width: 14.3646%; text-align: center;\"><\/td>\n<td style=\"width: 18.9688%;\"><\/td>\n<td style=\"width: 14.4228%; text-align: center;\">COM<\/td>\n<td style=\"width: 18.9106%;\">Angl\u00e8s 2<\/td>\n<td style=\"width: 14.418%; text-align: center;\">COM<\/td>\n<td style=\"width: 18.9154%;\">Angl\u00e8s 3<\/td>\n<\/tr>\n<tr>\n<td style=\"width: 14.3646%; text-align: center;\">MCT<\/td>\n<td style=\"width: 18.9688%;\">*Diet\u00e8tica i nutrici\u00f3<\/td>\n<td style=\"width: 14.4228%; text-align: center;\">MCT<\/td>\n<td style=\"width: 18.9106%;\">Matem\u00e0tiques 3<\/td>\n<td style=\"width: 14.418%; text-align: center;\">MCT<\/td>\n<td style=\"width: 18.9154%;\">Matem\u00e0tiques 4<\/td>\n<\/tr>\n<tr>\n<td style=\"width: 14.3646%; text-align: center;\">MCT<\/td>\n<td style=\"width: 18.9688%;\">Biologia i Geologia<\/td>\n<td style=\"width: 14.4228%; text-align: center;\">MCT<\/td>\n<td style=\"width: 18.9106%;\">Tecnologia<\/td>\n<td style=\"width: 14.418%; text-align: center;\">MCT<\/td>\n<td style=\"width: 18.9154%;\">F\u00edsica i Qu\u00edmica 2<\/td>\n<\/tr>\n<tr>\n<td style=\"width: 14.3646%; text-align: center;\">SOC<\/td>\n<td style=\"width: 18.9688%;\">Hist\u00f2ria 2<\/td>\n<td style=\"width: 14.4228%; text-align: center;\">SOC<\/td>\n<td style=\"width: 18.9106%;\">Geografia 2<\/td>\n<td style=\"width: 14.418%; text-align: center;\">SOC<\/td>\n<td style=\"width: 18.9154%;\">Moviments migratoris<\/td>\n<\/tr>\n<\/tbody>\n<\/table>\n<p>COM: \u00c0mbit de la comunicaci\u00f3<\/p>\n<p>MCT: \u00c0mbit cientificotecnol\u00f2gic<\/p>\n<p>SOC: \u00c0mbit social<\/p>\n<p>*: M\u00f2duls optatius<\/p>\n<p><a href=\"https:\/\/triaeducativa.gencat.cat\/ca\/educacio-adults\/ofertats\/geso\/?p_id=280&amp;estudi\" target=\"_blank\" rel=\"noopener noreferrer\"><strong>M\u00c9S INFORMACI\u00d3\u00a0<\/strong><\/a><\/p>\n","protected":false},"excerpt":{"rendered":"<p>El Graduat en Educaci\u00f3 Secund\u00e0ria (GES) equival a l&#8217;Educaci\u00f3 Secund\u00e0ria Obligat\u00f2ria (ESO).\u00a0Permet a una persona adulta, a partir de 18 anys, obtenir aquesta titulaci\u00f3. S\u2019ofereixen tres modalitats: presencial, a dist\u00e0ncia (IOC) i proves lliures. Es contemplen diverses combinacions.<br \/>\nS\u2019organitza en\u00a0dos nivells o cursos (GES 1 \/&hellip;  <a href=\"https:\/\/agora.xtec.cat\/cfamariaverdaguer\/ensenyaments\/ensenyaments-inicials-i-formacio-basica\/graduat-en-educacio-secundaria\/\" title=\"Read Graduat en educaci\u00f3 secundaria (GES)\">Llegeix m\u00e9s\u00bb<\/a><\/p>\n","protected":false},"author":1,"featured_media":0,"parent":283,"menu_order":0,"comment_status":"closed","ping_status":"closed","template":"page-templates\/side-menu.php","meta":{"_bbp_topic_count":0,"_bbp_reply_count":0,"_bbp_total_topic_count":0,"_bbp_total_reply_count":0,"_bbp_voice_count":0,"_bbp_anonymous_reply_count":0,"_bbp_topic_count_hidden":0,"_bbp_reply_count_hidden":0,"_bbp_forum_subforum_count":0,"footnotes":""},"class_list":["post-303","page","type-page","status-publish","hentry"],"post_mailing_queue_ids":[],"_links":{"self":[{"href":"https:\/\/agora.xtec.cat\/cfamariaverdaguer\/wp-json\/wp\/v2\/pages\/303","targetHints":{"allow":["GET"]}}],"collection":[{"href":"https:\/\/agora.xtec.cat\/cfamariaverdaguer\/wp-json\/wp\/v2\/pages"}],"about":[{"href":"https:\/\/agora.xtec.cat\/cfamariaverdaguer\/wp-json\/wp\/v2\/types\/page"}],"author":[{"embeddable":true,"href":"https:\/\/agora.xtec.cat\/cfamariaverdaguer\/wp-json\/wp\/v2\/users\/1"}],"replies":[{"embeddable":true,"href":"https:\/\/agora.xtec.cat\/cfamariaverdaguer\/wp-json\/wp\/v2\/comments?post=303"}],"version-history":[{"count":3,"href":"https:\/\/agora.xtec.cat\/cfamariaverdaguer\/wp-json\/wp\/v2\/pages\/303\/revisions"}],"predecessor-version":[{"id":2082,"href":"https:\/\/agora.xtec.cat\/cfamariaverdaguer\/wp-json\/wp\/v2\/pages\/303\/revisions\/2082"}],"up":[{"embeddable":true,"href":"https:\/\/agora.xtec.cat\/cfamariaverdaguer\/wp-json\/wp\/v2\/pages\/283"}],"wp:attachment":[{"href":"https:\/\/agora.xtec.cat\/cfamariaverdaguer\/wp-json\/wp\/v2\/media?parent=303"}],"curies":[{"name":"wp","href":"https:\/\/api.w.org\/{rel}","templated":true}]}}