{"id":301,"date":"2015-01-28T11:21:46","date_gmt":"2015-01-28T10:21:46","guid":{"rendered":"http:\/\/agora.xtec.cat\/cfamariaverdaguer\/?page_id=301"},"modified":"2023-01-18T12:42:51","modified_gmt":"2023-01-18T11:42:51","slug":"formacio-instrumental","status":"publish","type":"page","link":"https:\/\/agora.xtec.cat\/cfamariaverdaguer\/ensenyaments\/ensenyaments-inicials-i-formacio-basica\/formacio-instrumental\/","title":{"rendered":"Formaci\u00f3 instrumental"},"content":{"rendered":"<p dir=\"ltr\">El cicle de Formaci\u00f3 Instrumental (FI) va adre\u00e7at a persones no alfabetitzades en la seva llengua materna. S&#8217;organitza en 2 cicles i <strong>quatre nivells d&#8217;aprenentatge<\/strong>.<\/p>\n<h3 dir=\"ltr\"><strong style=\"font-family: inherit; font-size: 1em;\"><u>PRIMER CICLE:<\/u><\/strong><\/h3>\n<p dir=\"ltr\"><em><strong>FI 1 \u2013 PRIMER NIVELL<\/strong><\/em><\/p>\n<p dir=\"ltr\">S&#8217;adre\u00e7a a<strong>\u00a0persones que volen iniciar-se a aprendre a llegir i a escriure<\/strong>.\u00a0S\u00f3n persones no alfabetitzades, que desconeixen les lletres o coneixen lletres soltes, principalment maj\u00fascules. T\u00e9 com a finalitat adquirir compet\u00e8ncies m\u00ednimes de llengua oral i escrita i unes m\u00ednimes compet\u00e8ncies matem\u00e0tiques, tecnol\u00f2giques i del medi m\u00e9s proper que es treballa de manera integrada amb la llengua.\u00a0<strong>Curs anual de 8 hores setmanals, de setembre a juny<\/strong>.<\/p>\n<p dir=\"ltr\"><em><strong>FI 2 \u2013 SEGON NIVELL<\/strong><\/em><\/p>\n<p dir=\"ltr\">S&#8217;adre\u00e7a a\u00a0<strong>persones que volen continuar aprenent a llegir i escriure,<\/strong> <strong>adquirir certa comprensi\u00f3 lectora i coneixements d\u2019escriptura<\/strong>. S\u00f3n persones que coneixen les lletres, llegeixen amb dificultat les maj\u00fascules per\u00f2 no saben escriure. \u00a0T\u00e9 com a finalitat ampliar les compet\u00e8ncies de llengua oral i escrita, les matem\u00e0tiques, les ci\u00e8ncies socials i naturals; i adquirir m\u00ednimes compet\u00e8ncies tecnol\u00f2giques.<strong>\u00a0Curs anual de 6 hores setmanals, de setembre a juny<\/strong>.<\/p>\n<p dir=\"ltr\"><strong>L\u2019alumnat que supera el primer cicle de formaci\u00f3 instrumental assoleix un nivell de les dues lleng\u00fces oficials equivalent al nivell inicial del MECR i t\u00e9 dret a l\u2019obtenci\u00f3 de la corresponent equival\u00e8ncia de conformitat amb el r\u00e8gim de certificaci\u00f3 de coneixements en la mat\u00e8ria<\/strong>.<\/p>\n<h3 dir=\"ltr\"><strong><u>SEGON\u00a0CICLE:<\/u><\/strong><\/h3>\n<p dir=\"ltr\"><em><strong>FI 3 \u2013 TERCER NIVELL<\/strong><\/em><\/p>\n<p dir=\"ltr\">S&#8217;adre\u00e7a a<strong>\u00a0persones amb cert coneixement de la llengua que volen assolir la formaci\u00f3 adequada per obtenir una certificaci\u00f3 b\u00e0sica<\/strong>. S\u00f3n persones que saben llegir i escriure en maj\u00fascules, per\u00f2 presenten dificultats amb les min\u00fascules. Els cal agilitat. Es continuen ampliant les compet\u00e8ncies llengua oral i escrita, les matem\u00e0tiques, ci\u00e8ncies i compet\u00e8ncies tecnol\u00f2giques, amb l\u2019objectiu que quan acabin el tercer nivell siguin persones aut\u00f2nomes en lectoescriptura i que el seu aprenentatge sigui significatiu i \u00fatil en les interaccions socials i quotidianes.\u00a0<strong>Curs anual de 6 hores setmanals, de setembre a juny.<\/strong><\/p>\n<p dir=\"ltr\"><em><strong>FI 4 \u2013 QUART\u00a0NIVELL<\/strong><\/em><\/p>\n<p dir=\"ltr\">S&#8217;adre\u00e7a a<strong>\u00a0persones que volen ampliar el coneixement de les lleng\u00fces castellana, catalana i iniciar-se amb la llengua anglesa.<\/strong>\u00a0Aquestes persones han de saber llegir i escriure ambdues lleng\u00fces. Durant aquest nivell han d\u2019ampliar coneixements de gram\u00e0tica, l\u00e8xic, \u00a0comprensi\u00f3 \u00a0i expressi\u00f3 escrita. Alhora es continuen ampliant les compet\u00e8ncies \u00a0en les matem\u00e0tiques, ci\u00e8ncies i compet\u00e8ncies tecnol\u00f2giques, amb l\u2019objectiu que quan acabin el quart nivell siguin persones que es puguin continuar formant-se en el graduat d&#8217;Educaci\u00f3 Secund\u00e0ria o per les Proves d&#8217;acc\u00e9s a Grau Mitj\u00e0.\u00a0<strong>Curs anual de 8 hores setmanals, de setembre a juny.<\/strong><\/p>\n<p dir=\"ltr\"><strong>L\u2019alumnat que supera el segon cicle de formaci\u00f3 instrumental assoleix un nivell de les dues lleng\u00fces oficials equivalent al nivell b\u00e0sic del MECR i t\u00e9 dret a l\u2019obtenci\u00f3 de la corresponent equival\u00e8ncia de conformitat amb el r\u00e8gim de certificaci\u00f3 de coneixements en la mat\u00e8ria.<\/strong><\/p>\n<p><a href=\"https:\/\/triaeducativa.gencat.cat\/ca\/educacio-adults\/ofertats\/formacio-instrumental\/?p_id=294&amp;estudi\" target=\"_blank\" rel=\"noopener noreferrer\"><strong>M\u00c9S INFORMACI\u00d3<\/strong><\/a><\/p>\n","protected":false},"excerpt":{"rendered":"<p>El cicle de Formaci\u00f3 Instrumental (FI) va adre\u00e7at a persones no alfabetitzades en la seva llengua materna. S&#8217;organitza en 2 cicles i quatre nivells d&#8217;aprenentatge.<br \/>\nPRIMER CICLE:<br \/>\nFI 1 \u2013 PRIMER NIVELL<br \/>\nS&#8217;adre\u00e7a a\u00a0persones que volen iniciar-se a aprendre a llegir i a escriure.\u00a0S\u00f3n persones no alfabetitzades, que&hellip;  <a href=\"https:\/\/agora.xtec.cat\/cfamariaverdaguer\/ensenyaments\/ensenyaments-inicials-i-formacio-basica\/formacio-instrumental\/\" title=\"Read Formaci\u00f3 instrumental\">Llegeix m\u00e9s\u00bb<\/a><\/p>\n","protected":false},"author":1,"featured_media":0,"parent":283,"menu_order":0,"comment_status":"closed","ping_status":"closed","template":"page-templates\/side-menu.php","meta":{"_bbp_topic_count":0,"_bbp_reply_count":0,"_bbp_total_topic_count":0,"_bbp_total_reply_count":0,"_bbp_voice_count":0,"_bbp_anonymous_reply_count":0,"_bbp_topic_count_hidden":0,"_bbp_reply_count_hidden":0,"_bbp_forum_subforum_count":0,"footnotes":""},"class_list":["post-301","page","type-page","status-publish","hentry"],"post_mailing_queue_ids":[],"_links":{"self":[{"href":"https:\/\/agora.xtec.cat\/cfamariaverdaguer\/wp-json\/wp\/v2\/pages\/301","targetHints":{"allow":["GET"]}}],"collection":[{"href":"https:\/\/agora.xtec.cat\/cfamariaverdaguer\/wp-json\/wp\/v2\/pages"}],"about":[{"href":"https:\/\/agora.xtec.cat\/cfamariaverdaguer\/wp-json\/wp\/v2\/types\/page"}],"author":[{"embeddable":true,"href":"https:\/\/agora.xtec.cat\/cfamariaverdaguer\/wp-json\/wp\/v2\/users\/1"}],"replies":[{"embeddable":true,"href":"https:\/\/agora.xtec.cat\/cfamariaverdaguer\/wp-json\/wp\/v2\/comments?post=301"}],"version-history":[{"count":4,"href":"https:\/\/agora.xtec.cat\/cfamariaverdaguer\/wp-json\/wp\/v2\/pages\/301\/revisions"}],"predecessor-version":[{"id":2077,"href":"https:\/\/agora.xtec.cat\/cfamariaverdaguer\/wp-json\/wp\/v2\/pages\/301\/revisions\/2077"}],"up":[{"embeddable":true,"href":"https:\/\/agora.xtec.cat\/cfamariaverdaguer\/wp-json\/wp\/v2\/pages\/283"}],"wp:attachment":[{"href":"https:\/\/agora.xtec.cat\/cfamariaverdaguer\/wp-json\/wp\/v2\/media?parent=301"}],"curies":[{"name":"wp","href":"https:\/\/api.w.org\/{rel}","templated":true}]}}