{"id":299,"date":"2015-01-28T11:21:22","date_gmt":"2015-01-28T10:21:22","guid":{"rendered":"http:\/\/agora.xtec.cat\/cfamariaverdaguer\/?page_id=299"},"modified":"2023-01-18T12:44:20","modified_gmt":"2023-01-18T11:44:20","slug":"llengua-castellana","status":"publish","type":"page","link":"https:\/\/agora.xtec.cat\/cfamariaverdaguer\/ensenyaments\/ensenyaments-inicials-i-formacio-basica\/llengua-castellana\/","title":{"rendered":"Llengua castellana"},"content":{"rendered":"<p dir=\"ltr\">S\u2019adre\u00e7a a\u00a0<strong>persones alfabetitzades<\/strong>\u00a0en la seva llengua materna i amb grafia llatina, per\u00f2<strong>\u00a0sense coneixements de castell\u00e0<\/strong>.\u00a0La superaci\u00f3 de cada curs corresponent d\u00f3na acc\u00e9s a un certificat acreditatiu.<\/p>\n<p dir=\"ltr\">A l&#8217;escola oferim tres nivells.<\/p>\n<p dir=\"ltr\"><em><strong>CASTELL\u00c0 1 \u00a0(A1)<\/strong><\/em><\/p>\n<p dir=\"ltr\">S&#8217;adre\u00e7a a persones amb desconeixement de les compet\u00e8ncies i habilitats b\u00e0siques de castell\u00e0. Equival al\u00a0<strong>nivell A1<\/strong>\u00a0segons el Marc Europeu Com\u00fa de Refer\u00e8ncia per a les Lleng\u00fces.\u00a0<strong>Curs trimestral<\/strong>\u00a0de 105 hores de\u00a0<strong>setembre \u00a0a desembre<\/strong>\u00a0i de\u00a0<strong>mar\u00e7 a juny<\/strong>.<\/p>\n<p dir=\"ltr\"><em><strong>CASTELL\u00c0 2 \u00a0(A2)<\/strong><\/em><\/p>\n<p dir=\"ltr\">S\u2019adre\u00e7a a persones que han superat el nivell inicial i necessiten ampliar les habilitats de comprensi\u00f3 i expressi\u00f3 oral i escrita de la llengua castellana. Equival al\u00a0<strong>nivell A2<\/strong>\u00a0segons el Marc\u00a0Europeu\u00a0Com\u00fa \u00a0de Refer\u00e8ncia per a les Lleng\u00fces.\u00a0<strong>Curs quadrimestral<\/strong>\u00a0de 140 hores, de\u00a0<strong>setembre a gener<\/strong>\u00a0i de\u00a0<strong>febrer a juny<\/strong>.<\/p>\n<p dir=\"ltr\"><em><strong>CASTELL\u00c0 3 \u00a0(B1)<\/strong><\/em><\/p>\n<p dir=\"ltr\">S\u2019adre\u00e7a a persones que volen consolidar els continguts del nivell A2. Equival al\u00a0<strong>nivell B1<\/strong>\u00a0segons el Marc Europeu Com\u00fa de Refer\u00e8ncia per a les Lleng\u00fces.\u00a0<strong>Curs anual<\/strong>\u00a0de 140 hores, de\u00a0<strong>setembre a juny<\/strong>.<\/p>\n<p><a href=\"https:\/\/triaeducativa.gencat.cat\/ca\/educacio-adults\/ofertats\/llengua-catalana-castellana\/?p_id=2330&amp;estudi\" target=\"_blank\" rel=\"noopener noreferrer\"><strong>M\u00c9S INFORMACI\u00d3<\/strong><\/a><\/p>\n","protected":false},"excerpt":{"rendered":"<p>S\u2019adre\u00e7a a\u00a0persones alfabetitzades\u00a0en la seva llengua materna i amb grafia llatina, per\u00f2\u00a0sense coneixements de castell\u00e0.\u00a0La superaci\u00f3 de cada curs corresponent d\u00f3na acc\u00e9s a un certificat acreditatiu.<br \/>\nA l&#8217;escola oferim tres nivells.<br \/>\nCASTELL\u00c0 1 \u00a0(A1)<br \/>\nS&#8217;adre\u00e7a a persones amb desconeixement de les compet\u00e8ncies i habilitats b\u00e0siques de castell\u00e0. Equival&hellip;  <a href=\"https:\/\/agora.xtec.cat\/cfamariaverdaguer\/ensenyaments\/ensenyaments-inicials-i-formacio-basica\/llengua-castellana\/\" title=\"Read Llengua castellana\">Llegeix m\u00e9s\u00bb<\/a><\/p>\n","protected":false},"author":1,"featured_media":0,"parent":283,"menu_order":0,"comment_status":"closed","ping_status":"closed","template":"page-templates\/side-menu.php","meta":{"_bbp_topic_count":0,"_bbp_reply_count":0,"_bbp_total_topic_count":0,"_bbp_total_reply_count":0,"_bbp_voice_count":0,"_bbp_anonymous_reply_count":0,"_bbp_topic_count_hidden":0,"_bbp_reply_count_hidden":0,"_bbp_forum_subforum_count":0,"footnotes":""},"class_list":["post-299","page","type-page","status-publish","hentry"],"post_mailing_queue_ids":[],"_links":{"self":[{"href":"https:\/\/agora.xtec.cat\/cfamariaverdaguer\/wp-json\/wp\/v2\/pages\/299","targetHints":{"allow":["GET"]}}],"collection":[{"href":"https:\/\/agora.xtec.cat\/cfamariaverdaguer\/wp-json\/wp\/v2\/pages"}],"about":[{"href":"https:\/\/agora.xtec.cat\/cfamariaverdaguer\/wp-json\/wp\/v2\/types\/page"}],"author":[{"embeddable":true,"href":"https:\/\/agora.xtec.cat\/cfamariaverdaguer\/wp-json\/wp\/v2\/users\/1"}],"replies":[{"embeddable":true,"href":"https:\/\/agora.xtec.cat\/cfamariaverdaguer\/wp-json\/wp\/v2\/comments?post=299"}],"version-history":[{"count":4,"href":"https:\/\/agora.xtec.cat\/cfamariaverdaguer\/wp-json\/wp\/v2\/pages\/299\/revisions"}],"predecessor-version":[{"id":2079,"href":"https:\/\/agora.xtec.cat\/cfamariaverdaguer\/wp-json\/wp\/v2\/pages\/299\/revisions\/2079"}],"up":[{"embeddable":true,"href":"https:\/\/agora.xtec.cat\/cfamariaverdaguer\/wp-json\/wp\/v2\/pages\/283"}],"wp:attachment":[{"href":"https:\/\/agora.xtec.cat\/cfamariaverdaguer\/wp-json\/wp\/v2\/media?parent=299"}],"curies":[{"name":"wp","href":"https:\/\/api.w.org\/{rel}","templated":true}]}}