{"id":296,"date":"2015-01-28T11:18:08","date_gmt":"2015-01-28T10:18:08","guid":{"rendered":"http:\/\/agora.xtec.cat\/cfamariaverdaguer\/?page_id=296"},"modified":"2023-01-18T12:43:38","modified_gmt":"2023-01-18T11:43:38","slug":"llengua-catalana","status":"publish","type":"page","link":"https:\/\/agora.xtec.cat\/cfamariaverdaguer\/ensenyaments\/ensenyaments-inicials-i-formacio-basica\/llengua-catalana\/","title":{"rendered":"Llengua catalana"},"content":{"rendered":"<p dir=\"ltr\">S\u2019adre\u00e7a a\u00a0<strong>persones alfabetitzades<\/strong>\u00a0en la seva llengua materna i amb grafia llatina, per\u00f2\u00a0<strong>sense coneixements de catal\u00e0<\/strong>.\u00a0La superaci\u00f3 de cada curs corresponent d\u00f3na acc\u00e9s a un certificat acreditatiu.<\/p>\n<p dir=\"ltr\">A l&#8217;escola oferim\u00a0<strong>tres nivells<\/strong>.<\/p>\n<p dir=\"ltr\"><em><strong>CATAL\u00c0 1 \u00a0(A1)<\/strong><\/em><\/p>\n<p dir=\"ltr\">S&#8217;adre\u00e7a a persones amb desconeixement de les compet\u00e8ncies i habilitats b\u00e0siques de catal\u00e0. Equival al\u00a0<strong>nivell A1<\/strong>\u00a0segons el Marc Europeu Com\u00fa de Refer\u00e8ncia per a les Lleng\u00fces.\u00a0<strong>Curs trimestral\u00a0<\/strong>de 105 hores, de\u00a0<strong>desembre \u00a0a mar\u00e7.\u00a0<\/strong><\/p>\n<p dir=\"ltr\"><em><strong>CATAL\u00c0 2 \u00a0(A2)<\/strong><\/em><\/p>\n<p dir=\"ltr\">S\u2019adre\u00e7a a persones que han superat el nivell inicial i necessiten ampliar les habilitats de comprensi\u00f3 i expressi\u00f3 oral i escrita de la llengua catalana. Equival al\u00a0<strong>nivell A2\u00a0<\/strong>segons el Marc\u00a0Europeu\u00a0Com\u00fa \u00a0de Refer\u00e8ncia per a les Lleng\u00fces.\u00a0<strong>Curs quadrimestral\u00a0<\/strong>de 140 hores, de\u00a0<strong>setembre a gener<\/strong>.<\/p>\n<p dir=\"ltr\"><em><strong>CATAL\u00c0 3 (B1)<\/strong><\/em><\/p>\n<p dir=\"ltr\">S\u2019adre\u00e7a a persones que volen consolidar els continguts del nivell A2. Equival al\u00a0<strong>nivell B1\u00a0<\/strong>segons el Marc Europeu Com\u00fa de Refer\u00e8ncia per a les Lleng\u00fces.\u00a0<strong>Curs anual\u00a0<\/strong>de 140 hores, de\u00a0<strong>setembre a juny<\/strong>.<\/p>\n<p><a href=\"https:\/\/triaeducativa.gencat.cat\/ca\/educacio-adults\/ofertats\/llengua-catalana-castellana\/?p_id=2331&amp;estudi\" target=\"_blank\" rel=\"noopener noreferrer\"><strong>M\u00c9S INFORMACI\u00d3<\/strong><\/a><\/p>\n","protected":false},"excerpt":{"rendered":"<p>S\u2019adre\u00e7a a\u00a0persones alfabetitzades\u00a0en la seva llengua materna i amb grafia llatina, per\u00f2\u00a0sense coneixements de catal\u00e0.\u00a0La superaci\u00f3 de cada curs corresponent d\u00f3na acc\u00e9s a un certificat acreditatiu.<br \/>\nA l&#8217;escola oferim\u00a0tres nivells.<br \/>\nCATAL\u00c0 1 \u00a0(A1)<br \/>\nS&#8217;adre\u00e7a a persones amb desconeixement de les compet\u00e8ncies i habilitats b\u00e0siques de catal\u00e0. Equival al\u00a0nivell&hellip;  <a href=\"https:\/\/agora.xtec.cat\/cfamariaverdaguer\/ensenyaments\/ensenyaments-inicials-i-formacio-basica\/llengua-catalana\/\" title=\"Read Llengua catalana\">Llegeix m\u00e9s\u00bb<\/a><\/p>\n","protected":false},"author":1,"featured_media":0,"parent":283,"menu_order":0,"comment_status":"closed","ping_status":"closed","template":"page-templates\/side-menu.php","meta":{"_bbp_topic_count":0,"_bbp_reply_count":0,"_bbp_total_topic_count":0,"_bbp_total_reply_count":0,"_bbp_voice_count":0,"_bbp_anonymous_reply_count":0,"_bbp_topic_count_hidden":0,"_bbp_reply_count_hidden":0,"_bbp_forum_subforum_count":0,"footnotes":""},"class_list":["post-296","page","type-page","status-publish","hentry"],"post_mailing_queue_ids":[],"_links":{"self":[{"href":"https:\/\/agora.xtec.cat\/cfamariaverdaguer\/wp-json\/wp\/v2\/pages\/296","targetHints":{"allow":["GET"]}}],"collection":[{"href":"https:\/\/agora.xtec.cat\/cfamariaverdaguer\/wp-json\/wp\/v2\/pages"}],"about":[{"href":"https:\/\/agora.xtec.cat\/cfamariaverdaguer\/wp-json\/wp\/v2\/types\/page"}],"author":[{"embeddable":true,"href":"https:\/\/agora.xtec.cat\/cfamariaverdaguer\/wp-json\/wp\/v2\/users\/1"}],"replies":[{"embeddable":true,"href":"https:\/\/agora.xtec.cat\/cfamariaverdaguer\/wp-json\/wp\/v2\/comments?post=296"}],"version-history":[{"count":4,"href":"https:\/\/agora.xtec.cat\/cfamariaverdaguer\/wp-json\/wp\/v2\/pages\/296\/revisions"}],"predecessor-version":[{"id":2078,"href":"https:\/\/agora.xtec.cat\/cfamariaverdaguer\/wp-json\/wp\/v2\/pages\/296\/revisions\/2078"}],"up":[{"embeddable":true,"href":"https:\/\/agora.xtec.cat\/cfamariaverdaguer\/wp-json\/wp\/v2\/pages\/283"}],"wp:attachment":[{"href":"https:\/\/agora.xtec.cat\/cfamariaverdaguer\/wp-json\/wp\/v2\/media?parent=296"}],"curies":[{"name":"wp","href":"https:\/\/api.w.org\/{rel}","templated":true}]}}