{"id":265,"date":"2015-01-27T17:28:56","date_gmt":"2015-01-27T16:28:56","guid":{"rendered":"http:\/\/agora.xtec.cat\/cfamariaverdaguer\/?page_id=265"},"modified":"2024-09-20T09:50:23","modified_gmt":"2024-09-20T07:50:23","slug":"organitzacio-interna","status":"publish","type":"page","link":"https:\/\/agora.xtec.cat\/cfamariaverdaguer\/el-centre\/organitzacio-interna\/","title":{"rendered":"Qui som"},"content":{"rendered":"<h4>EQUIP DIRECTIU<\/h4>\n<p><strong>Directora<\/strong>: Anna Triola<\/p>\n<p><strong>Cap d&#8217;estudis:<\/strong> Marina Casadevall<\/p>\n<p><strong>Secret\u00e0ria:<\/strong> Rosa Palomeras<\/p>\n<p>&nbsp;<\/p>\n<h4>EQUIP DE COORDINACI\u00d3<\/h4>\n<p><em>Cada programa compta amb un coordinador\/a que es responsabilitza de la din\u00e0mica global del programa\u00a0i el seu desenvolupament<\/em><\/p>\n<p><strong>Coordinador d&#8217;ensenyaments transprofessionals: <\/strong>Robert Stein<\/p>\n<p><strong>Coordinadora d&#8217;ensenyaments b\u00e0sics: <\/strong>Imma Junc\u00e0<\/p>\n<p><strong>Coordinadora de formaci\u00f3 instrumental<\/strong>: Dolors Carrion<\/p>\n<p><strong>Coordinadora de GES:<\/strong> Alba Teixidor<\/p>\n<p><strong>Coordinadora de proves d&#8217;acc\u00e9s:<\/strong> Rosa Palomeras i Robert Stein<\/p>\n<p><strong>Coordinadora d&#8217;inform\u00e0tica:<\/strong> Enric Vinyoles<\/p>\n<p><strong>Responsable IOC:<\/strong> Alba Teixidor<\/p>\n<p><strong>Coordinadora de llengua, interculturalitat i cohesi\u00f3 social: <\/strong>Llu\u00efsa Soler<\/p>\n<p><strong>Coordinadora de coeducaci\u00f3, conviv\u00e8ncia i benestar de l&#8217;alumnat:\u00a0<\/strong>Cristina Mas<\/p>\n<p>&nbsp;<\/p>\n<h4>PROFESSORAT<\/h4>\n<p>Dolors Carrion, Marina Casadevall, Imma Junc\u00e0, Cristina Mas, Rosa Palomeras, Jose Pepiol (subst. Abel Rodr\u00edguez), Angi Rabat, S\u00f2nia Simon, Llu\u00efsa Soler, Robert Stein, Alba Teixidor, Anna Triola i Enric Vinyoles.<\/p>\n<p>&nbsp;<\/p>\n<h4>PERSONAL D&#8217;ADMINISTRACI\u00d3 I SERVEIS<\/h4>\n<p><strong>Administrativa:<\/strong> Virginia Cuevas<\/p>\n<p><strong>Conserge:<\/strong> Helena Castell<\/p>\n<div><\/div>\n<div><\/div>\n<p>&nbsp;<\/p>\n","protected":false},"excerpt":{"rendered":"<p>EQUIP DIRECTIU<br \/>\nDirectora: Anna Triola<br \/>\nCap d&#8217;estudis: Marina Casadevall<br \/>\nSecret\u00e0ria: Rosa Palomeras<br \/>\n&nbsp;<br \/>\nEQUIP DE COORDINACI\u00d3<br \/>\nCada programa compta amb un coordinador\/a que es responsabilitza de la din\u00e0mica global del programa\u00a0i el seu desenvolupament<br \/>\nCoordinador d&#8217;ensenyaments transprofessionals: Robert Stein<br \/>\nCoordinadora d&#8217;ensenyaments b\u00e0sics: Imma Junc\u00e0<br \/>\nCoordinadora de formaci\u00f3 instrumental: Dolors Carrion<br \/>\nCoordinadora de GES: Alba Teixidor<br \/>\nCoordinadora&hellip;  <a href=\"https:\/\/agora.xtec.cat\/cfamariaverdaguer\/el-centre\/organitzacio-interna\/\" title=\"Read Qui som\">Llegeix m\u00e9s\u00bb<\/a><\/p>\n","protected":false},"author":1,"featured_media":0,"parent":261,"menu_order":1,"comment_status":"closed","ping_status":"closed","template":"page-templates\/side-menu.php","meta":{"_bbp_topic_count":0,"_bbp_reply_count":0,"_bbp_total_topic_count":0,"_bbp_total_reply_count":0,"_bbp_voice_count":0,"_bbp_anonymous_reply_count":0,"_bbp_topic_count_hidden":0,"_bbp_reply_count_hidden":0,"_bbp_forum_subforum_count":0,"footnotes":""},"class_list":["post-265","page","type-page","status-publish","hentry"],"post_mailing_queue_ids":[],"_links":{"self":[{"href":"https:\/\/agora.xtec.cat\/cfamariaverdaguer\/wp-json\/wp\/v2\/pages\/265","targetHints":{"allow":["GET"]}}],"collection":[{"href":"https:\/\/agora.xtec.cat\/cfamariaverdaguer\/wp-json\/wp\/v2\/pages"}],"about":[{"href":"https:\/\/agora.xtec.cat\/cfamariaverdaguer\/wp-json\/wp\/v2\/types\/page"}],"author":[{"embeddable":true,"href":"https:\/\/agora.xtec.cat\/cfamariaverdaguer\/wp-json\/wp\/v2\/users\/1"}],"replies":[{"embeddable":true,"href":"https:\/\/agora.xtec.cat\/cfamariaverdaguer\/wp-json\/wp\/v2\/comments?post=265"}],"version-history":[{"count":4,"href":"https:\/\/agora.xtec.cat\/cfamariaverdaguer\/wp-json\/wp\/v2\/pages\/265\/revisions"}],"predecessor-version":[{"id":2463,"href":"https:\/\/agora.xtec.cat\/cfamariaverdaguer\/wp-json\/wp\/v2\/pages\/265\/revisions\/2463"}],"up":[{"embeddable":true,"href":"https:\/\/agora.xtec.cat\/cfamariaverdaguer\/wp-json\/wp\/v2\/pages\/261"}],"wp:attachment":[{"href":"https:\/\/agora.xtec.cat\/cfamariaverdaguer\/wp-json\/wp\/v2\/media?parent=265"}],"curies":[{"name":"wp","href":"https:\/\/api.w.org\/{rel}","templated":true}]}}