{"id":2229,"date":"2023-05-04T12:24:12","date_gmt":"2023-05-04T10:24:12","guid":{"rendered":"https:\/\/agora.xtec.cat\/cfamariaverdaguer\/?page_id=2229"},"modified":"2023-05-04T12:30:07","modified_gmt":"2023-05-04T10:30:07","slug":"novetats-a-ensenyaments-inicials","status":"publish","type":"page","link":"https:\/\/agora.xtec.cat\/cfamariaverdaguer\/novetats-al-cfa\/novetats-a-ensenyaments-inicials\/","title":{"rendered":"Novetats a Ensenyaments inicials"},"content":{"rendered":"<ul>\n<li>\n<h5>Setmana Cultural (del 24 al 27 d&#8217;abril)<\/h5>\n<\/li>\n<\/ul>\n<p>Aquesta setmana l&#8217;alumnat dels diferents ensenyaments inicials de l&#8217;escola han pogut gaudir de diverses activitats relacionades amb l&#8217;ensenyament que cursen: angl\u00e8s, catal\u00e0, castell\u00e0, competic i franc\u00e8s.<\/p>\n<p>Ha sigut una setmana diferent per\u00f2 que tothom ha gaudit molt. Moltes gr\u00e0cies a tots per la vostra participaci\u00f3!<\/p>\n<p>Podeu veure les fotos de les activitats als seg\u00fcents enlla\u00e7os:<\/p>\n<p><strong>Activitats del dilluns<\/strong><\/p>\n<ul>\n<li>Taller d&#8217;origami &#8211; Mat\u00ed<\/li>\n<li><a href=\"https:\/\/drive.google.com\/drive\/folders\/16Ex_ODeHavxdfUwQMw5RqYmoAZZ89GxX?usp=sharing\" target=\"_blank\" rel=\"noopener\">Labdoo, manteniment de port\u00e0tils<\/a><\/li>\n<li>English language music styles<\/li>\n<li>Taller d&#8217;origami &#8211; Tarda<\/li>\n<\/ul>\n<p><strong>Activitats del dimarts<\/strong><\/p>\n<ul>\n<li><a href=\"https:\/\/drive.google.com\/drive\/folders\/1yM1QUl6WViumOMHBakMf-zUjP1tw4XAw?usp=sharing\" target=\"_blank\" rel=\"noopener\">Habaneras\u00a0<\/a><\/li>\n<li>Le fran\u00e7ais par l\u2019expression corporelle et artistique.<\/li>\n<\/ul>\n<p><strong>Activitats del dimecres<\/strong><\/p>\n<ul>\n<li>Taller de cocina<\/li>\n<li>C\u00f4te d\u2019Ivoire<\/li>\n<li>Photography<\/li>\n<li>Intel\u00b7lig\u00e8ncia Artificial<\/li>\n<\/ul>\n<p><strong>Activitats del dijous<\/strong><\/p>\n<ul>\n<li><a href=\"https:\/\/drive.google.com\/drive\/folders\/1PZ-utry6KcYqqr8K42IOTKSJ72AId3y_?usp=sharing\" target=\"_blank\" rel=\"noopener\">Instruments tradicionals catalans<\/a><\/li>\n<li>Passenger of the world<\/li>\n<\/ul>\n","protected":false},"excerpt":{"rendered":"<ul>\n<li>\nSetmana Cultural (del 24 al 27 d&#8217;abril)\n<\/li>\n<\/ul>\n<p>Aquesta setmana l&#8217;alumnat dels diferents ensenyaments inicials de l&#8217;escola han pogut gaudir de diverses activitats relacionades amb l&#8217;ensenyament que cursen: angl\u00e8s, catal\u00e0, castell\u00e0, competic i franc\u00e8s.<br \/>\nHa sigut una setmana diferent per\u00f2 que tothom ha gaudit molt. Moltes gr\u00e0cies a&hellip;  <a href=\"https:\/\/agora.xtec.cat\/cfamariaverdaguer\/novetats-al-cfa\/novetats-a-ensenyaments-inicials\/\" title=\"Read Novetats a Ensenyaments inicials\">Llegeix m\u00e9s\u00bb<\/a><\/p>\n","protected":false},"author":1,"featured_media":0,"parent":2106,"menu_order":30,"comment_status":"closed","ping_status":"closed","template":"","meta":{"_bbp_topic_count":0,"_bbp_reply_count":0,"_bbp_total_topic_count":0,"_bbp_total_reply_count":0,"_bbp_voice_count":0,"_bbp_anonymous_reply_count":0,"_bbp_topic_count_hidden":0,"_bbp_reply_count_hidden":0,"_bbp_forum_subforum_count":0,"footnotes":""},"class_list":["post-2229","page","type-page","status-publish","hentry"],"post_mailing_queue_ids":[],"_links":{"self":[{"href":"https:\/\/agora.xtec.cat\/cfamariaverdaguer\/wp-json\/wp\/v2\/pages\/2229","targetHints":{"allow":["GET"]}}],"collection":[{"href":"https:\/\/agora.xtec.cat\/cfamariaverdaguer\/wp-json\/wp\/v2\/pages"}],"about":[{"href":"https:\/\/agora.xtec.cat\/cfamariaverdaguer\/wp-json\/wp\/v2\/types\/page"}],"author":[{"embeddable":true,"href":"https:\/\/agora.xtec.cat\/cfamariaverdaguer\/wp-json\/wp\/v2\/users\/1"}],"replies":[{"embeddable":true,"href":"https:\/\/agora.xtec.cat\/cfamariaverdaguer\/wp-json\/wp\/v2\/comments?post=2229"}],"version-history":[{"count":2,"href":"https:\/\/agora.xtec.cat\/cfamariaverdaguer\/wp-json\/wp\/v2\/pages\/2229\/revisions"}],"predecessor-version":[{"id":2238,"href":"https:\/\/agora.xtec.cat\/cfamariaverdaguer\/wp-json\/wp\/v2\/pages\/2229\/revisions\/2238"}],"up":[{"embeddable":true,"href":"https:\/\/agora.xtec.cat\/cfamariaverdaguer\/wp-json\/wp\/v2\/pages\/2106"}],"wp:attachment":[{"href":"https:\/\/agora.xtec.cat\/cfamariaverdaguer\/wp-json\/wp\/v2\/media?parent=2229"}],"curies":[{"name":"wp","href":"https:\/\/api.w.org\/{rel}","templated":true}]}}