{"id":2189,"date":"2023-03-23T12:02:14","date_gmt":"2023-03-23T11:02:14","guid":{"rendered":"https:\/\/agora.xtec.cat\/cfamariaverdaguer\/?page_id=2189"},"modified":"2023-03-23T12:08:07","modified_gmt":"2023-03-23T11:08:07","slug":"novetats-a-lescola","status":"publish","type":"page","link":"https:\/\/agora.xtec.cat\/cfamariaverdaguer\/novetats-al-cfa\/novetats-a-lescola\/","title":{"rendered":"Novetats a l&#8217;escola"},"content":{"rendered":"<ul>\n<li>\n<h5>Trepitgem el racisme! (21 de mar\u00e7)<\/h5>\n<\/li>\n<\/ul>\n<p>El dia 21 de mar\u00e7 al CFA Maria Verdaguer hem celebrat el dia per a l&#8217;eliminaci\u00f3 de la discriminaci\u00f3 racial trepitjant algun es frases racistes que ha escrit l&#8217;alumnat de la nostra escola.<\/p>\n<p><img loading=\"lazy\" decoding=\"async\" class=\"size-medium wp-image-2200 alignleft\" src=\"https:\/\/agora.xtec.cat\/cfamariaverdaguer\/wp-content\/uploads\/usu1245\/2023\/03\/Foto-1_1-300x225.jpg\" alt=\"\" width=\"300\" height=\"225\" srcset=\"https:\/\/agora.xtec.cat\/cfamariaverdaguer\/wp-content\/uploads\/usu1245\/2023\/03\/Foto-1_1-300x225.jpg 300w, https:\/\/agora.xtec.cat\/cfamariaverdaguer\/wp-content\/uploads\/usu1245\/2023\/03\/Foto-1_1-768x576.jpg 768w, https:\/\/agora.xtec.cat\/cfamariaverdaguer\/wp-content\/uploads\/usu1245\/2023\/03\/Foto-1_1-200x150.jpg 200w, https:\/\/agora.xtec.cat\/cfamariaverdaguer\/wp-content\/uploads\/usu1245\/2023\/03\/Foto-1_1.jpg 1024w\" sizes=\"auto, (max-width: 300px) 100vw, 300px\" \/><\/p>\n<p><img loading=\"lazy\" decoding=\"async\" class=\"size-medium wp-image-2202 alignleft\" src=\"https:\/\/agora.xtec.cat\/cfamariaverdaguer\/wp-content\/uploads\/usu1245\/2023\/03\/foto5_2-300x225.jpg\" alt=\"\" width=\"300\" height=\"225\" srcset=\"https:\/\/agora.xtec.cat\/cfamariaverdaguer\/wp-content\/uploads\/usu1245\/2023\/03\/foto5_2-300x225.jpg 300w, https:\/\/agora.xtec.cat\/cfamariaverdaguer\/wp-content\/uploads\/usu1245\/2023\/03\/foto5_2-768x576.jpg 768w, https:\/\/agora.xtec.cat\/cfamariaverdaguer\/wp-content\/uploads\/usu1245\/2023\/03\/foto5_2-200x150.jpg 200w, https:\/\/agora.xtec.cat\/cfamariaverdaguer\/wp-content\/uploads\/usu1245\/2023\/03\/foto5_2.jpg 1024w\" sizes=\"auto, (max-width: 300px) 100vw, 300px\" \/><\/p>\n<p>&nbsp;<\/p>\n<p>&nbsp;<\/p>\n<p>&nbsp;<\/p>\n<p>&nbsp;<\/p>\n<p>&nbsp;<\/p>\n<p>&nbsp;<\/p>\n<p><img loading=\"lazy\" decoding=\"async\" class=\"size-medium wp-image-2201 alignleft\" src=\"https:\/\/agora.xtec.cat\/cfamariaverdaguer\/wp-content\/uploads\/usu1245\/2023\/03\/foto4_2-300x225.jpg\" alt=\"\" width=\"300\" height=\"225\" srcset=\"https:\/\/agora.xtec.cat\/cfamariaverdaguer\/wp-content\/uploads\/usu1245\/2023\/03\/foto4_2-300x225.jpg 300w, https:\/\/agora.xtec.cat\/cfamariaverdaguer\/wp-content\/uploads\/usu1245\/2023\/03\/foto4_2-768x576.jpg 768w, https:\/\/agora.xtec.cat\/cfamariaverdaguer\/wp-content\/uploads\/usu1245\/2023\/03\/foto4_2-200x150.jpg 200w, https:\/\/agora.xtec.cat\/cfamariaverdaguer\/wp-content\/uploads\/usu1245\/2023\/03\/foto4_2.jpg 1024w\" sizes=\"auto, (max-width: 300px) 100vw, 300px\" \/> <img loading=\"lazy\" decoding=\"async\" class=\"size-medium wp-image-2199 alignleft\" src=\"https:\/\/agora.xtec.cat\/cfamariaverdaguer\/wp-content\/uploads\/usu1245\/2023\/03\/Foto2-1-225x300.jpg\" alt=\"\" width=\"225\" height=\"300\" srcset=\"https:\/\/agora.xtec.cat\/cfamariaverdaguer\/wp-content\/uploads\/usu1245\/2023\/03\/Foto2-1-225x300.jpg 225w, https:\/\/agora.xtec.cat\/cfamariaverdaguer\/wp-content\/uploads\/usu1245\/2023\/03\/Foto2-1-768x1024.jpg 768w, https:\/\/agora.xtec.cat\/cfamariaverdaguer\/wp-content\/uploads\/usu1245\/2023\/03\/Foto2-1-1152x1536.jpg 1152w, https:\/\/agora.xtec.cat\/cfamariaverdaguer\/wp-content\/uploads\/usu1245\/2023\/03\/Foto2-1-1536x2048.jpg 1536w, https:\/\/agora.xtec.cat\/cfamariaverdaguer\/wp-content\/uploads\/usu1245\/2023\/03\/Foto2-1-scaled.jpg 1920w\" sizes=\"auto, (max-width: 225px) 100vw, 225px\" \/><\/p>\n<p>&nbsp;<\/p>\n<p>&nbsp;<\/p>\n<p>&nbsp;<\/p>\n<p>&nbsp;<\/p>\n<p>&nbsp;<\/p>\n","protected":false},"excerpt":{"rendered":"<ul>\n<li>\nTrepitgem el racisme! (21 de mar\u00e7)\n<\/li>\n<\/ul>\n<p>El dia 21 de mar\u00e7 al CFA Maria Verdaguer hem celebrat el dia per a l&#8217;eliminaci\u00f3 de la discriminaci\u00f3 racial trepitjant algun es frases racistes que ha escrit l&#8217;alumnat de la nostra escola.<\/p>\n<p>&nbsp;<br \/>\n&nbsp;<br \/>\n&nbsp;<br \/>\n&nbsp;<br \/>\n&nbsp;<br \/>\n&nbsp;<\/p>\n<p>&nbsp;<br \/>\n&nbsp;<br \/>\n&nbsp;<br \/>\n&nbsp;<br \/>\n&nbsp;<\/p>\n","protected":false},"author":1,"featured_media":0,"parent":2106,"menu_order":0,"comment_status":"closed","ping_status":"closed","template":"","meta":{"_bbp_topic_count":0,"_bbp_reply_count":0,"_bbp_total_topic_count":0,"_bbp_total_reply_count":0,"_bbp_voice_count":0,"_bbp_anonymous_reply_count":0,"_bbp_topic_count_hidden":0,"_bbp_reply_count_hidden":0,"_bbp_forum_subforum_count":0,"footnotes":""},"class_list":["post-2189","page","type-page","status-publish","hentry"],"post_mailing_queue_ids":[],"_links":{"self":[{"href":"https:\/\/agora.xtec.cat\/cfamariaverdaguer\/wp-json\/wp\/v2\/pages\/2189","targetHints":{"allow":["GET"]}}],"collection":[{"href":"https:\/\/agora.xtec.cat\/cfamariaverdaguer\/wp-json\/wp\/v2\/pages"}],"about":[{"href":"https:\/\/agora.xtec.cat\/cfamariaverdaguer\/wp-json\/wp\/v2\/types\/page"}],"author":[{"embeddable":true,"href":"https:\/\/agora.xtec.cat\/cfamariaverdaguer\/wp-json\/wp\/v2\/users\/1"}],"replies":[{"embeddable":true,"href":"https:\/\/agora.xtec.cat\/cfamariaverdaguer\/wp-json\/wp\/v2\/comments?post=2189"}],"version-history":[{"count":3,"href":"https:\/\/agora.xtec.cat\/cfamariaverdaguer\/wp-json\/wp\/v2\/pages\/2189\/revisions"}],"predecessor-version":[{"id":2217,"href":"https:\/\/agora.xtec.cat\/cfamariaverdaguer\/wp-json\/wp\/v2\/pages\/2189\/revisions\/2217"}],"up":[{"embeddable":true,"href":"https:\/\/agora.xtec.cat\/cfamariaverdaguer\/wp-json\/wp\/v2\/pages\/2106"}],"wp:attachment":[{"href":"https:\/\/agora.xtec.cat\/cfamariaverdaguer\/wp-json\/wp\/v2\/media?parent=2189"}],"curies":[{"name":"wp","href":"https:\/\/api.w.org\/{rel}","templated":true}]}}