{"id":2134,"date":"2023-03-08T16:56:16","date_gmt":"2023-03-08T15:56:16","guid":{"rendered":"https:\/\/agora.xtec.cat\/cfamariaverdaguer\/?page_id=2134"},"modified":"2023-11-13T13:01:28","modified_gmt":"2023-11-13T12:01:28","slug":"novetats-a-acces-a-cicles-formatius","status":"publish","type":"page","link":"https:\/\/agora.xtec.cat\/cfamariaverdaguer\/novetats-al-cfa\/novetats-a-acces-a-cicles-formatius\/","title":{"rendered":"Novetats a Acc\u00e9s a Cicles Formatius"},"content":{"rendered":"<h1>Xarrada d&#8217;exalumnes<\/h1>\n<p>Exalumnes de PAGM, PAGS i PPAU del curs 2022-23 tornen al centre per explicar a l&#8217;alumnat del curs vigent el seu pas per l&#8217;escola i la superaci\u00f3 de la prova oficial. Gr\u00e0cies, Ana, Adri\u00e0, Noni, Joanmi\u00a0i\u00a0Encarni.<\/p>\n<table style=\"width: 100%; border-collapse: collapse; border-color: #ffffff; border-style: hidden;\">\n<tbody>\n<tr>\n<td style=\"width: 33.3333%;\"><img loading=\"lazy\" decoding=\"async\" class=\"aligncenter size-medium wp-image-2337\" src=\"https:\/\/agora.xtec.cat\/cfamariaverdaguer\/wp-content\/uploads\/usu1245\/2023\/11\/Imatge-de-WhatsApp-2023-10-31-a-les-14.55.55_195a3494-225x300.jpg\" alt=\"\" width=\"225\" height=\"300\" srcset=\"https:\/\/agora.xtec.cat\/cfamariaverdaguer\/wp-content\/uploads\/usu1245\/2023\/11\/Imatge-de-WhatsApp-2023-10-31-a-les-14.55.55_195a3494-225x300.jpg 225w, https:\/\/agora.xtec.cat\/cfamariaverdaguer\/wp-content\/uploads\/usu1245\/2023\/11\/Imatge-de-WhatsApp-2023-10-31-a-les-14.55.55_195a3494-768x1024.jpg 768w, https:\/\/agora.xtec.cat\/cfamariaverdaguer\/wp-content\/uploads\/usu1245\/2023\/11\/Imatge-de-WhatsApp-2023-10-31-a-les-14.55.55_195a3494-1152x1536.jpg 1152w, https:\/\/agora.xtec.cat\/cfamariaverdaguer\/wp-content\/uploads\/usu1245\/2023\/11\/Imatge-de-WhatsApp-2023-10-31-a-les-14.55.55_195a3494.jpg 1200w\" sizes=\"auto, (max-width: 225px) 100vw, 225px\" \/><\/td>\n<td style=\"width: 33.3333%; border-color: #ffffff; border-style: hidden;\"><img loading=\"lazy\" decoding=\"async\" class=\"aligncenter size-medium wp-image-2336\" src=\"https:\/\/agora.xtec.cat\/cfamariaverdaguer\/wp-content\/uploads\/usu1245\/2023\/11\/Imatge-de-WhatsApp-2023-10-31-a-les-14.55.35_c7999045-300x225.jpg\" alt=\"\" width=\"300\" height=\"225\" srcset=\"https:\/\/agora.xtec.cat\/cfamariaverdaguer\/wp-content\/uploads\/usu1245\/2023\/11\/Imatge-de-WhatsApp-2023-10-31-a-les-14.55.35_c7999045-300x225.jpg 300w, https:\/\/agora.xtec.cat\/cfamariaverdaguer\/wp-content\/uploads\/usu1245\/2023\/11\/Imatge-de-WhatsApp-2023-10-31-a-les-14.55.35_c7999045-1024x768.jpg 1024w, https:\/\/agora.xtec.cat\/cfamariaverdaguer\/wp-content\/uploads\/usu1245\/2023\/11\/Imatge-de-WhatsApp-2023-10-31-a-les-14.55.35_c7999045-768x576.jpg 768w, https:\/\/agora.xtec.cat\/cfamariaverdaguer\/wp-content\/uploads\/usu1245\/2023\/11\/Imatge-de-WhatsApp-2023-10-31-a-les-14.55.35_c7999045-1536x1152.jpg 1536w, https:\/\/agora.xtec.cat\/cfamariaverdaguer\/wp-content\/uploads\/usu1245\/2023\/11\/Imatge-de-WhatsApp-2023-10-31-a-les-14.55.35_c7999045-200x150.jpg 200w, https:\/\/agora.xtec.cat\/cfamariaverdaguer\/wp-content\/uploads\/usu1245\/2023\/11\/Imatge-de-WhatsApp-2023-10-31-a-les-14.55.35_c7999045.jpg 1600w\" sizes=\"auto, (max-width: 300px) 100vw, 300px\" \/><\/td>\n<td style=\"width: 33.3333%;\"><img loading=\"lazy\" decoding=\"async\" class=\"aligncenter size-medium wp-image-2335\" src=\"https:\/\/agora.xtec.cat\/cfamariaverdaguer\/wp-content\/uploads\/usu1245\/2023\/11\/Imatge-de-WhatsApp-2023-10-31-a-les-14.55.35_73e81679-300x169.jpg\" alt=\"\" width=\"300\" height=\"169\" srcset=\"https:\/\/agora.xtec.cat\/cfamariaverdaguer\/wp-content\/uploads\/usu1245\/2023\/11\/Imatge-de-WhatsApp-2023-10-31-a-les-14.55.35_73e81679-300x169.jpg 300w, https:\/\/agora.xtec.cat\/cfamariaverdaguer\/wp-content\/uploads\/usu1245\/2023\/11\/Imatge-de-WhatsApp-2023-10-31-a-les-14.55.35_73e81679-1024x576.jpg 1024w, https:\/\/agora.xtec.cat\/cfamariaverdaguer\/wp-content\/uploads\/usu1245\/2023\/11\/Imatge-de-WhatsApp-2023-10-31-a-les-14.55.35_73e81679-768x432.jpg 768w, https:\/\/agora.xtec.cat\/cfamariaverdaguer\/wp-content\/uploads\/usu1245\/2023\/11\/Imatge-de-WhatsApp-2023-10-31-a-les-14.55.35_73e81679-1536x864.jpg 1536w, https:\/\/agora.xtec.cat\/cfamariaverdaguer\/wp-content\/uploads\/usu1245\/2023\/11\/Imatge-de-WhatsApp-2023-10-31-a-les-14.55.35_73e81679.jpg 1600w\" sizes=\"auto, (max-width: 300px) 100vw, 300px\" \/><\/td>\n<\/tr>\n<\/tbody>\n<\/table>\n","protected":false},"excerpt":{"rendered":"<p>Xarrada d&#8217;exalumnes<br \/>\nExalumnes de PAGM, PAGS i PPAU del curs 2022-23 tornen al centre per explicar a l&#8217;alumnat del curs vigent el seu pas per l&#8217;escola i la superaci\u00f3 de la prova oficial. Gr\u00e0cies, Ana, Adri\u00e0, Noni, Joanmi\u00a0i\u00a0Encarni.<\/p>\n","protected":false},"author":1,"featured_media":0,"parent":2106,"menu_order":10,"comment_status":"closed","ping_status":"closed","template":"","meta":{"_bbp_topic_count":0,"_bbp_reply_count":0,"_bbp_total_topic_count":0,"_bbp_total_reply_count":0,"_bbp_voice_count":0,"_bbp_anonymous_reply_count":0,"_bbp_topic_count_hidden":0,"_bbp_reply_count_hidden":0,"_bbp_forum_subforum_count":0,"footnotes":""},"class_list":["post-2134","page","type-page","status-publish","hentry"],"post_mailing_queue_ids":[],"_links":{"self":[{"href":"https:\/\/agora.xtec.cat\/cfamariaverdaguer\/wp-json\/wp\/v2\/pages\/2134","targetHints":{"allow":["GET"]}}],"collection":[{"href":"https:\/\/agora.xtec.cat\/cfamariaverdaguer\/wp-json\/wp\/v2\/pages"}],"about":[{"href":"https:\/\/agora.xtec.cat\/cfamariaverdaguer\/wp-json\/wp\/v2\/types\/page"}],"author":[{"embeddable":true,"href":"https:\/\/agora.xtec.cat\/cfamariaverdaguer\/wp-json\/wp\/v2\/users\/1"}],"replies":[{"embeddable":true,"href":"https:\/\/agora.xtec.cat\/cfamariaverdaguer\/wp-json\/wp\/v2\/comments?post=2134"}],"version-history":[{"count":4,"href":"https:\/\/agora.xtec.cat\/cfamariaverdaguer\/wp-json\/wp\/v2\/pages\/2134\/revisions"}],"predecessor-version":[{"id":2345,"href":"https:\/\/agora.xtec.cat\/cfamariaverdaguer\/wp-json\/wp\/v2\/pages\/2134\/revisions\/2345"}],"up":[{"embeddable":true,"href":"https:\/\/agora.xtec.cat\/cfamariaverdaguer\/wp-json\/wp\/v2\/pages\/2106"}],"wp:attachment":[{"href":"https:\/\/agora.xtec.cat\/cfamariaverdaguer\/wp-json\/wp\/v2\/media?parent=2134"}],"curies":[{"name":"wp","href":"https:\/\/api.w.org\/{rel}","templated":true}]}}