{"id":2130,"date":"2023-03-08T16:54:28","date_gmt":"2023-03-08T15:54:28","guid":{"rendered":"https:\/\/agora.xtec.cat\/cfamariaverdaguer\/?page_id=2130"},"modified":"2024-06-12T23:43:03","modified_gmt":"2024-06-12T21:43:03","slug":"novetats-a-ges","status":"publish","type":"page","link":"https:\/\/agora.xtec.cat\/cfamariaverdaguer\/novetats-al-cfa\/novetats-a-ges\/","title":{"rendered":"Novetats a GES"},"content":{"rendered":"<ul>\n<li>\n<h5>&#8220;Caf\u00e9 Literario&#8221; amb els alumnes de GES2 (6 de juny de 2024)<\/h5>\n<\/li>\n<\/ul>\n<p>Caf\u00e8 literari amb l&#8217;alumnat de GES2 per assaborir el final de curs!<\/p>\n<p><img loading=\"lazy\" decoding=\"async\" class=\"alignleft wp-image-2428 size-medium\" src=\"https:\/\/agora.xtec.cat\/cfamariaverdaguer\/wp-content\/uploads\/usu1245\/2024\/06\/PHOTO-2024-06-06-12-45-55-225x300.jpg\" alt=\"\" width=\"225\" height=\"300\" srcset=\"https:\/\/agora.xtec.cat\/cfamariaverdaguer\/wp-content\/uploads\/usu1245\/2024\/06\/PHOTO-2024-06-06-12-45-55-225x300.jpg 225w, https:\/\/agora.xtec.cat\/cfamariaverdaguer\/wp-content\/uploads\/usu1245\/2024\/06\/PHOTO-2024-06-06-12-45-55-768x1024.jpg 768w, https:\/\/agora.xtec.cat\/cfamariaverdaguer\/wp-content\/uploads\/usu1245\/2024\/06\/PHOTO-2024-06-06-12-45-55-1152x1536.jpg 1152w, https:\/\/agora.xtec.cat\/cfamariaverdaguer\/wp-content\/uploads\/usu1245\/2024\/06\/PHOTO-2024-06-06-12-45-55.jpg 1536w\" sizes=\"auto, (max-width: 225px) 100vw, 225px\" \/><img loading=\"lazy\" decoding=\"async\" class=\"alignleft wp-image-2430 size-medium\" src=\"https:\/\/agora.xtec.cat\/cfamariaverdaguer\/wp-content\/uploads\/usu1245\/2024\/06\/PHOTO-2024-06-06-12-45-54-225x300.jpg\" alt=\"\" width=\"225\" height=\"300\" srcset=\"https:\/\/agora.xtec.cat\/cfamariaverdaguer\/wp-content\/uploads\/usu1245\/2024\/06\/PHOTO-2024-06-06-12-45-54-225x300.jpg 225w, https:\/\/agora.xtec.cat\/cfamariaverdaguer\/wp-content\/uploads\/usu1245\/2024\/06\/PHOTO-2024-06-06-12-45-54-768x1024.jpg 768w, https:\/\/agora.xtec.cat\/cfamariaverdaguer\/wp-content\/uploads\/usu1245\/2024\/06\/PHOTO-2024-06-06-12-45-54-1152x1536.jpg 1152w, https:\/\/agora.xtec.cat\/cfamariaverdaguer\/wp-content\/uploads\/usu1245\/2024\/06\/PHOTO-2024-06-06-12-45-54.jpg 1200w\" sizes=\"auto, (max-width: 225px) 100vw, 225px\" \/>\u00a0 \u00a0 <a href=\"https:\/\/agora.xtec.cat\/cfamariaverdaguer\/wp-content\/uploads\/usu1245\/2024\/06\/PHOTO-2024-06-06-12-45-53.jpg\">\u00a0\u00a0\u00a0\u00a0\u00a0<\/a><\/p>\n<p><a href=\"https:\/\/agora.xtec.cat\/cfamariaverdaguer\/wp-content\/uploads\/usu1245\/2024\/06\/PHOTO-2024-06-06-12-45-54_2.jpg\"><img loading=\"lazy\" decoding=\"async\" class=\"wp-image-2427 size-medium alignnone\" src=\"https:\/\/agora.xtec.cat\/cfamariaverdaguer\/wp-content\/uploads\/usu1245\/2024\/06\/PHOTO-2024-06-06-12-45-54_2-225x300.jpg\" alt=\"\" width=\"225\" height=\"300\" srcset=\"https:\/\/agora.xtec.cat\/cfamariaverdaguer\/wp-content\/uploads\/usu1245\/2024\/06\/PHOTO-2024-06-06-12-45-54_2-225x300.jpg 225w, https:\/\/agora.xtec.cat\/cfamariaverdaguer\/wp-content\/uploads\/usu1245\/2024\/06\/PHOTO-2024-06-06-12-45-54_2-768x1024.jpg 768w, https:\/\/agora.xtec.cat\/cfamariaverdaguer\/wp-content\/uploads\/usu1245\/2024\/06\/PHOTO-2024-06-06-12-45-54_2-1152x1536.jpg 1152w, https:\/\/agora.xtec.cat\/cfamariaverdaguer\/wp-content\/uploads\/usu1245\/2024\/06\/PHOTO-2024-06-06-12-45-54_2.jpg 1536w\" sizes=\"auto, (max-width: 225px) 100vw, 225px\" \/><\/a><img loading=\"lazy\" decoding=\"async\" class=\"wp-image-2426 size-medium alignleft\" style=\"border: none; color: #2795b6;\" src=\"https:\/\/agora.xtec.cat\/cfamariaverdaguer\/wp-content\/uploads\/usu1245\/2024\/06\/PHOTO-2024-06-06-12-45-54_1-300x225.jpg\" alt=\"\" width=\"300\" height=\"225\" srcset=\"https:\/\/agora.xtec.cat\/cfamariaverdaguer\/wp-content\/uploads\/usu1245\/2024\/06\/PHOTO-2024-06-06-12-45-54_1-300x225.jpg 300w, https:\/\/agora.xtec.cat\/cfamariaverdaguer\/wp-content\/uploads\/usu1245\/2024\/06\/PHOTO-2024-06-06-12-45-54_1-1024x768.jpg 1024w, https:\/\/agora.xtec.cat\/cfamariaverdaguer\/wp-content\/uploads\/usu1245\/2024\/06\/PHOTO-2024-06-06-12-45-54_1-768x576.jpg 768w, https:\/\/agora.xtec.cat\/cfamariaverdaguer\/wp-content\/uploads\/usu1245\/2024\/06\/PHOTO-2024-06-06-12-45-54_1-1536x1152.jpg 1536w, https:\/\/agora.xtec.cat\/cfamariaverdaguer\/wp-content\/uploads\/usu1245\/2024\/06\/PHOTO-2024-06-06-12-45-54_1-200x150.jpg 200w, https:\/\/agora.xtec.cat\/cfamariaverdaguer\/wp-content\/uploads\/usu1245\/2024\/06\/PHOTO-2024-06-06-12-45-54_1.jpg 2048w\" sizes=\"auto, (max-width: 300px) 100vw, 300px\" \/><\/p>\n<p><a href=\"https:\/\/agora.xtec.cat\/cfamariaverdaguer\/wp-content\/uploads\/usu1245\/2024\/06\/PHOTO-2024-06-06-12-45-53.jpg\">\u00a0\u00a0 <\/a><a href=\"https:\/\/agora.xtec.cat\/cfamariaverdaguer\/wp-content\/uploads\/usu1245\/2024\/06\/PHOTO-2024-06-06-12-45-53.jpg\"><img loading=\"lazy\" decoding=\"async\" class=\"aligncenter wp-image-2429 size-large\" src=\"https:\/\/agora.xtec.cat\/cfamariaverdaguer\/wp-content\/uploads\/usu1245\/2024\/06\/PHOTO-2024-06-06-12-45-53-768x1024.jpg\" alt=\"\" width=\"768\" height=\"1024\" srcset=\"https:\/\/agora.xtec.cat\/cfamariaverdaguer\/wp-content\/uploads\/usu1245\/2024\/06\/PHOTO-2024-06-06-12-45-53-768x1024.jpg 768w, https:\/\/agora.xtec.cat\/cfamariaverdaguer\/wp-content\/uploads\/usu1245\/2024\/06\/PHOTO-2024-06-06-12-45-53-225x300.jpg 225w, https:\/\/agora.xtec.cat\/cfamariaverdaguer\/wp-content\/uploads\/usu1245\/2024\/06\/PHOTO-2024-06-06-12-45-53-1152x1536.jpg 1152w, https:\/\/agora.xtec.cat\/cfamariaverdaguer\/wp-content\/uploads\/usu1245\/2024\/06\/PHOTO-2024-06-06-12-45-53.jpg 1200w\" sizes=\"auto, (max-width: 768px) 100vw, 768px\" \/><\/a><\/p>\n<p>&nbsp;<\/p>\n<ul>\n<li>\n<h5>Exposici\u00f3 de lluites i drets dels alumnes de GES1 (14 de mar\u00e7)<\/h5>\n<\/li>\n<\/ul>\n<p>Finalitzem\u00a0el m\u00f2dul d&#8217;Educaci\u00f3 per a la ciutadania exposant els nostres p\u00f2sters i treballs. Hem treballat algunes lluites hist\u00f2riques que han sigut determinants per l&#8217;obtenci\u00f3 de drets i les hem emmarcat en la Declaraci\u00f3 Universal dels Drets Humans.<\/p>\n<p>Moltes felicitats per l&#8217;aprenentage, la implicaci\u00f3 i la feina feta!<\/p>\n<div><img loading=\"lazy\" decoding=\"async\" class=\"size-medium wp-image-2186 alignleft\" src=\"https:\/\/agora.xtec.cat\/cfamariaverdaguer\/wp-content\/uploads\/usu1245\/2023\/03\/IMG_20230316_120351-138x300.jpg\" alt=\"\" width=\"138\" height=\"300\" srcset=\"https:\/\/agora.xtec.cat\/cfamariaverdaguer\/wp-content\/uploads\/usu1245\/2023\/03\/IMG_20230316_120351-138x300.jpg 138w, https:\/\/agora.xtec.cat\/cfamariaverdaguer\/wp-content\/uploads\/usu1245\/2023\/03\/IMG_20230316_120351-471x1024.jpg 471w, https:\/\/agora.xtec.cat\/cfamariaverdaguer\/wp-content\/uploads\/usu1245\/2023\/03\/IMG_20230316_120351-768x1670.jpg 768w, https:\/\/agora.xtec.cat\/cfamariaverdaguer\/wp-content\/uploads\/usu1245\/2023\/03\/IMG_20230316_120351-707x1536.jpg 707w, https:\/\/agora.xtec.cat\/cfamariaverdaguer\/wp-content\/uploads\/usu1245\/2023\/03\/IMG_20230316_120351-942x2048.jpg 942w, https:\/\/agora.xtec.cat\/cfamariaverdaguer\/wp-content\/uploads\/usu1245\/2023\/03\/IMG_20230316_120351-scaled.jpg 1178w\" sizes=\"auto, (max-width: 138px) 100vw, 138px\" \/> <img loading=\"lazy\" decoding=\"async\" class=\"size-medium wp-image-2185 alignleft\" src=\"https:\/\/agora.xtec.cat\/cfamariaverdaguer\/wp-content\/uploads\/usu1245\/2023\/03\/IMG_0923-225x300.jpg\" alt=\"\" width=\"225\" height=\"300\" srcset=\"https:\/\/agora.xtec.cat\/cfamariaverdaguer\/wp-content\/uploads\/usu1245\/2023\/03\/IMG_0923-225x300.jpg 225w, https:\/\/agora.xtec.cat\/cfamariaverdaguer\/wp-content\/uploads\/usu1245\/2023\/03\/IMG_0923-768x1024.jpg 768w, https:\/\/agora.xtec.cat\/cfamariaverdaguer\/wp-content\/uploads\/usu1245\/2023\/03\/IMG_0923-1152x1536.jpg 1152w, https:\/\/agora.xtec.cat\/cfamariaverdaguer\/wp-content\/uploads\/usu1245\/2023\/03\/IMG_0923-1536x2048.jpg 1536w, https:\/\/agora.xtec.cat\/cfamariaverdaguer\/wp-content\/uploads\/usu1245\/2023\/03\/IMG_0923-scaled.jpg 1920w\" sizes=\"auto, (max-width: 225px) 100vw, 225px\" \/> <img loading=\"lazy\" decoding=\"async\" class=\"alignleft wp-image-2184 size-medium\" src=\"https:\/\/agora.xtec.cat\/cfamariaverdaguer\/wp-content\/uploads\/usu1245\/2023\/03\/IMG_0917-225x300.jpg\" alt=\"\" width=\"225\" height=\"300\" srcset=\"https:\/\/agora.xtec.cat\/cfamariaverdaguer\/wp-content\/uploads\/usu1245\/2023\/03\/IMG_0917-225x300.jpg 225w, https:\/\/agora.xtec.cat\/cfamariaverdaguer\/wp-content\/uploads\/usu1245\/2023\/03\/IMG_0917-768x1024.jpg 768w, https:\/\/agora.xtec.cat\/cfamariaverdaguer\/wp-content\/uploads\/usu1245\/2023\/03\/IMG_0917-1152x1536.jpg 1152w, https:\/\/agora.xtec.cat\/cfamariaverdaguer\/wp-content\/uploads\/usu1245\/2023\/03\/IMG_0917-1536x2048.jpg 1536w, https:\/\/agora.xtec.cat\/cfamariaverdaguer\/wp-content\/uploads\/usu1245\/2023\/03\/IMG_0917-scaled.jpg 1920w\" sizes=\"auto, (max-width: 225px) 100vw, 225px\" \/> <img loading=\"lazy\" decoding=\"async\" class=\"size-medium wp-image-2183 alignleft\" src=\"https:\/\/agora.xtec.cat\/cfamariaverdaguer\/wp-content\/uploads\/usu1245\/2023\/03\/IMG_0916-225x300.jpg\" alt=\"\" width=\"225\" height=\"300\" srcset=\"https:\/\/agora.xtec.cat\/cfamariaverdaguer\/wp-content\/uploads\/usu1245\/2023\/03\/IMG_0916-225x300.jpg 225w, https:\/\/agora.xtec.cat\/cfamariaverdaguer\/wp-content\/uploads\/usu1245\/2023\/03\/IMG_0916-768x1024.jpg 768w, https:\/\/agora.xtec.cat\/cfamariaverdaguer\/wp-content\/uploads\/usu1245\/2023\/03\/IMG_0916-1152x1536.jpg 1152w, https:\/\/agora.xtec.cat\/cfamariaverdaguer\/wp-content\/uploads\/usu1245\/2023\/03\/IMG_0916-1536x2048.jpg 1536w, https:\/\/agora.xtec.cat\/cfamariaverdaguer\/wp-content\/uploads\/usu1245\/2023\/03\/IMG_0916-scaled.jpg 1920w\" sizes=\"auto, (max-width: 225px) 100vw, 225px\" \/> <img loading=\"lazy\" decoding=\"async\" class=\"size-medium wp-image-2182 alignleft\" src=\"https:\/\/agora.xtec.cat\/cfamariaverdaguer\/wp-content\/uploads\/usu1245\/2023\/03\/IMG_0903-300x225.jpg\" alt=\"\" width=\"300\" height=\"225\" srcset=\"https:\/\/agora.xtec.cat\/cfamariaverdaguer\/wp-content\/uploads\/usu1245\/2023\/03\/IMG_0903-300x225.jpg 300w, https:\/\/agora.xtec.cat\/cfamariaverdaguer\/wp-content\/uploads\/usu1245\/2023\/03\/IMG_0903-1024x768.jpg 1024w, https:\/\/agora.xtec.cat\/cfamariaverdaguer\/wp-content\/uploads\/usu1245\/2023\/03\/IMG_0903-768x576.jpg 768w, https:\/\/agora.xtec.cat\/cfamariaverdaguer\/wp-content\/uploads\/usu1245\/2023\/03\/IMG_0903-1536x1152.jpg 1536w, https:\/\/agora.xtec.cat\/cfamariaverdaguer\/wp-content\/uploads\/usu1245\/2023\/03\/IMG_0903-2048x1536.jpg 2048w, https:\/\/agora.xtec.cat\/cfamariaverdaguer\/wp-content\/uploads\/usu1245\/2023\/03\/IMG_0903-200x150.jpg 200w\" sizes=\"auto, (max-width: 300px) 100vw, 300px\" \/> <img loading=\"lazy\" decoding=\"async\" class=\"size-medium wp-image-2181 alignleft\" src=\"https:\/\/agora.xtec.cat\/cfamariaverdaguer\/wp-content\/uploads\/usu1245\/2023\/03\/IMG_20230316_120419-138x300.jpg\" alt=\"\" width=\"138\" height=\"300\" srcset=\"https:\/\/agora.xtec.cat\/cfamariaverdaguer\/wp-content\/uploads\/usu1245\/2023\/03\/IMG_20230316_120419-138x300.jpg 138w, https:\/\/agora.xtec.cat\/cfamariaverdaguer\/wp-content\/uploads\/usu1245\/2023\/03\/IMG_20230316_120419-471x1024.jpg 471w, https:\/\/agora.xtec.cat\/cfamariaverdaguer\/wp-content\/uploads\/usu1245\/2023\/03\/IMG_20230316_120419-768x1670.jpg 768w, https:\/\/agora.xtec.cat\/cfamariaverdaguer\/wp-content\/uploads\/usu1245\/2023\/03\/IMG_20230316_120419-707x1536.jpg 707w, https:\/\/agora.xtec.cat\/cfamariaverdaguer\/wp-content\/uploads\/usu1245\/2023\/03\/IMG_20230316_120419-942x2048.jpg 942w, https:\/\/agora.xtec.cat\/cfamariaverdaguer\/wp-content\/uploads\/usu1245\/2023\/03\/IMG_20230316_120419-scaled.jpg 1178w\" sizes=\"auto, (max-width: 138px) 100vw, 138px\" \/><\/div>\n<p>&nbsp;<\/p>\n<p>&nbsp;<\/p>\n<p>&nbsp;<\/p>\n<p>&nbsp;<\/p>\n<p>&nbsp;<\/p>\n<p>&nbsp;<\/p>\n<p>&nbsp;<\/p>\n<p>&nbsp;<\/p>\n<p>&nbsp;<\/p>\n<p>&nbsp;<\/p>\n<p>&nbsp;<\/p>\n<p>&nbsp;<\/p>\n<p>&nbsp;<\/p>\n<p>&nbsp;<\/p>\n<p>&nbsp;<\/p>\n<ul>\n<li>\n<h5>&#8220;Caf\u00e9 Literario&#8221; amb els alumnes de GES2 (08 de mar\u00e7)<\/h5>\n<\/li>\n<\/ul>\n<p>Alumnes de GES2 tanquen el m\u00f2dul de &#8220;Literatura espa\u00f1ola&#8221; al m\u00e9s pur estil modernista: amb un &#8220;Caf\u00e9 literario&#8221;<\/p>\n<p><img loading=\"lazy\" decoding=\"async\" class=\"aligncenter size-large wp-image-2131\" src=\"https:\/\/agora.xtec.cat\/cfamariaverdaguer\/wp-content\/uploads\/usu1245\/2023\/03\/PHOTO-2023-03-08-11-36-50-1024x768.jpg\" alt=\"\" width=\"1024\" height=\"768\" srcset=\"https:\/\/agora.xtec.cat\/cfamariaverdaguer\/wp-content\/uploads\/usu1245\/2023\/03\/PHOTO-2023-03-08-11-36-50-1024x768.jpg 1024w, https:\/\/agora.xtec.cat\/cfamariaverdaguer\/wp-content\/uploads\/usu1245\/2023\/03\/PHOTO-2023-03-08-11-36-50-300x225.jpg 300w, https:\/\/agora.xtec.cat\/cfamariaverdaguer\/wp-content\/uploads\/usu1245\/2023\/03\/PHOTO-2023-03-08-11-36-50-768x576.jpg 768w, https:\/\/agora.xtec.cat\/cfamariaverdaguer\/wp-content\/uploads\/usu1245\/2023\/03\/PHOTO-2023-03-08-11-36-50-1536x1152.jpg 1536w, https:\/\/agora.xtec.cat\/cfamariaverdaguer\/wp-content\/uploads\/usu1245\/2023\/03\/PHOTO-2023-03-08-11-36-50-200x150.jpg 200w, https:\/\/agora.xtec.cat\/cfamariaverdaguer\/wp-content\/uploads\/usu1245\/2023\/03\/PHOTO-2023-03-08-11-36-50.jpg 2048w\" sizes=\"auto, (max-width: 1024px) 100vw, 1024px\" \/><\/p>\n","protected":false},"excerpt":{"rendered":"<ul>\n<li>\n&#8220;Caf\u00e9 Literario&#8221; amb els alumnes de GES2 (6 de juny de 2024)\n<\/li>\n<\/ul>\n<p>Caf\u00e8 literari amb l&#8217;alumnat de GES2 per assaborir el final de curs!<br \/>\n\u00a0 \u00a0 <a href=\"https:\/\/agora.xtec.cat\/cfamariaverdaguer\/wp-content\/uploads\/usu1245\/2024\/06\/PHOTO-2024-06-06-12-45-53.jpg\">\u00a0\u00a0\u00a0\u00a0\u00a0<\/a><br \/>\n<a href=\"https:\/\/agora.xtec.cat\/cfamariaverdaguer\/wp-content\/uploads\/usu1245\/2024\/06\/PHOTO-2024-06-06-12-45-54_2.jpg\"><\/a><br \/>\n<a href=\"https:\/\/agora.xtec.cat\/cfamariaverdaguer\/wp-content\/uploads\/usu1245\/2024\/06\/PHOTO-2024-06-06-12-45-53.jpg\">\u00a0\u00a0 <\/a><a href=\"https:\/\/agora.xtec.cat\/cfamariaverdaguer\/wp-content\/uploads\/usu1245\/2024\/06\/PHOTO-2024-06-06-12-45-53.jpg\"><\/a><br \/>\n&nbsp;<\/p>\n<ul>\n<li>\nExposici\u00f3 de lluites i drets dels alumnes de GES1 (14 de mar\u00e7)\n<\/li>\n<\/ul>\n<p>Finalitzem\u00a0el m\u00f2dul d&#8217;Educaci\u00f3 per a&hellip;  <a href=\"https:\/\/agora.xtec.cat\/cfamariaverdaguer\/novetats-al-cfa\/novetats-a-ges\/\" title=\"Read Novetats a GES\">Llegeix m\u00e9s\u00bb<\/a><\/p>\n","protected":false},"author":1,"featured_media":0,"parent":2106,"menu_order":5,"comment_status":"closed","ping_status":"closed","template":"page-templates\/side-menu.php","meta":{"_bbp_topic_count":0,"_bbp_reply_count":0,"_bbp_total_topic_count":0,"_bbp_total_reply_count":0,"_bbp_voice_count":0,"_bbp_anonymous_reply_count":0,"_bbp_topic_count_hidden":0,"_bbp_reply_count_hidden":0,"_bbp_forum_subforum_count":0,"footnotes":""},"class_list":["post-2130","page","type-page","status-publish","hentry"],"post_mailing_queue_ids":[],"_links":{"self":[{"href":"https:\/\/agora.xtec.cat\/cfamariaverdaguer\/wp-json\/wp\/v2\/pages\/2130","targetHints":{"allow":["GET"]}}],"collection":[{"href":"https:\/\/agora.xtec.cat\/cfamariaverdaguer\/wp-json\/wp\/v2\/pages"}],"about":[{"href":"https:\/\/agora.xtec.cat\/cfamariaverdaguer\/wp-json\/wp\/v2\/types\/page"}],"author":[{"embeddable":true,"href":"https:\/\/agora.xtec.cat\/cfamariaverdaguer\/wp-json\/wp\/v2\/users\/1"}],"replies":[{"embeddable":true,"href":"https:\/\/agora.xtec.cat\/cfamariaverdaguer\/wp-json\/wp\/v2\/comments?post=2130"}],"version-history":[{"count":6,"href":"https:\/\/agora.xtec.cat\/cfamariaverdaguer\/wp-json\/wp\/v2\/pages\/2130\/revisions"}],"predecessor-version":[{"id":2433,"href":"https:\/\/agora.xtec.cat\/cfamariaverdaguer\/wp-json\/wp\/v2\/pages\/2130\/revisions\/2433"}],"up":[{"embeddable":true,"href":"https:\/\/agora.xtec.cat\/cfamariaverdaguer\/wp-json\/wp\/v2\/pages\/2106"}],"wp:attachment":[{"href":"https:\/\/agora.xtec.cat\/cfamariaverdaguer\/wp-json\/wp\/v2\/media?parent=2130"}],"curies":[{"name":"wp","href":"https:\/\/api.w.org\/{rel}","templated":true}]}}