{"id":1994,"date":"2022-05-30T18:11:15","date_gmt":"2022-05-30T16:11:15","guid":{"rendered":"https:\/\/agora.xtec.cat\/cfamariaverdaguer\/?page_id=1994"},"modified":"2023-06-19T13:10:45","modified_gmt":"2023-06-19T11:10:45","slug":"portal-web-i-xarxes-socials","status":"publish","type":"page","link":"https:\/\/agora.xtec.cat\/cfamariaverdaguer\/estrategia-digital-de-centre\/cultura-digital\/portal-web-i-xarxes-socials\/","title":{"rendered":"Pla de comunicaci\u00f3"},"content":{"rendered":"<p><img loading=\"lazy\" decoding=\"async\" class=\"alignleft wp-image-2268\" src=\"https:\/\/agora.xtec.cat\/cfamariaverdaguer\/wp-content\/uploads\/usu1245\/2023\/06\/Comunicacion_interna-300x300.jpg\" alt=\"\" width=\"116\" height=\"116\" srcset=\"https:\/\/agora.xtec.cat\/cfamariaverdaguer\/wp-content\/uploads\/usu1245\/2023\/06\/Comunicacion_interna-300x300.jpg 300w, https:\/\/agora.xtec.cat\/cfamariaverdaguer\/wp-content\/uploads\/usu1245\/2023\/06\/Comunicacion_interna-1024x1020.jpg 1024w, https:\/\/agora.xtec.cat\/cfamariaverdaguer\/wp-content\/uploads\/usu1245\/2023\/06\/Comunicacion_interna-150x150.jpg 150w, https:\/\/agora.xtec.cat\/cfamariaverdaguer\/wp-content\/uploads\/usu1245\/2023\/06\/Comunicacion_interna-768x765.jpg 768w, https:\/\/agora.xtec.cat\/cfamariaverdaguer\/wp-content\/uploads\/usu1245\/2023\/06\/Comunicacion_interna.jpg 1280w\" sizes=\"auto, (max-width: 116px) 100vw, 116px\" \/>Els canals de comunciaci\u00f3 han de ser clars, transparents, oberts, i bidireccionals, centre-entorn, de manera que possibilitin l\u2019enriquiment continu i la retroacci\u00f3 entre els diferents actors del pla de comunicaci\u00f3, aix\u00ed com la creaci\u00f3 i el manteniment d\u2019una xarxa oberta a la comunitat educativa.<\/p>\n<p>&nbsp;<\/p>\n<h3><span style=\"color: #20a3ba;\">Canals de comuniaci\u00f3<\/span><\/h3>\n<ul style=\"list-style-type: circle;\">\n<li>\n<h5><span style=\"color: #20a3ba;\">P\u00e0gina web<\/span><\/h5>\n<\/li>\n<\/ul>\n<p><img loading=\"lazy\" decoding=\"async\" class=\"aligncenter size-full wp-image-2254\" src=\"https:\/\/agora.xtec.cat\/cfamariaverdaguer\/wp-content\/uploads\/usu1245\/2023\/06\/Captura-1.png\" alt=\"\" width=\"1893\" height=\"233\" srcset=\"https:\/\/agora.xtec.cat\/cfamariaverdaguer\/wp-content\/uploads\/usu1245\/2023\/06\/Captura-1.png 1893w, https:\/\/agora.xtec.cat\/cfamariaverdaguer\/wp-content\/uploads\/usu1245\/2023\/06\/Captura-1-300x37.png 300w, https:\/\/agora.xtec.cat\/cfamariaverdaguer\/wp-content\/uploads\/usu1245\/2023\/06\/Captura-1-1024x126.png 1024w, https:\/\/agora.xtec.cat\/cfamariaverdaguer\/wp-content\/uploads\/usu1245\/2023\/06\/Captura-1-768x95.png 768w, https:\/\/agora.xtec.cat\/cfamariaverdaguer\/wp-content\/uploads\/usu1245\/2023\/06\/Captura-1-1536x189.png 1536w\" sizes=\"auto, (max-width: 1893px) 100vw, 1893px\" \/><\/p>\n<p class=\"CDt4Ke zfr3Q\" dir=\"ltr\">La p\u00e0gina <strong>web de l\u2019escola<\/strong> cont\u00e9 informaci\u00f3 p\u00fablica que permet comunicar not\u00edcies diverses a l&#8217;alumnat i a la resta de la comunitat educativa. S\u2019hi poden trobar diferents apartats com la descripci\u00f3 del centre, el calendari del curs, els ensenyaments que oferim, fotografies amb l&#8217;alumnat&#8230; a m\u00e9s de not\u00edcies d&#8217;\u00faltima hora que puguin interessar a l&#8217;alumnat.<\/p>\n<p class=\"CDt4Ke zfr3Q\" dir=\"ltr\">Aquest web est\u00e0 realitzada aprofitant el servei nodes que ofereix el Departament d\u2019Educaci\u00f3.<\/p>\n<p class=\"CDt4Ke zfr3Q\" dir=\"ltr\"><a href=\"https:\/\/agora.xtec.cat\/cfamariaverdaguer\/\" target=\"_blank\" rel=\"noopener\"><span class=\" aw5Odc\">https:\/\/agora.xtec.cat\/cfamariaverdaguer<\/span><\/a><\/p>\n<h3><\/h3>\n<ul style=\"list-style-type: circle;\">\n<li>\n<h5><span style=\"color: #20a3ba;\">Trucades telef\u00f2niques<\/span><\/h5>\n<\/li>\n<\/ul>\n<p>S&#8217;utilitza amb car\u00e0cter principalment individual quan es necessita una comunicaci\u00f3 r\u00e0pida bidireccional.<\/p>\n<p>&nbsp;<\/p>\n<ul style=\"list-style-type: circle;\">\n<li>\n<h5><span style=\"color: #20a3ba;\">Correu electr\u00f2nic<\/span><\/h5>\n<\/li>\n<\/ul>\n<p>S\u2019utilitza el correu del centre i els corporatius del professorat per a la comunicaci\u00f3 interna i externa. Cada docent establir\u00e0 si el correu electr\u00f2nic \u00e9s la via utilitzada per la comunicaci\u00f3 docent-grup classe.<\/p>\n<h3><\/h3>\n<h3><span style=\"color: #20a3ba;\"><img loading=\"lazy\" decoding=\"async\" class=\"wp-image-2274 alignright\" src=\"https:\/\/agora.xtec.cat\/cfamariaverdaguer\/wp-content\/uploads\/usu1245\/2023\/06\/connect-network-people-business-icon-social-1637436-pxhere.com_-300x242.jpg\" alt=\"\" width=\"259\" height=\"209\" srcset=\"https:\/\/agora.xtec.cat\/cfamariaverdaguer\/wp-content\/uploads\/usu1245\/2023\/06\/connect-network-people-business-icon-social-1637436-pxhere.com_-300x242.jpg 300w, https:\/\/agora.xtec.cat\/cfamariaverdaguer\/wp-content\/uploads\/usu1245\/2023\/06\/connect-network-people-business-icon-social-1637436-pxhere.com_-1024x825.jpg 1024w, https:\/\/agora.xtec.cat\/cfamariaverdaguer\/wp-content\/uploads\/usu1245\/2023\/06\/connect-network-people-business-icon-social-1637436-pxhere.com_-768x619.jpg 768w, https:\/\/agora.xtec.cat\/cfamariaverdaguer\/wp-content\/uploads\/usu1245\/2023\/06\/connect-network-people-business-icon-social-1637436-pxhere.com_.jpg 1280w\" sizes=\"auto, (max-width: 259px) 100vw, 259px\" \/>Xarxes socials<\/span><\/h3>\n<p>El centre disposa de diferents xarxes socials utilitzades com a canals de comunicaci\u00f3, complementaris del web del centre. Mentre que l\u2019usuari ha de fer un pensament actiu per visitar la web del centre, a les xarxes socials la informaci\u00f3 es veu autom\u00e0ticament a l\u2019espai personal de lectura de l\u2019usuari (sempre que s\u2019hagi subscrit).<\/p>\n<p>&nbsp;<\/p>\n<h5><\/h5>\n<ul style=\"list-style-type: circle;\">\n<li>\n<h5><span style=\"color: #20a3ba;\">Instagram<\/span><\/h5>\n<\/li>\n<\/ul>\n<p>\u00c9s la xarxa social utilitzada pel centre com a\u00a0aparador, fent protagonistes als alumnes i docents. \u00c9s en aquesta xarxa on es publiquen not\u00edcies i informaci\u00f3 del centre, aix\u00ed com activitats i treballs realitzats per l&#8217;alumnat.<\/p>\n<ul style=\"list-style-type: circle;\">\n<li>\n<h5><span style=\"color: #20a3ba;\">Whatsapp<\/span><\/h5>\n<\/li>\n<\/ul>\n<p>Aquesta eina s&#8217;utilizar\u00e0 per crear grups de classe o grups de difusi\u00f3 on nom\u00e9s el docent escriu per fer arribar not\u00edcies a l&#8217;alumnat. Cada docent establir\u00e0 si el Whatsapp \u00e9s la via utilitzada per la comunicaci\u00f3 docent-grup classe.<\/p>\n<h3><\/h3>\n","protected":false},"excerpt":{"rendered":"<p>Els canals de comunciaci\u00f3 han de ser clars, transparents, oberts, i bidireccionals, centre-entorn, de manera que possibilitin l\u2019enriquiment continu i la retroacci\u00f3 entre els diferents actors del pla de comunicaci\u00f3, aix\u00ed com la creaci\u00f3 i el manteniment d\u2019una xarxa oberta a la comunitat educativa.<br \/>\n&nbsp;<br \/>\nCanals de&hellip;  <a href=\"https:\/\/agora.xtec.cat\/cfamariaverdaguer\/estrategia-digital-de-centre\/cultura-digital\/portal-web-i-xarxes-socials\/\" title=\"Read Pla de comunicaci\u00f3\">Llegeix m\u00e9s\u00bb<\/a><\/p>\n","protected":false},"author":1,"featured_media":0,"parent":1970,"menu_order":40,"comment_status":"closed","ping_status":"closed","template":"page-templates\/side-menu.php","meta":{"_bbp_topic_count":0,"_bbp_reply_count":0,"_bbp_total_topic_count":0,"_bbp_total_reply_count":0,"_bbp_voice_count":0,"_bbp_anonymous_reply_count":0,"_bbp_topic_count_hidden":0,"_bbp_reply_count_hidden":0,"_bbp_forum_subforum_count":0,"footnotes":""},"class_list":["post-1994","page","type-page","status-publish","hentry"],"post_mailing_queue_ids":[],"_links":{"self":[{"href":"https:\/\/agora.xtec.cat\/cfamariaverdaguer\/wp-json\/wp\/v2\/pages\/1994","targetHints":{"allow":["GET"]}}],"collection":[{"href":"https:\/\/agora.xtec.cat\/cfamariaverdaguer\/wp-json\/wp\/v2\/pages"}],"about":[{"href":"https:\/\/agora.xtec.cat\/cfamariaverdaguer\/wp-json\/wp\/v2\/types\/page"}],"author":[{"embeddable":true,"href":"https:\/\/agora.xtec.cat\/cfamariaverdaguer\/wp-json\/wp\/v2\/users\/1"}],"replies":[{"embeddable":true,"href":"https:\/\/agora.xtec.cat\/cfamariaverdaguer\/wp-json\/wp\/v2\/comments?post=1994"}],"version-history":[{"count":4,"href":"https:\/\/agora.xtec.cat\/cfamariaverdaguer\/wp-json\/wp\/v2\/pages\/1994\/revisions"}],"predecessor-version":[{"id":2251,"href":"https:\/\/agora.xtec.cat\/cfamariaverdaguer\/wp-json\/wp\/v2\/pages\/1994\/revisions\/2251"}],"up":[{"embeddable":true,"href":"https:\/\/agora.xtec.cat\/cfamariaverdaguer\/wp-json\/wp\/v2\/pages\/1970"}],"wp:attachment":[{"href":"https:\/\/agora.xtec.cat\/cfamariaverdaguer\/wp-json\/wp\/v2\/media?parent=1994"}],"curies":[{"name":"wp","href":"https:\/\/api.w.org\/{rel}","templated":true}]}}