{"id":1992,"date":"2022-05-30T18:10:30","date_gmt":"2022-05-30T16:10:30","guid":{"rendered":"https:\/\/agora.xtec.cat\/cfamariaverdaguer\/?page_id=1992"},"modified":"2023-06-19T12:03:40","modified_gmt":"2023-06-19T10:03:40","slug":"competencia-digital-docent","status":"publish","type":"page","link":"https:\/\/agora.xtec.cat\/cfamariaverdaguer\/estrategia-digital-de-centre\/cultura-digital\/competencia-digital-docent\/","title":{"rendered":"Compet\u00e8ncia digital docent (CDD)"},"content":{"rendered":"<p style=\"text-align: justify;\">La <span style=\"color: #99cc00;\"><strong>Compet\u00e8ncia Digital Docent (CDD)<\/strong><\/span> \u00e9s la <em>capacitat que els<\/em><span style=\"font-family: inherit; font-size: 1em;\"><em> docents tenen de mobilitzar i transferir tots els seus coneixements, estrat\u00e8gies, habilitats i actituds sobre les tecnologies per a l\u2019aprenentatge i el coneixement (TAC) en situacions reals i concretes de la seva praxi professional<\/em>. L&#8217;objectiu d&#8217;adquirir la CDD hauria de permetre als docents:<\/span><\/p>\n<ol style=\"list-style-type: lower-alpha;\">\n<li style=\"text-align: justify;\">Facilitar l\u2019aprenentatge dels alumnes i l\u2019adquisici\u00f3 de la seva compet\u00e8ncia digital.<\/li>\n<li style=\"text-align: justify;\">Dur a terme processos de millora i innovaci\u00f3 d\u2019acord amb les necessitats de l\u2019era digital.<\/li>\n<li style=\"text-align: justify;\">Contribuir al seu desenvolupament professional d\u2019acord amb els processos de canvi que tenen lloc a la societat i als centres educatius.<\/li>\n<\/ol>\n<p style=\"text-align: justify;\">Per tal d\u2019aconseguir aquesta CDD \u00e9s molt important la <span style=\"color: #99cc00;\"><strong>formaci\u00f3 docent<\/strong><\/span> tant en el vessant instrumental com en el metodol\u00f2gic de la compet\u00e8ncia digital. En aquesta l\u00ednia, el curs 2022-23 el claustre del CFA Maria Verdaguer ha realitzat una Formaci\u00f3 Interna de Centre (FIC) entorn a l\u2019Estrat\u00e8gia Digital de Centre (EDC). En aquesta formaci\u00f3 s&#8217;han tractat diferents temes relacionats amb l\u2019educaci\u00f3 digital com, per exemple, l\u2019\u00fas metodol\u00f2gic dels Entorns Virtuals d\u2019Aprenentatge (EVA), l\u2019organitzaci\u00f3, implementaci\u00f3 i avaluaci\u00f3 de la compet\u00e8ncia digital de l\u2019alumnat o la seguretat i la protecci\u00f3 de dades.<span id=\"yui_3_17_2_1_1679860964944_32\"><b id=\"yui_3_17_2_1_1679860964944_31\"><span id=\"yui_3_17_2_1_1679860964944_30\"><\/span><\/b><\/span><\/p>\n<p style=\"text-align: justify;\">Juntament amb les formacions conjuntes en l\u2019\u00e0mbit del claustre, tamb\u00e9 cal remarcar totes aquelles <span style=\"color: #99cc00;\"><strong>formacions <\/strong><\/span>que els docents realitzen per iniciativa individual sobre temes concrets de l&#8217;\u00e0mbit digital en funci\u00f3 dels seus interessos (per especialitat, ensenyament\u2026). La suma de diferents aptituds en aquest \u00e0mbit digital tamb\u00e9 enriqueix el nostre claustre i, per tant, beneficia l\u2019alumnat de l\u2019escola.<\/p>\n<p style=\"text-align: justify;\">Per \u00faltim, cal indicar que el centre tamb\u00e9 at\u00e9n les demandes espec\u00edfiques de formaci\u00f3 digital que puguin sorgir en el claustre organitzant <span style=\"color: #99cc00;\"><strong>cursos concrets de compet\u00e8ncia digital<\/strong><\/span> o, si \u00e9s el cas, derivant els membres del claustre all\u00e0 on es realitzin (online, als Serveis Educatius\u2026).<\/p>\n","protected":false},"excerpt":{"rendered":"<p>La Compet\u00e8ncia Digital Docent (CDD) \u00e9s la capacitat que els docents tenen de mobilitzar i transferir tots els seus coneixements, estrat\u00e8gies, habilitats i actituds sobre les tecnologies per a l\u2019aprenentatge i el coneixement (TAC) en situacions reals i concretes de la seva praxi professional. L&#8217;objectiu&hellip;  <a href=\"https:\/\/agora.xtec.cat\/cfamariaverdaguer\/estrategia-digital-de-centre\/cultura-digital\/competencia-digital-docent\/\" title=\"Read Compet\u00e8ncia digital docent (CDD)\">Llegeix m\u00e9s\u00bb<\/a><\/p>\n","protected":false},"author":1,"featured_media":0,"parent":1970,"menu_order":7,"comment_status":"closed","ping_status":"closed","template":"page-templates\/side-menu.php","meta":{"_bbp_topic_count":0,"_bbp_reply_count":0,"_bbp_total_topic_count":0,"_bbp_total_reply_count":0,"_bbp_voice_count":0,"_bbp_anonymous_reply_count":0,"_bbp_topic_count_hidden":0,"_bbp_reply_count_hidden":0,"_bbp_forum_subforum_count":0,"footnotes":""},"class_list":["post-1992","page","type-page","status-publish","hentry"],"post_mailing_queue_ids":[],"_links":{"self":[{"href":"https:\/\/agora.xtec.cat\/cfamariaverdaguer\/wp-json\/wp\/v2\/pages\/1992","targetHints":{"allow":["GET"]}}],"collection":[{"href":"https:\/\/agora.xtec.cat\/cfamariaverdaguer\/wp-json\/wp\/v2\/pages"}],"about":[{"href":"https:\/\/agora.xtec.cat\/cfamariaverdaguer\/wp-json\/wp\/v2\/types\/page"}],"author":[{"embeddable":true,"href":"https:\/\/agora.xtec.cat\/cfamariaverdaguer\/wp-json\/wp\/v2\/users\/1"}],"replies":[{"embeddable":true,"href":"https:\/\/agora.xtec.cat\/cfamariaverdaguer\/wp-json\/wp\/v2\/comments?post=1992"}],"version-history":[{"count":3,"href":"https:\/\/agora.xtec.cat\/cfamariaverdaguer\/wp-json\/wp\/v2\/pages\/1992\/revisions"}],"predecessor-version":[{"id":2277,"href":"https:\/\/agora.xtec.cat\/cfamariaverdaguer\/wp-json\/wp\/v2\/pages\/1992\/revisions\/2277"}],"up":[{"embeddable":true,"href":"https:\/\/agora.xtec.cat\/cfamariaverdaguer\/wp-json\/wp\/v2\/pages\/1970"}],"wp:attachment":[{"href":"https:\/\/agora.xtec.cat\/cfamariaverdaguer\/wp-json\/wp\/v2\/media?parent=1992"}],"curies":[{"name":"wp","href":"https:\/\/api.w.org\/{rel}","templated":true}]}}