{"id":1987,"date":"2022-05-30T18:09:14","date_gmt":"2022-05-30T16:09:14","guid":{"rendered":"https:\/\/agora.xtec.cat\/cfamariaverdaguer\/?page_id=1987"},"modified":"2024-01-26T09:59:10","modified_gmt":"2024-01-26T08:59:10","slug":"serveis-digitals","status":"publish","type":"page","link":"https:\/\/agora.xtec.cat\/cfamariaverdaguer\/estrategia-digital-de-centre\/cultura-digital\/serveis-digitals\/","title":{"rendered":"Serveis digitals"},"content":{"rendered":"<p>El CFA Maria Verdaguer t\u00e9 diversos serveis digitals a disposici\u00f3 de l&#8217;alumnat de tots els ensenyaments:<\/p>\n<ul>\n<li><strong>Aula d&#8217;inform\u00e0tica:<\/strong> Hi ha 17 ordinadors de sobretaula que l&#8217;alumnat pot utilitzar durant les classes amb un docent o que pot usar quan no hi hagi ning\u00fa fent classe, sempre havent demanat perm\u00eds al personal del centre pr\u00e8viament.<\/li>\n<li><strong>Biblioteca<\/strong>: Hi ha una vintena d&#8217;ordinadors de sobretaula que l&#8217;alumnat pot utilitzar durant les classes amb un docent o que pot usar encara que s&#8217;hi estigui fent classe, sempre havent demanat perm\u00eds al personal del centre pr\u00e8viament.<\/li>\n<li><strong>Port\u00e0tils<\/strong>: Tenim un carro amb 25 port\u00e0tils que l&#8217;alumnat pot utilitzar durant les classes quan el docent ho cregui oport\u00fa.<\/li>\n<li><strong>Tauletes<\/strong>: Tenim un carro amb 20 tauletes que l&#8217;alumnat pot utilitzar durant les classes quan el docent ho cregui oport\u00fa.<\/li>\n<\/ul>\n<p><img loading=\"lazy\" decoding=\"async\" class=\"aligncenter size-medium wp-image-2266\" src=\"https:\/\/agora.xtec.cat\/cfamariaverdaguer\/wp-content\/uploads\/usu1245\/2023\/06\/laptop-ge95cc4e87_1280-300x250.png\" alt=\"\" width=\"300\" height=\"250\" srcset=\"https:\/\/agora.xtec.cat\/cfamariaverdaguer\/wp-content\/uploads\/usu1245\/2023\/06\/laptop-ge95cc4e87_1280-300x250.png 300w, https:\/\/agora.xtec.cat\/cfamariaverdaguer\/wp-content\/uploads\/usu1245\/2023\/06\/laptop-ge95cc4e87_1280-1024x853.png 1024w, https:\/\/agora.xtec.cat\/cfamariaverdaguer\/wp-content\/uploads\/usu1245\/2023\/06\/laptop-ge95cc4e87_1280-768x640.png 768w, https:\/\/agora.xtec.cat\/cfamariaverdaguer\/wp-content\/uploads\/usu1245\/2023\/06\/laptop-ge95cc4e87_1280.png 1280w\" sizes=\"auto, (max-width: 300px) 100vw, 300px\" \/><\/p>\n<p>Per tal de millorar la compet\u00e8ncia digital de l&#8217;alumnat i poder treballar amb les TIC a l&#8217;aula, el centre treballa amb dos Entorns Virtual d&#8217;Aprenentatge: el <strong>Classroom<\/strong> i el <strong>Moodle<\/strong>. Depenent de l&#8217;ensenyament es treballa amb una o altra, tot i que en els ensenyaments m\u00e9s inicials no es sol treballar en cap. Per tal de facilitar el seu \u00fas, el centre dona un usuari corporatiu sota el domini <strong>@cfamariaverdaguer.cat<\/strong>.<\/p>\n","protected":false},"excerpt":{"rendered":"<p>El CFA Maria Verdaguer t\u00e9 diversos serveis digitals a disposici\u00f3 de l&#8217;alumnat de tots els ensenyaments:<\/p>\n<ul>\n<li>Aula d&#8217;inform\u00e0tica: Hi ha 17 ordinadors de sobretaula que l&#8217;alumnat pot utilitzar durant les classes amb un docent o que pot usar quan no hi hagi ning\u00fa fent classe, sempre&hellip;  <a href=\"https:\/\/agora.xtec.cat\/cfamariaverdaguer\/estrategia-digital-de-centre\/cultura-digital\/serveis-digitals\/\" title=\"Read Serveis digitals\">Llegeix m\u00e9s\u00bb<\/a><br \/>\n","protected":false},"author":1,"featured_media":0,"parent":1970,"menu_order":10,"comment_status":"closed","ping_status":"closed","template":"page-templates\/side-menu.php","meta":{"_bbp_topic_count":0,"_bbp_reply_count":0,"_bbp_total_topic_count":0,"_bbp_total_reply_count":0,"_bbp_voice_count":0,"_bbp_anonymous_reply_count":0,"_bbp_topic_count_hidden":0,"_bbp_reply_count_hidden":0,"_bbp_forum_subforum_count":0,"footnotes":""},"class_list":["post-1987","page","type-page","status-publish","hentry"],"post_mailing_queue_ids":[],"_links":{"self":[{"href":"https:\/\/agora.xtec.cat\/cfamariaverdaguer\/wp-json\/wp\/v2\/pages\/1987","targetHints":{"allow":["GET"]}}],"collection":[{"href":"https:\/\/agora.xtec.cat\/cfamariaverdaguer\/wp-json\/wp\/v2\/pages"}],"about":[{"href":"https:\/\/agora.xtec.cat\/cfamariaverdaguer\/wp-json\/wp\/v2\/types\/page"}],"author":[{"embeddable":true,"href":"https:\/\/agora.xtec.cat\/cfamariaverdaguer\/wp-json\/wp\/v2\/users\/1"}],"replies":[{"embeddable":true,"href":"https:\/\/agora.xtec.cat\/cfamariaverdaguer\/wp-json\/wp\/v2\/comments?post=1987"}],"version-history":[{"count":5,"href":"https:\/\/agora.xtec.cat\/cfamariaverdaguer\/wp-json\/wp\/v2\/pages\/1987\/revisions"}],"predecessor-version":[{"id":2360,"href":"https:\/\/agora.xtec.cat\/cfamariaverdaguer\/wp-json\/wp\/v2\/pages\/1987\/revisions\/2360"}],"up":[{"embeddable":true,"href":"https:\/\/agora.xtec.cat\/cfamariaverdaguer\/wp-json\/wp\/v2\/pages\/1970"}],"wp:attachment":[{"href":"https:\/\/agora.xtec.cat\/cfamariaverdaguer\/wp-json\/wp\/v2\/media?parent=1987"}],"curies":[{"name":"wp","href":"https:\/\/api.w.org\/{rel}","templated":true}]}}