{"id":1974,"date":"2022-05-30T17:50:20","date_gmt":"2022-05-30T15:50:20","guid":{"rendered":"https:\/\/agora.xtec.cat\/cfamariaverdaguer\/?page_id=1974"},"modified":"2023-07-11T16:48:24","modified_gmt":"2023-07-11T14:48:24","slug":"objectius","status":"publish","type":"page","link":"https:\/\/agora.xtec.cat\/cfamariaverdaguer\/estrategia-digital-de-centre\/part-estrategica\/objectius\/","title":{"rendered":"Objectius"},"content":{"rendered":"<p style=\"text-align: justify;\">A partir de l&#8217;an\u00e0lisi dels resultats, s&#8217;han detectat punts forts i punts febles i s&#8217;han establert un conjunt d&#8217;objectius a assolir en un determinat per\u00edode de temps, per tal de millorar la compet\u00e8ncia digital del centre. Els objectius marcats s\u00f3n els seg\u00fcents:<\/p>\n<style>iframe{width:100%; height:600px}<\/style>\n<p><iframe src=\"https:\/\/docs.google.com\/spreadsheets\/d\/e\/2PACX-1vS2RDmdZsJtbBusXoU2tF9PsMeqN_nlmgGum_rNpFAobH84q9KNU3web6y7w9oL4T3aFzaercvMoekM\/pubhtml?widget=true&amp;headers=false\"><\/iframe><\/p>\n","protected":false},"excerpt":{"rendered":"<p>A partir de l&#8217;an\u00e0lisi dels resultats, s&#8217;han detectat punts forts i punts febles i s&#8217;han establert un conjunt d&#8217;objectius a assolir en un determinat per\u00edode de temps, per tal de millorar la compet\u00e8ncia digital del centre. Els objectius marcats s\u00f3n els seg\u00fcents:<br \/>\niframe{width:100%; height:600px}<\/p>\n","protected":false},"author":1,"featured_media":0,"parent":1965,"menu_order":10,"comment_status":"closed","ping_status":"closed","template":"page-templates\/side-menu.php","meta":{"_bbp_topic_count":0,"_bbp_reply_count":0,"_bbp_total_topic_count":0,"_bbp_total_reply_count":0,"_bbp_voice_count":0,"_bbp_anonymous_reply_count":0,"_bbp_topic_count_hidden":0,"_bbp_reply_count_hidden":0,"_bbp_forum_subforum_count":0,"footnotes":""},"class_list":["post-1974","page","type-page","status-publish","hentry"],"post_mailing_queue_ids":[],"_links":{"self":[{"href":"https:\/\/agora.xtec.cat\/cfamariaverdaguer\/wp-json\/wp\/v2\/pages\/1974","targetHints":{"allow":["GET"]}}],"collection":[{"href":"https:\/\/agora.xtec.cat\/cfamariaverdaguer\/wp-json\/wp\/v2\/pages"}],"about":[{"href":"https:\/\/agora.xtec.cat\/cfamariaverdaguer\/wp-json\/wp\/v2\/types\/page"}],"author":[{"embeddable":true,"href":"https:\/\/agora.xtec.cat\/cfamariaverdaguer\/wp-json\/wp\/v2\/users\/1"}],"replies":[{"embeddable":true,"href":"https:\/\/agora.xtec.cat\/cfamariaverdaguer\/wp-json\/wp\/v2\/comments?post=1974"}],"version-history":[{"count":3,"href":"https:\/\/agora.xtec.cat\/cfamariaverdaguer\/wp-json\/wp\/v2\/pages\/1974\/revisions"}],"predecessor-version":[{"id":2293,"href":"https:\/\/agora.xtec.cat\/cfamariaverdaguer\/wp-json\/wp\/v2\/pages\/1974\/revisions\/2293"}],"up":[{"embeddable":true,"href":"https:\/\/agora.xtec.cat\/cfamariaverdaguer\/wp-json\/wp\/v2\/pages\/1965"}],"wp:attachment":[{"href":"https:\/\/agora.xtec.cat\/cfamariaverdaguer\/wp-json\/wp\/v2\/media?parent=1974"}],"curies":[{"name":"wp","href":"https:\/\/api.w.org\/{rel}","templated":true}]}}