{"id":1968,"date":"2022-05-30T17:47:08","date_gmt":"2022-05-30T15:47:08","guid":{"rendered":"https:\/\/agora.xtec.cat\/cfamariaverdaguer\/?page_id=1968"},"modified":"2023-06-12T12:54:53","modified_gmt":"2023-06-12T10:54:53","slug":"diagnosi","status":"publish","type":"page","link":"https:\/\/agora.xtec.cat\/cfamariaverdaguer\/estrategia-digital-de-centre\/part-estrategica\/diagnosi\/","title":{"rendered":"Diagnosi"},"content":{"rendered":"<p style=\"text-align: justify;\"><span class=\" jgG6ef\">&#8220;<\/span><span class=\" jgG6ef\">L\u2019objectiu de la diagnosi ser\u00e0 trobar aquells punts forts que el centre ja est\u00e0 fent correctament sobre l\u2019\u00fas de les tecnologies digitals i, tamb\u00e9, trobar aquells aspectes en qu\u00e8 el centre ha de millorar.&#8221;<\/span><\/p>\n<p style=\"text-align: justify;\">Per realitzar la diagnosi de la maduresa digital del centre s&#8217;ha utilitzat l&#8217;eina d&#8217;avaluaci\u00f3\u00a0SELFIE\u00a0creada per la Comissi\u00f3 Europea d&#8217;Educaci\u00f3.\u00a0A\u00a0partir d&#8217;un q\u00fcestionari valoratiu amb preguntes diferenciades per a l&#8217;equip directiu, professorat i alumnat,\u00a0s&#8217;ha avaluat\u00a0l&#8217;evoluci\u00f3 de la integraci\u00f3 de la tecnologia\u00a0al centre.<\/p>\n<p style=\"text-align: justify;\">Un cop realitzada l&#8217;enquesta al nostre centre, es pot dir que la participaci\u00f3 ha estat molt alta ja que, en alguns casos, fins i tot hem arribat al 100%.<\/p>\n<p>A continuaci\u00f3 presentem el resum de les respostes per \u00e0rees.<\/p>\n<p><iframe loading=\"lazy\" src=\"https:\/\/drive.google.com\/file\/d\/1w8pdwMRnD_Mp5R5wKjeB0jeCrnBVxpRB\/preview\" width=\"640\" height=\"480\"><\/iframe><\/p>\n<p>En el <a href=\"https:\/\/docs.google.com\/document\/d\/1BnG0yXr3uMKI-UHo5N8sYB0Num_pQ6ZzsTbZ6JgbfnQ\/edit?usp=sharing\" target=\"_blank\" rel=\"noopener\">document<\/a> seg\u00fcent es pot observar quins s\u00f3n els punts forts i els punts febles resultants de l&#8217;enquesta SELFIE al nostre centre.<\/p>\n<p>&nbsp;<\/p>\n","protected":false},"excerpt":{"rendered":"<p>&#8220;L\u2019objectiu de la diagnosi ser\u00e0 trobar aquells punts forts que el centre ja est\u00e0 fent correctament sobre l\u2019\u00fas de les tecnologies digitals i, tamb\u00e9, trobar aquells aspectes en qu\u00e8 el centre ha de millorar.&#8221;<br \/>\nPer realitzar la diagnosi de la maduresa digital del centre s&#8217;ha utilitzat&hellip;  <a href=\"https:\/\/agora.xtec.cat\/cfamariaverdaguer\/estrategia-digital-de-centre\/part-estrategica\/diagnosi\/\" title=\"Read Diagnosi\">Llegeix m\u00e9s\u00bb<\/a><\/p>\n","protected":false},"author":1,"featured_media":0,"parent":1965,"menu_order":5,"comment_status":"closed","ping_status":"closed","template":"page-templates\/side-menu.php","meta":{"_bbp_topic_count":0,"_bbp_reply_count":0,"_bbp_total_topic_count":0,"_bbp_total_reply_count":0,"_bbp_voice_count":0,"_bbp_anonymous_reply_count":0,"_bbp_topic_count_hidden":0,"_bbp_reply_count_hidden":0,"_bbp_forum_subforum_count":0,"footnotes":""},"class_list":["post-1968","page","type-page","status-publish","hentry"],"post_mailing_queue_ids":[],"_links":{"self":[{"href":"https:\/\/agora.xtec.cat\/cfamariaverdaguer\/wp-json\/wp\/v2\/pages\/1968","targetHints":{"allow":["GET"]}}],"collection":[{"href":"https:\/\/agora.xtec.cat\/cfamariaverdaguer\/wp-json\/wp\/v2\/pages"}],"about":[{"href":"https:\/\/agora.xtec.cat\/cfamariaverdaguer\/wp-json\/wp\/v2\/types\/page"}],"author":[{"embeddable":true,"href":"https:\/\/agora.xtec.cat\/cfamariaverdaguer\/wp-json\/wp\/v2\/users\/1"}],"replies":[{"embeddable":true,"href":"https:\/\/agora.xtec.cat\/cfamariaverdaguer\/wp-json\/wp\/v2\/comments?post=1968"}],"version-history":[{"count":3,"href":"https:\/\/agora.xtec.cat\/cfamariaverdaguer\/wp-json\/wp\/v2\/pages\/1968\/revisions"}],"predecessor-version":[{"id":2004,"href":"https:\/\/agora.xtec.cat\/cfamariaverdaguer\/wp-json\/wp\/v2\/pages\/1968\/revisions\/2004"}],"up":[{"embeddable":true,"href":"https:\/\/agora.xtec.cat\/cfamariaverdaguer\/wp-json\/wp\/v2\/pages\/1965"}],"wp:attachment":[{"href":"https:\/\/agora.xtec.cat\/cfamariaverdaguer\/wp-json\/wp\/v2\/media?parent=1968"}],"curies":[{"name":"wp","href":"https:\/\/api.w.org\/{rel}","templated":true}]}}