{"id":1291,"date":"2020-03-10T10:21:06","date_gmt":"2020-03-10T09:21:06","guid":{"rendered":"http:\/\/agora.xtec.cat\/cfamariaverdaguer\/?page_id=1291"},"modified":"2020-03-10T10:21:06","modified_gmt":"2020-03-10T09:21:06","slug":"recursos-per-angles","status":"publish","type":"page","link":"https:\/\/agora.xtec.cat\/cfamariaverdaguer\/el-centre\/recursos-i-materials\/recursos-per-angles\/","title":{"rendered":"Recursos per angl\u00e8s"},"content":{"rendered":"<ul>\n<li><a href=\"http:\/\/www.learnenglish-online.com\/grammar.html\">Learn English Online:<\/a> <span style=\"font-weight: 400;\">Per a refor\u00e7ar, aprendre i practicar diversos aspectes gramaticals de la llengua anglesa.<\/span><\/li>\n<li><a href=\"http:\/\/www.world-english.org\/\"><span style=\"font-weight: 400;\">World English:<\/span><\/a><span style=\"font-weight: 400;\">\u00a0Web per aprendre, practicar i estudiar la llengua en l\u00ednia. Hi trobareu exercicis organitzats en habilitats espec\u00edfiques, de lectura, vocabulari, orals i de gram\u00e0tica. Cal que busqueu el que us interessa.<\/span><\/li>\n<li><a href=\"http:\/\/www.englishpage.com\/grammar\">English page<\/a>: <span style=\"font-weight: 400;\">\u00a0Hi trobareu refer\u00e8ncies gramaticals organitzades per categories (adjectives, adverbs, tenses&#8230;). Nom\u00e9s cal que cliqueu a sobre i feu els exercicis per repassar el que anem treballant a l\u2019aula.<\/span><\/li>\n<li><a href=\"http:\/\/www.english-grammar-lessons.com\/\"><span style=\"font-weight: 400;\">English Grammar lessons&amp;exercises<\/span><\/a><span style=\"font-weight: 400;\">\u00a0 Molt indicat per practicar els verbs, tant regulars com irregulars. Hi trobareu exercicis per practicar tots els temps verbals.<\/span><\/li>\n<li><a href=\"http:\/\/www.bbc.co.uk\/worldservice\/learningenglish\/\"><span style=\"font-weight: 400;\">BBC Learning English<\/span><\/a><\/li>\n<li><a href=\"http:\/\/learnenglish.britishcouncil.org\/en\/\"><span style=\"font-weight: 400;\">British Council Learn English<\/span><\/a><\/li>\n<li><a href=\"http:\/\/www.barcelona-metropolitan.com\/\"><span style=\"font-weight: 400;\">Barcelona-metropolitan<\/span><\/a><\/li>\n<li><a href=\"http:\/\/www.bbc.co.uk\/news\/\"><span style=\"font-weight: 400;\">BBC News<\/span><\/a><\/li>\n<\/ul>\n","protected":false},"excerpt":{"rendered":"<ul>\n<li><a href=\"http:\/\/www.learnenglish-online.com\/grammar.html\">Learn English Online:<\/a> Per a refor\u00e7ar, aprendre i practicar diversos aspectes gramaticals de la llengua anglesa.<\/li>\n<li><a href=\"http:\/\/www.world-english.org\/\">World English:<\/a>\u00a0Web per aprendre, practicar i estudiar la llengua en l\u00ednia. Hi trobareu exercicis organitzats en habilitats espec\u00edfiques, de lectura, vocabulari, orals i de gram\u00e0tica. Cal que busqueu&hellip;  <a href=\"https:\/\/agora.xtec.cat\/cfamariaverdaguer\/el-centre\/recursos-i-materials\/recursos-per-angles\/\" title=\"Read Recursos per angl\u00e8s\">Llegeix m\u00e9s\u00bb<\/a><br \/>\n","protected":false},"author":1,"featured_media":0,"parent":549,"menu_order":0,"comment_status":"closed","ping_status":"closed","template":"","meta":{"_bbp_topic_count":0,"_bbp_reply_count":0,"_bbp_total_topic_count":0,"_bbp_total_reply_count":0,"_bbp_voice_count":0,"_bbp_anonymous_reply_count":0,"_bbp_topic_count_hidden":0,"_bbp_reply_count_hidden":0,"_bbp_forum_subforum_count":0,"footnotes":""},"class_list":["post-1291","page","type-page","status-publish","hentry"],"post_mailing_queue_ids":[],"_links":{"self":[{"href":"https:\/\/agora.xtec.cat\/cfamariaverdaguer\/wp-json\/wp\/v2\/pages\/1291","targetHints":{"allow":["GET"]}}],"collection":[{"href":"https:\/\/agora.xtec.cat\/cfamariaverdaguer\/wp-json\/wp\/v2\/pages"}],"about":[{"href":"https:\/\/agora.xtec.cat\/cfamariaverdaguer\/wp-json\/wp\/v2\/types\/page"}],"author":[{"embeddable":true,"href":"https:\/\/agora.xtec.cat\/cfamariaverdaguer\/wp-json\/wp\/v2\/users\/1"}],"replies":[{"embeddable":true,"href":"https:\/\/agora.xtec.cat\/cfamariaverdaguer\/wp-json\/wp\/v2\/comments?post=1291"}],"version-history":[{"count":1,"href":"https:\/\/agora.xtec.cat\/cfamariaverdaguer\/wp-json\/wp\/v2\/pages\/1291\/revisions"}],"predecessor-version":[{"id":1292,"href":"https:\/\/agora.xtec.cat\/cfamariaverdaguer\/wp-json\/wp\/v2\/pages\/1291\/revisions\/1292"}],"up":[{"embeddable":true,"href":"https:\/\/agora.xtec.cat\/cfamariaverdaguer\/wp-json\/wp\/v2\/pages\/549"}],"wp:attachment":[{"href":"https:\/\/agora.xtec.cat\/cfamariaverdaguer\/wp-json\/wp\/v2\/media?parent=1291"}],"curies":[{"name":"wp","href":"https:\/\/api.w.org\/{rel}","templated":true}]}}