{"id":726,"date":"2020-04-17T11:33:31","date_gmt":"2020-04-17T09:33:31","guid":{"rendered":"http:\/\/agora.xtec.cat\/cfamadrid\/?page_id=726"},"modified":"2025-06-26T17:48:31","modified_gmt":"2025-06-26T15:48:31","slug":"catala-2","status":"publish","type":"page","link":"https:\/\/agora.xtec.cat\/cfamadrid\/recursos-per-a-laprenentatge\/catala\/catala-2\/","title":{"rendered":"Catal\u00e0 2"},"content":{"rendered":"<p>&#8211;<a href=\"https:\/\/es.lyricstraining.com\/ca\">Can\u00e7ons<\/a><\/p>\n<p><span style=\"font-weight: 400;\">-Consorci per a la normalitzaci\u00f3 ling\u00fc\u00edstica: gram\u00e0tica, vocabulari, etc.<\/span><\/p>\n<ul style=\"list-style-type: disc;\">\n<li><a href=\"https:\/\/www.cpnl.cat\/gramatica\/nivell\/basic-1\"><span style=\"font-weight: 400;\">https:\/\/www.cpnl.cat\/gramatica\/nivell\/basic-1<\/span><\/a><\/li>\n<li><a href=\"https:\/\/www.cpnl.cat\/gramatica\/nivell\/basic-2\"><span style=\"font-weight: 400;\">https:\/\/www.cpnl.cat\/gramatica\/nivell\/basic-2<\/span><\/a><\/li>\n<li><a href=\"https:\/\/www.cpnl.cat\/gramatica\/nivell\/basic-3\"><span style=\"font-weight: 400;\">https:\/\/www.cpnl.cat\/gramatica\/nivell\/basic-3<\/span><\/a><\/li>\n<\/ul>\n<p>-Receptes de cuina: <a href=\"https:\/\/www.3cat.cat\/tv3\/cuines\/\">Cuines<\/a><\/p>\n<p>-V\u00eddeos de <em>Easy Catalan<\/em>:<\/p>\n<p><iframe loading=\"lazy\" title=\"Past Tenses in Catalan | Super Easy Catalan 11\" width=\"500\" height=\"281\" src=\"https:\/\/www.youtube.com\/embed\/baR9Rw3xrkE?feature=oembed\" frameborder=\"0\" allow=\"accelerometer; autoplay; clipboard-write; encrypted-media; gyroscope; picture-in-picture; web-share\" referrerpolicy=\"strict-origin-when-cross-origin\" allowfullscreen><\/iframe><\/p>\n<p><iframe loading=\"lazy\" title=\"How to Describe Your Physical Traits in Catalan | Super Easy Catalan 9\" width=\"500\" height=\"281\" src=\"https:\/\/www.youtube.com\/embed\/OXFIsXJaTDI?feature=oembed\" frameborder=\"0\" allow=\"accelerometer; autoplay; clipboard-write; encrypted-media; gyroscope; picture-in-picture; web-share\" referrerpolicy=\"strict-origin-when-cross-origin\" allowfullscreen><\/iframe><\/p>\n<p><iframe loading=\"lazy\" title=\"What&#039;s your routine like? | Super Easy Catalan 19\" width=\"500\" height=\"281\" src=\"https:\/\/www.youtube.com\/embed\/14c3ldF-KAE?feature=oembed\" frameborder=\"0\" allow=\"accelerometer; autoplay; clipboard-write; encrypted-media; gyroscope; picture-in-picture; web-share\" referrerpolicy=\"strict-origin-when-cross-origin\" allowfullscreen><\/iframe><\/p>\n<p><iframe loading=\"lazy\" title=\"How to go to the doctor in Catalan | Super Easy Catalan 30\" width=\"500\" height=\"281\" src=\"https:\/\/www.youtube.com\/embed\/LW3KnpDE7yo?feature=oembed\" frameborder=\"0\" allow=\"accelerometer; autoplay; clipboard-write; encrypted-media; gyroscope; picture-in-picture; web-share\" referrerpolicy=\"strict-origin-when-cross-origin\" allowfullscreen><\/iframe><\/p>\n<p><iframe loading=\"lazy\" title=\"Walking Around the City in SLOW CATALAN | Super Easy Catalan 32\" width=\"500\" height=\"281\" src=\"https:\/\/www.youtube.com\/embed\/0BKtOB1KCJ0?feature=oembed\" frameborder=\"0\" allow=\"accelerometer; autoplay; clipboard-write; encrypted-media; gyroscope; picture-in-picture; web-share\" referrerpolicy=\"strict-origin-when-cross-origin\" allowfullscreen><\/iframe><\/p>\n","protected":false},"excerpt":{"rendered":"<p>&#8211;<a href=\"https:\/\/es.lyricstraining.com\/ca\">Can\u00e7ons<\/a><br \/>\n-Consorci per a la normalitzaci\u00f3 ling\u00fc\u00edstica: gram\u00e0tica, vocabulari, etc.<\/p>\n<ul style=\"list-style-type: disc;\">\n<li><a href=\"https:\/\/www.cpnl.cat\/gramatica\/nivell\/basic-1\">https:\/\/www.cpnl.cat\/gramatica\/nivell\/basic-1<\/a><\/li>\n<li><a href=\"https:\/\/www.cpnl.cat\/gramatica\/nivell\/basic-2\">https:\/\/www.cpnl.cat\/gramatica\/nivell\/basic-2<\/a><\/li>\n<li><a href=\"https:\/\/www.cpnl.cat\/gramatica\/nivell\/basic-3\">https:\/\/www.cpnl.cat\/gramatica\/nivell\/basic-3<\/a><\/li>\n<\/ul>\n<p>-Receptes de cuina: <a href=\"https:\/\/www.3cat.cat\/tv3\/cuines\/\">Cuines<\/a><br \/>\n-V\u00eddeos de Easy Catalan:<\/p>\n","protected":false},"author":1,"featured_media":0,"parent":722,"menu_order":0,"comment_status":"closed","ping_status":"closed","template":"page-templates\/side-menu.php","meta":{"_bbp_topic_count":0,"_bbp_reply_count":0,"_bbp_total_topic_count":0,"_bbp_total_reply_count":0,"_bbp_voice_count":0,"_bbp_anonymous_reply_count":0,"_bbp_topic_count_hidden":0,"_bbp_reply_count_hidden":0,"_bbp_forum_subforum_count":0,"footnotes":""},"class_list":["post-726","page","type-page","status-publish","hentry"],"post_mailing_queue_ids":[],"_links":{"self":[{"href":"https:\/\/agora.xtec.cat\/cfamadrid\/wp-json\/wp\/v2\/pages\/726","targetHints":{"allow":["GET"]}}],"collection":[{"href":"https:\/\/agora.xtec.cat\/cfamadrid\/wp-json\/wp\/v2\/pages"}],"about":[{"href":"https:\/\/agora.xtec.cat\/cfamadrid\/wp-json\/wp\/v2\/types\/page"}],"author":[{"embeddable":true,"href":"https:\/\/agora.xtec.cat\/cfamadrid\/wp-json\/wp\/v2\/users\/1"}],"replies":[{"embeddable":true,"href":"https:\/\/agora.xtec.cat\/cfamadrid\/wp-json\/wp\/v2\/comments?post=726"}],"version-history":[{"count":5,"href":"https:\/\/agora.xtec.cat\/cfamadrid\/wp-json\/wp\/v2\/pages\/726\/revisions"}],"predecessor-version":[{"id":1920,"href":"https:\/\/agora.xtec.cat\/cfamadrid\/wp-json\/wp\/v2\/pages\/726\/revisions\/1920"}],"up":[{"embeddable":true,"href":"https:\/\/agora.xtec.cat\/cfamadrid\/wp-json\/wp\/v2\/pages\/722"}],"wp:attachment":[{"href":"https:\/\/agora.xtec.cat\/cfamadrid\/wp-json\/wp\/v2\/media?parent=726"}],"curies":[{"name":"wp","href":"https:\/\/api.w.org\/{rel}","templated":true}]}}