{"id":52,"date":"2014-09-17T16:58:07","date_gmt":"2014-09-17T16:58:07","guid":{"rendered":"http:\/\/agora.xtec.cat\/cfamadrid\/?page_id=52"},"modified":"2025-04-07T17:05:39","modified_gmt":"2025-04-07T15:05:39","slug":"calendari-del-curs","status":"publish","type":"page","link":"https:\/\/agora.xtec.cat\/cfamadrid\/el-centre\/calendari-del-curs\/","title":{"rendered":"Calendari del curs 2024-25"},"content":{"rendered":"<h4><strong>INICI de CURS<\/strong><\/h4>\n<p>16 de setembre 2024<\/p>\n<h4><strong>VACANCES<\/strong><\/h4>\n<p><strong>NADAL:<\/strong> del 21 de desembre de 2024 al 7 de gener de 2025 (ambd\u00f3s inclosos)<\/p>\n<p><strong>SETMANA SANTA:<\/strong> del 14 al 21 d&#8217;abril de 2025 (ambd\u00f3s inclosos)<\/p>\n<p><strong>ESTIU: <\/strong>A partir del 21 de juny de 225<\/p>\n<h4><strong>DIES FESTIUS<br \/>\n<\/strong><\/h4>\n<p>24 de setembre de 2024 (la Merc\u00e8)<br \/>\n9 de juny (Segona Pasqua)<\/p>\n<h4><strong>DIES DE LLIURE DISPOSICI\u00d3<\/strong><\/h4>\n<p>Dijous 31 d&#8217;octubre de 2024<br \/>\nDivendres 7 de febrer de 2025<br \/>\nDilluns 3 de mar\u00e7 de 2025<br \/>\nDivendres 2 de maig de 2025<\/p>\n<h4><strong>FINALITZACI\u00d3 DE LES ACTIVITATS ESCOLARS<\/strong><\/h4>\n<p>L&#8217;establir\u00e0 el centre d&#8217;acord amb la seva programaci\u00f3 acad\u00e8mica<\/p>\n<p>&nbsp;<\/p>\n<p>&nbsp;<\/p>\n","protected":false},"excerpt":{"rendered":"<p>INICI de CURS<br \/>\n16 de setembre 2024<br \/>\nVACANCES<br \/>\nNADAL: del 21 de desembre de 2024 al 7 de gener de 2025 (ambd\u00f3s inclosos)<br \/>\nSETMANA SANTA: del 14 al 21 d&#8217;abril de 2025 (ambd\u00f3s inclosos)<br \/>\nESTIU: A partir del 21 de juny de 225<br \/>\nDIES FESTIUS<\/p>\n<p>24 de setembre de 2024 (la Merc\u00e8)<br \/>\n9&hellip;  <a href=\"https:\/\/agora.xtec.cat\/cfamadrid\/el-centre\/calendari-del-curs\/\" title=\"Read Calendari del curs 2024-25\">Llegeix m\u00e9s\u00bb<\/a><\/p>\n","protected":false},"author":1,"featured_media":0,"parent":261,"menu_order":50,"comment_status":"closed","ping_status":"closed","template":"page-templates\/side-menu.php","meta":{"_bbp_topic_count":0,"_bbp_reply_count":0,"_bbp_total_topic_count":0,"_bbp_total_reply_count":0,"_bbp_voice_count":0,"_bbp_anonymous_reply_count":0,"_bbp_topic_count_hidden":0,"_bbp_reply_count_hidden":0,"_bbp_forum_subforum_count":0,"footnotes":""},"class_list":["post-52","page","type-page","status-publish","hentry"],"post_mailing_queue_ids":[],"_links":{"self":[{"href":"https:\/\/agora.xtec.cat\/cfamadrid\/wp-json\/wp\/v2\/pages\/52","targetHints":{"allow":["GET"]}}],"collection":[{"href":"https:\/\/agora.xtec.cat\/cfamadrid\/wp-json\/wp\/v2\/pages"}],"about":[{"href":"https:\/\/agora.xtec.cat\/cfamadrid\/wp-json\/wp\/v2\/types\/page"}],"author":[{"embeddable":true,"href":"https:\/\/agora.xtec.cat\/cfamadrid\/wp-json\/wp\/v2\/users\/1"}],"replies":[{"embeddable":true,"href":"https:\/\/agora.xtec.cat\/cfamadrid\/wp-json\/wp\/v2\/comments?post=52"}],"version-history":[{"count":5,"href":"https:\/\/agora.xtec.cat\/cfamadrid\/wp-json\/wp\/v2\/pages\/52\/revisions"}],"predecessor-version":[{"id":1668,"href":"https:\/\/agora.xtec.cat\/cfamadrid\/wp-json\/wp\/v2\/pages\/52\/revisions\/1668"}],"up":[{"embeddable":true,"href":"https:\/\/agora.xtec.cat\/cfamadrid\/wp-json\/wp\/v2\/pages\/261"}],"wp:attachment":[{"href":"https:\/\/agora.xtec.cat\/cfamadrid\/wp-json\/wp\/v2\/media?parent=52"}],"curies":[{"name":"wp","href":"https:\/\/api.w.org\/{rel}","templated":true}]}}