{"id":1279,"date":"2023-01-11T18:54:38","date_gmt":"2023-01-11T17:54:38","guid":{"rendered":"https:\/\/agora.xtec.cat\/cfamadrid\/?page_id=1279"},"modified":"2025-04-07T16:23:25","modified_gmt":"2025-04-07T14:23:25","slug":"cultura-digital","status":"publish","type":"page","link":"https:\/\/agora.xtec.cat\/cfamadrid\/el-centre\/estrategia-digital-de-centre\/cultura-digital\/","title":{"rendered":"Cultura digital"},"content":{"rendered":"<p><b>CULTURA DIGITAL<\/b><\/p>\n<p><b style=\"font-family: inherit; font-size: 1em;\">Qu\u00e8 \u00e9s la cultura digital d\u2019un centre?<br \/>\n<\/b><span style=\"font-family: inherit; font-size: 1em;\">La cultura digital del centre s\u00f3n tots els documents que fan refer\u00e8ncia amb els aspectes digitals del centre i que es<br \/>\nposen a la disposici\u00f3 de la comunitat educativa.<\/span><\/p>\n<p><b>a) Documents<\/b><\/p>\n<p><b>Compet\u00e8ncia digital de l\u2019alumnat: com s\u2019organitza el seu assoliment<br \/>\n<\/b><span style=\"font-weight: 400;\">A l&#8217;inici de curs cada tutor dona i explica a l\u2019alumnat una serie de documents elaborats on es detalla com s&#8217;avalua, el calendari del curs, l\u2019assist\u00e8ncia,<br \/>\nnormes i puntualitat, material a portar, on i com s&#8217;han d&#8217;adre\u00e7ar per demanar certificats, etc. <\/span><span style=\"font-weight: 400;\">Al tercer trimestre, cap a final de curs s\u2019informar\u00e0 als<br \/>\nalumnes de la possibilitat de seguir estudiant i formant-se a l\u2019escola o pel contrari, si la formaci\u00f3 no la realitzem a l\u2019escola s\u2019informar\u00e0 dels llocs<br \/>\npossibles que aquest curs fan la formaci\u00f3 desitjada.\u00a0<\/span><span style=\"font-weight: 400;\">Pels alumnes que continuen la formaci\u00f3 al centre se\u2019ls hi proporciona el full de continu\u00eftat<br \/>\nque hauran d\u2019omplir per poder seguir formant-se.<br \/>\n<\/span><span style=\"font-weight: 400;\">Per facilitar la comunicaci\u00f3 entre docent i alumnes i poder treballar de manera\u00a0<\/span><span style=\"font-weight: 400;\">digital a l\u2019inici de curs es crear\u00e0 un correu personal<br \/>\nper cada alumne dels cursos de Competic, Instrumental 4 i Angl\u00e8s.<\/span><\/p>\n<p><b>Comunicaci\u00f3 de la comunitat educativa<\/b><span style=\"font-family: inherit; font-size: 1em;\">La comunicaci\u00f3 de la comunitat educativa es far\u00e0 amb l\u2019ajut de diferents eines:<br \/>\n<\/span><span style=\"font-weight: 400;\">&#8211; Es donar\u00e0 a l\u2019inici de curs un document de benvinguda al mestre on es detalla qui som, caracter\u00edstiques del centre, metodologia i avaluaci\u00f3<br \/>\ndel centre, l&#8217;oferta, funcionament del centre, el treball d&#8217;h\u00e0bits en els grups, matr\u00edcula viva, explicar quan fer baixes, l&#8217;utilitzaci\u00f3 del drive<br \/>\npel seguiment d&#8217;assist\u00e8ncia dels alumnes, el material que el centre disposa,les proves de nivell dels alumnes ja confeccionades&#8230;<br \/>\n<\/span><span style=\"font-weight: 400;\">&#8211; S\u2019informar\u00e0 tamb\u00e9 l&#8217;obligatorietat del control d\u2019assist\u00e8ncia i la seva comprovaci\u00f3, de les sortides programades, certificats, etc.<br \/>\n<\/span><span style=\"font-weight: 400;\">&#8211; Existir\u00e0 una carpeta compartida per tots els docents i tot l\u2019equip on es podran trobar tots els documents que s\u2019utilitzen en el dia a dia.<\/span><\/p>\n<p><b>Portals digitals, xarxes socials i canals de comunicaci\u00f3<br \/>\n<\/b><span style=\"font-weight: 400;\">Els canals de comunicaci\u00f3 serveixen per establir una relaci\u00f3 de manera m\u00e9s pr\u00e0ctica amb l\u2019alumnat, el personal docent, la resta de<br \/>\ncomunitat educativa i, tamb\u00e9, amb el barri.<\/span><\/p>\n<ol>\n<li><b>Web de l\u2019escola. <\/b>A la web es pot trobar informaci\u00f3 de la nostra escola<br \/>\n<span style=\"font-weight: 400;\">&#8211; Ubicaci\u00f3 del centre, dades de contacte, calendari, cursos que s\u2019imparteixen.<br \/>\n<\/span><span style=\"font-weight: 400;\">&#8211; Activitats que realitzem a l\u2019escola.<\/span><\/li>\n<\/ol>\n<p><span style=\"font-weight: 400;\"><strong>2<\/strong>. <\/span><b>Correu electr\u00f2nic. <\/b><span style=\"font-weight: 400;\">El correu electr\u00f2nic s\u2019utilitzar\u00e0<br \/>\n<\/span><span style=\"font-weight: 400;\">\u00a0&#8211; Per comunicacions entre docents.<br \/>\n<\/span><span style=\"font-weight: 400;\">\u00a0&#8211; Comunicar-se amb l\u2019alumne<\/span><\/p>\n<p><b>3. Xarxes socials: Instagram <\/b><span style=\"font-weight: 400;\">serveix com a finestra al nostre entorn. All\u00e0 es pengen fotografies de les diverses activitats que es<br \/>\nrealitzen amb els alumnes.<\/span><\/p>\n","protected":false},"excerpt":{"rendered":"<p>CULTURA DIGITAL<br \/>\nQu\u00e8 \u00e9s la cultura digital d\u2019un centre?<br \/>\nLa cultura digital del centre s\u00f3n tots els documents que fan refer\u00e8ncia amb els aspectes digitals del centre i que es<br \/>\nposen a la disposici\u00f3 de la comunitat educativa.<br \/>\na) Documents<br \/>\nCompet\u00e8ncia digital de l\u2019alumnat: com s\u2019organitza el seu assoliment<br \/>\nA l&#8217;inici&hellip;  <a href=\"https:\/\/agora.xtec.cat\/cfamadrid\/el-centre\/estrategia-digital-de-centre\/cultura-digital\/\" title=\"Read Cultura digital\">Llegeix m\u00e9s\u00bb<\/a><\/p>\n","protected":false},"author":1,"featured_media":0,"parent":1274,"menu_order":0,"comment_status":"closed","ping_status":"closed","template":"","meta":{"_bbp_topic_count":0,"_bbp_reply_count":0,"_bbp_total_topic_count":0,"_bbp_total_reply_count":0,"_bbp_voice_count":0,"_bbp_anonymous_reply_count":0,"_bbp_topic_count_hidden":0,"_bbp_reply_count_hidden":0,"_bbp_forum_subforum_count":0,"footnotes":""},"class_list":["post-1279","page","type-page","status-publish","hentry"],"post_mailing_queue_ids":[],"_links":{"self":[{"href":"https:\/\/agora.xtec.cat\/cfamadrid\/wp-json\/wp\/v2\/pages\/1279","targetHints":{"allow":["GET"]}}],"collection":[{"href":"https:\/\/agora.xtec.cat\/cfamadrid\/wp-json\/wp\/v2\/pages"}],"about":[{"href":"https:\/\/agora.xtec.cat\/cfamadrid\/wp-json\/wp\/v2\/types\/page"}],"author":[{"embeddable":true,"href":"https:\/\/agora.xtec.cat\/cfamadrid\/wp-json\/wp\/v2\/users\/1"}],"replies":[{"embeddable":true,"href":"https:\/\/agora.xtec.cat\/cfamadrid\/wp-json\/wp\/v2\/comments?post=1279"}],"version-history":[{"count":4,"href":"https:\/\/agora.xtec.cat\/cfamadrid\/wp-json\/wp\/v2\/pages\/1279\/revisions"}],"predecessor-version":[{"id":1659,"href":"https:\/\/agora.xtec.cat\/cfamadrid\/wp-json\/wp\/v2\/pages\/1279\/revisions\/1659"}],"up":[{"embeddable":true,"href":"https:\/\/agora.xtec.cat\/cfamadrid\/wp-json\/wp\/v2\/pages\/1274"}],"wp:attachment":[{"href":"https:\/\/agora.xtec.cat\/cfamadrid\/wp-json\/wp\/v2\/media?parent=1279"}],"curies":[{"name":"wp","href":"https:\/\/api.w.org\/{rel}","templated":true}]}}