{"id":1091,"date":"2021-05-26T17:15:07","date_gmt":"2021-05-26T15:15:07","guid":{"rendered":"http:\/\/agora.xtec.cat\/cfamadrid\/?page_id=1091"},"modified":"2025-05-19T18:27:12","modified_gmt":"2025-05-19T16:27:12","slug":"que-pots-estudiar-aqui","status":"publish","type":"page","link":"https:\/\/agora.xtec.cat\/cfamadrid\/el-centre\/que-pots-estudiar-aqui\/","title":{"rendered":"Oferta formativa"},"content":{"rendered":"<p>La nostra oferta formativa \u00e9s variada:<\/p>\n<p><span style=\"color: #33cccc;\"><strong>LLENG\u00dcES<\/strong><\/span><\/p>\n<p><strong>CATAL\u00c0 I CASTELL\u00c0<br \/>\n<\/strong><strong><em>-Castell\u00e0 1 i Catal\u00e0 1\u00a0 (A1)<br \/>\n<\/em><\/strong>Aprendr\u00e0s a parlar i entendre la llengua per a comunicar-te<br \/>\nen situacions de la teva vida di\u00e0ria.<br \/>\n<strong><em>-Castell\u00e0 2 i Catal\u00e0 2 (A2)<br \/>\n<\/em><\/strong>Ampliar\u00e0s el teu vocabulari i podr\u00e0s comunicar-te amb m\u00e9s flu\u00efdesa,<br \/>\naprendr\u00e0s a escriure diferents tipus de textos (formularis, cartes, e-mails&#8230;).<\/p>\n<p><strong>ANGL\u00c8S<br \/>\n<\/strong><strong style=\"font-family: inherit; font-size: 1em;\"><em>-Angl\u00e8s 1\u00a0 (A1)<br \/>\n<\/em><\/strong><span style=\"font-family: inherit; font-size: 1em;\">Coneixer\u00e0s els conceptes b\u00e0sics de la llengua anglesa.<br \/>\n<\/span><strong style=\"font-family: inherit; font-size: 1em;\"><em>-Angl\u00e8s 2\u00a0 (A2.1)<br \/>\n<\/em><\/strong><span style=\"font-family: inherit; font-size: 1em;\">Ampliarem i consolidarem les estructures comunicatives angleses.<br \/>\n<\/span><strong style=\"font-family: inherit; font-size: 1em;\"><em>-Angl\u00e8s 3\u00a0 (A2.2)<br \/>\n<\/em><\/strong><span style=\"font-family: inherit; font-size: 1em;\">Aconseguir\u00e0s un nivell suficient per a comunicar-te en converses quotidianes.<br \/>\n<\/span><span style=\"font-family: inherit; font-size: 1em;\">Et ser\u00e0 molt \u00fatil en els teus viatges i feina. Un cop superat el curs podr\u00e0s tenir acc\u00e9s al 3r curs de l\u00b4EOI.<\/span><\/p>\n<p><span style=\"color: #33cccc;\"><strong>COMPETICS (Inform\u00e0tica)<\/strong><\/span><\/p>\n<p><strong><em>-COMPETIC INICIAL<br \/>\n<\/em><\/strong>Coneixer\u00e0s les eines b\u00e0siques per poder escriure utilitzant el teclat i el ratol\u00ed.<br \/>\nAprendr\u00e0s a crear carpetes on guardar els teus documents i fotografies. Aprendr\u00e0s a navegar per internet i<br \/>\nbuscar informaci\u00f3 a Google. Crear\u00e0s i escriur\u00e0s correus electr\u00f2nics.<br \/>\n<strong><em>-COMPETIC 1 (equivalent a ACTIC nivell b\u00e0sic)<br \/>\n<\/em><\/strong>Et familiaritzar\u00e0s amb Word, OpenOffice, Google doc, Excel i presentacions en PowerPoint.<br \/>\nAix\u00ed mateix aprendr\u00e0s a editar imatges i so.<\/p>\n<p><span style=\"color: #33cccc;\"><strong>FORMACI\u00d3 INSTRUMENTAL<\/strong><\/span><\/p>\n<p><strong><em>NIVELL I<br \/>\n<\/em><\/strong>Aprendr\u00e0s a llegir, a escriure, a fer n\u00fameros i c\u00e0lculs senzills i comen\u00e7ar\u00e0s<br \/>\nutilitzar dispositius digitals.<br \/>\n<strong style=\"font-family: inherit; font-size: 1em;\"><em> <strong>NIVELL <\/strong>II<br \/>\n<\/em><\/strong><span style=\"font-family: inherit; font-size: 1em;\">Avan\u00e7ar\u00e0s en la lectura i l\u00b4escriptura, ampliar\u00e0s el c\u00e0lcul i resoldr\u00e0s problemes senzills i<br \/>\naprendr\u00e0s a partir d\u2019eines digitals.<br \/>\n<\/span><strong style=\"font-family: inherit; font-size: 1em;\"><em><strong>NIVELL<\/strong>\u00a0III<br \/>\n<\/em><\/strong><span style=\"font-family: inherit; font-size: 1em;\">Escriur\u00e0s diversos tipus de text i millorar\u00e0s l\u00b4ortografia, resoldr\u00e0s problemes que<br \/>\net serviran al dia a dia, i tindr\u00e0s m\u00e9s domini en el m\u00f3n digital.<br \/>\n<\/span><strong style=\"font-family: inherit; font-size: 1em;\"><em><strong>NIVELL<\/strong>\u00a0IV<br \/>\n<\/em><\/strong><span style=\"font-family: inherit; font-size: 1em;\">Al finalitzar tindr\u00e0s el <\/span><strong style=\"font-family: inherit; font-size: 1em;\"><em>Certificat de Formaci\u00f3 Instrumental<\/em><\/strong><span style=\"font-family: inherit; font-size: 1em;\"> (equivalent als estudis primaris) i<br \/>\npodr\u00e0s continuar amb els estudis de l&#8217;Educaci\u00f3 Secund\u00e0ria per a les persones adultes (GES).<br \/>\nTindr\u00e0s el <\/span><strong style=\"font-family: inherit; font-size: 1em;\"><em>nivell A2 del MECR de catal\u00e0 i castell\u00e0<\/em><\/strong><span style=\"font-family: inherit; font-size: 1em;\">\u00a0i un coneixement equivalent al nivell de <\/span><strong style=\"font-family: inherit; font-size: 1em;\">COMPETIC inicial<\/strong><span style=\"font-family: inherit; font-size: 1em;\">.<\/span><\/p>\n<p>&nbsp;<\/p>\n","protected":false},"excerpt":{"rendered":"<p>La nostra oferta formativa \u00e9s variada:<br \/>\nLLENG\u00dcES<br \/>\nCATAL\u00c0 I CASTELL\u00c0<br \/>\n-Castell\u00e0 1 i Catal\u00e0 1\u00a0 (A1)<br \/>\nAprendr\u00e0s a parlar i entendre la llengua per a comunicar-te<br \/>\nen situacions de la teva vida di\u00e0ria.<br \/>\n-Castell\u00e0 2 i Catal\u00e0 2 (A2)<br \/>\nAmpliar\u00e0s el teu vocabulari i podr\u00e0s comunicar-te amb m\u00e9s flu\u00efdesa,<br \/>\naprendr\u00e0s a escriure diferents&hellip;  <a href=\"https:\/\/agora.xtec.cat\/cfamadrid\/el-centre\/que-pots-estudiar-aqui\/\" title=\"Read Oferta formativa\">Llegeix m\u00e9s\u00bb<\/a><\/p>\n","protected":false},"author":1,"featured_media":0,"parent":261,"menu_order":0,"comment_status":"closed","ping_status":"closed","template":"page-templates\/side-menu.php","meta":{"_bbp_topic_count":0,"_bbp_reply_count":0,"_bbp_total_topic_count":0,"_bbp_total_reply_count":0,"_bbp_voice_count":0,"_bbp_anonymous_reply_count":0,"_bbp_topic_count_hidden":0,"_bbp_reply_count_hidden":0,"_bbp_forum_subforum_count":0,"footnotes":""},"class_list":["post-1091","page","type-page","status-publish","hentry"],"post_mailing_queue_ids":[],"_links":{"self":[{"href":"https:\/\/agora.xtec.cat\/cfamadrid\/wp-json\/wp\/v2\/pages\/1091","targetHints":{"allow":["GET"]}}],"collection":[{"href":"https:\/\/agora.xtec.cat\/cfamadrid\/wp-json\/wp\/v2\/pages"}],"about":[{"href":"https:\/\/agora.xtec.cat\/cfamadrid\/wp-json\/wp\/v2\/types\/page"}],"author":[{"embeddable":true,"href":"https:\/\/agora.xtec.cat\/cfamadrid\/wp-json\/wp\/v2\/users\/1"}],"replies":[{"embeddable":true,"href":"https:\/\/agora.xtec.cat\/cfamadrid\/wp-json\/wp\/v2\/comments?post=1091"}],"version-history":[{"count":6,"href":"https:\/\/agora.xtec.cat\/cfamadrid\/wp-json\/wp\/v2\/pages\/1091\/revisions"}],"predecessor-version":[{"id":1846,"href":"https:\/\/agora.xtec.cat\/cfamadrid\/wp-json\/wp\/v2\/pages\/1091\/revisions\/1846"}],"up":[{"embeddable":true,"href":"https:\/\/agora.xtec.cat\/cfamadrid\/wp-json\/wp\/v2\/pages\/261"}],"wp:attachment":[{"href":"https:\/\/agora.xtec.cat\/cfamadrid\/wp-json\/wp\/v2\/media?parent=1091"}],"curies":[{"name":"wp","href":"https:\/\/api.w.org\/{rel}","templated":true}]}}