{"id":65,"date":"2014-09-18T10:12:22","date_gmt":"2014-09-18T10:12:22","guid":{"rendered":"http:\/\/agora.xtec.cat\/cfalopont\/?page_id=65"},"modified":"2019-07-16T10:24:36","modified_gmt":"2019-07-16T08:24:36","slug":"serveis-digitals","status":"publish","type":"page","link":"https:\/\/agora.xtec.cat\/cfalopont\/serveis\/serveis-digitals\/","title":{"rendered":"Serveis digitals"},"content":{"rendered":"<p style=\"color: #444444;\">L\u2019oferta de\u00a0<strong>serveis\u00a0digitals<\/strong>\u00a0constitueix un element\u00a0molt important de l\u2019engranatge d\u2019un centre educatiu.<\/p>\n<p style=\"color: #444444;\">El Cente de Formaci\u00f3 d&#8217;Adults Lo Pont ofereix al seu alumnat recursos pedag\u00f2gics al Campus Virtual de l&#8217;entitat on trobaran c\u00e0psules formatives, tutoria i activitats interactives.<\/p>\n<p>A m\u00e9s a m\u00e9s el centre participa activament en els seg\u00fcents blocs:<\/p>\n<ul>\n<li><a href=\"https:\/\/www.novesoportunitats.com\/\" target=\"_blank\" rel=\"noopener noreferrer\">P\u00e0gina del Programa Noves Oportunitats, Jove digues la teua.<\/a><\/li>\n<li><a href=\"https:\/\/www.gentis.org\/actualitat-gentis\/\" target=\"_blank\" rel=\"noopener noreferrer\">P\u00e0gina de l&#8217;entitat Fundaci\u00f3 Gentis, treballant per la inclusi\u00f3 i la transformaci\u00f3 social.<\/a><\/li>\n<li><a href=\"https:\/\/www.plataformaeducativa.org\/portal\/novetats\/\" target=\"_blank\" rel=\"noopener noreferrer\">P\u00e0gina de la Xarxa d&#8217;organitzacions Plataforma Educativa.<\/a><\/li>\n<\/ul>\n<p style=\"color: #444444;\">\n","protected":false},"excerpt":{"rendered":"<p>L\u2019oferta de\u00a0serveis\u00a0digitals\u00a0constitueix un element\u00a0molt important de l\u2019engranatge d\u2019un centre educatiu.<br \/>\nEl Cente de Formaci\u00f3 d&#8217;Adults Lo Pont ofereix al seu alumnat recursos pedag\u00f2gics al Campus Virtual de l&#8217;entitat on trobaran c\u00e0psules formatives, tutoria i activitats interactives.<br \/>\nA m\u00e9s a m\u00e9s el centre participa activament en els seg\u00fcents&hellip;  <a href=\"https:\/\/agora.xtec.cat\/cfalopont\/serveis\/serveis-digitals\/\" title=\"Read Serveis digitals\">Llegeix m\u00e9s\u00bb<\/a><\/p>\n","protected":false},"author":1,"featured_media":0,"parent":63,"menu_order":10,"comment_status":"closed","ping_status":"closed","template":"page-templates\/side-menu.php","meta":{"_bbp_topic_count":0,"_bbp_reply_count":0,"_bbp_total_topic_count":0,"_bbp_total_reply_count":0,"_bbp_voice_count":0,"_bbp_anonymous_reply_count":0,"_bbp_topic_count_hidden":0,"_bbp_reply_count_hidden":0,"_bbp_forum_subforum_count":0,"footnotes":""},"class_list":["post-65","page","type-page","status-publish","hentry"],"post_mailing_queue_ids":[],"_links":{"self":[{"href":"https:\/\/agora.xtec.cat\/cfalopont\/wp-json\/wp\/v2\/pages\/65","targetHints":{"allow":["GET"]}}],"collection":[{"href":"https:\/\/agora.xtec.cat\/cfalopont\/wp-json\/wp\/v2\/pages"}],"about":[{"href":"https:\/\/agora.xtec.cat\/cfalopont\/wp-json\/wp\/v2\/types\/page"}],"author":[{"embeddable":true,"href":"https:\/\/agora.xtec.cat\/cfalopont\/wp-json\/wp\/v2\/users\/1"}],"replies":[{"embeddable":true,"href":"https:\/\/agora.xtec.cat\/cfalopont\/wp-json\/wp\/v2\/comments?post=65"}],"version-history":[{"count":2,"href":"https:\/\/agora.xtec.cat\/cfalopont\/wp-json\/wp\/v2\/pages\/65\/revisions"}],"predecessor-version":[{"id":471,"href":"https:\/\/agora.xtec.cat\/cfalopont\/wp-json\/wp\/v2\/pages\/65\/revisions\/471"}],"up":[{"embeddable":true,"href":"https:\/\/agora.xtec.cat\/cfalopont\/wp-json\/wp\/v2\/pages\/63"}],"wp:attachment":[{"href":"https:\/\/agora.xtec.cat\/cfalopont\/wp-json\/wp\/v2\/media?parent=65"}],"curies":[{"name":"wp","href":"https:\/\/api.w.org\/{rel}","templated":true}]}}