{"id":646,"date":"2020-10-09T11:10:03","date_gmt":"2020-10-09T09:10:03","guid":{"rendered":"https:\/\/agora.xtec.cat\/cfalopont\/?page_id=646"},"modified":"2020-10-09T14:48:47","modified_gmt":"2020-10-09T12:48:47","slug":"vols-ser-mentor","status":"publish","type":"page","link":"https:\/\/agora.xtec.cat\/cfalopont\/projecte-educatiu\/vols-ser-mentor\/","title":{"rendered":"Vols ser mentor@?"},"content":{"rendered":"<p>Si ets o coneixes una persona activa, din\u00e0mica, solid\u00e0ria i compromesa; i disposes de temps que vols dedicar als altres, i tens ganes de fer activitats i compartir noves experi\u00e8ncies, aquesta iniciativa va amb tu.<\/p>\n<p>Unir-te a la iniciativa \u00e9s molt senzill:<\/p>\n<ol>\n<li>Omple el formulari d\u2019inscripci\u00f3: <strong><a href=\"https:\/\/docs.google.com\/forms\/d\/e\/1FAIpQLSf2IT_qYpdZt0O7qreozZs1VbLlRMSamH5B1ltNwMld8kc06A\/viewform\" target=\"_blank\" rel=\"noopener noreferrer\">Formulari<\/a>.<\/strong><\/li>\n<li>Quan rebem la teva inscripci\u00f3, ens posarem en contacte amb vosaltres per concertar una entrevista: on explicar-vos m\u00e9s el projecte, con\u00e8ixer-nos, saber les vostres expectatives i poder valorar el vostre perfil<\/li>\n<li>Despr\u00e9s de con\u00e8ixer-nos, si hi esteu d\u2019acord i el vostre perfil encaixa, passareu a formar part de la borsa de mentors\/es i t\u2019informarem de les seg\u00fcents passes.<\/li>\n<\/ol>\n<h3><strong>Quines tasques far\u00e0s com a persona mentora?<\/strong><\/h3>\n<p>Principalment acompanyar persones joves a practicar el seu esport preferit, o b\u00e9 participar en els diferents esdeveniments culturals de la zona acompanyant una persona jove que necessita en aquests moments un proc\u00e9s de mentoria.<\/p>\n<h1>Per\u00f2&#8230; I si s\u00f3c una persona jove que necessita un acompanyament?<\/h1>\n<p>Cap problema, pots sol\u00b7licitar un proc\u00e9s de mentoria seguint aquests passos:<\/p>\n<ol>\n<li>Omple el formulari d\u2019inscripci\u00f3: <strong><a href=\"https:\/\/forms.gle\/MVLQPfkzXW6fFDVJA\" target=\"_blank\" rel=\"noopener noreferrer\">Formulari<\/a>.<\/strong><\/li>\n<li>Quan rebem la teva inscripci\u00f3, ens posarem en contacte amb tu per concertar una entrevista: on explicar-te el projecte, valorar les teves necessitats i\u00a1 expectatives i les q\u00fcestions log\u00edstiques del proc\u00e9s.<\/li>\n<li>Despr\u00e9s de con\u00e8ixer-nos, si hi est\u00e0s d\u2019acord farem el &#8220;matxing&#8221; per trobar i formalitzar la teva parella de mentoria.<\/li>\n<\/ol>\n<h3><strong>Suma-t&#8217;hi a la Mentoria!<\/strong><\/h3>\n<table class=\" aligncenter\" style=\"height: 329px;\" width=\"522\">\n<tbody>\n<tr>\n<td style=\"width: 265px;\"><a href=\"https:\/\/forms.gle\/MVLQPfkzXW6fFDVJA\" target=\"_blank\" rel=\"noopener noreferrer\"><img loading=\"lazy\" decoding=\"async\" class=\"alignnone wp-image-658 size-full\" src=\"https:\/\/agora.xtec.cat\/cfalopont\/wp-content\/uploads\/usu1018\/2020\/10\/necessito-mentor.png\" alt=\"\" width=\"248\" height=\"308\" srcset=\"https:\/\/agora.xtec.cat\/cfalopont\/wp-content\/uploads\/usu1018\/2020\/10\/necessito-mentor.png 248w, https:\/\/agora.xtec.cat\/cfalopont\/wp-content\/uploads\/usu1018\/2020\/10\/necessito-mentor-242x300.png 242w\" sizes=\"auto, (max-width: 248px) 100vw, 248px\" \/><\/a><\/td>\n<td style=\"width: 249px;\"><a href=\"https:\/\/forms.gle\/Vh5fkYmuT4LCnCzw6\" target=\"_blank\" rel=\"noopener noreferrer\"><img loading=\"lazy\" decoding=\"async\" class=\"alignnone wp-image-659 size-full\" src=\"https:\/\/agora.xtec.cat\/cfalopont\/wp-content\/uploads\/usu1018\/2020\/10\/vull-ser-mentor.png\" alt=\"\" width=\"230\" height=\"276\" \/><\/a><\/td>\n<\/tr>\n<\/tbody>\n<\/table>\n<p>&nbsp;<\/p>\n<p>I aquest any, amb la Covid-19, extremarem les mesures de seguretat i combinarem trobades presencials i telem\u00e0tiques. Perqu\u00e8 si ens hem de tornar a confinar, la mentoria no s\u2019aturi!<\/p>\n<p>Si encara tens algun dubte i\/o vols m\u00e9s informaci\u00f3 abans d\u2019inscriure\u2019t ens pots trucar al 977 09 94 25 o envieu-nos un correu a <a href=\"mailto:novesoportunitat@gentis.org\" target=\"_blank\" rel=\"noopener noreferrer\">novesoportunitat@gentis.org<\/a>.<\/p>\n<p>&nbsp;<\/p>\n<p><a href=\"https:\/\/agora.xtec.cat\/cfalopont\/wp-content\/uploads\/usu1018\/2020\/10\/logos-V2.jpg\"><img loading=\"lazy\" decoding=\"async\" class=\"alignnone size-large wp-image-656\" src=\"https:\/\/agora.xtec.cat\/cfalopont\/wp-content\/uploads\/usu1018\/2020\/10\/logos-V2-1024x102.jpg\" alt=\"\" width=\"1024\" height=\"102\" srcset=\"https:\/\/agora.xtec.cat\/cfalopont\/wp-content\/uploads\/usu1018\/2020\/10\/logos-V2-1024x102.jpg 1024w, https:\/\/agora.xtec.cat\/cfalopont\/wp-content\/uploads\/usu1018\/2020\/10\/logos-V2-300x30.jpg 300w, https:\/\/agora.xtec.cat\/cfalopont\/wp-content\/uploads\/usu1018\/2020\/10\/logos-V2-768x76.jpg 768w, https:\/\/agora.xtec.cat\/cfalopont\/wp-content\/uploads\/usu1018\/2020\/10\/logos-V2.jpg 1529w\" sizes=\"auto, (max-width: 1024px) 100vw, 1024px\" \/><\/a><\/p>\n","protected":false},"excerpt":{"rendered":"<p>Si ets o coneixes una persona activa, din\u00e0mica, solid\u00e0ria i compromesa; i disposes de temps que vols dedicar als altres, i tens ganes de fer activitats i compartir noves experi\u00e8ncies, aquesta iniciativa va amb tu.<br \/>\nUnir-te a la iniciativa \u00e9s molt senzill:<\/p>\n<ol>\n<li>Omple el formulari d\u2019inscripci\u00f3: <a&hellip;  <a href=\"https:\/\/agora.xtec.cat\/cfalopont\/projecte-educatiu\/vols-ser-mentor\/\" title=\"Read Vols ser mentor@?\">Llegeix m\u00e9s\u00bb<\/a><br \/>\n","protected":false},"author":1,"featured_media":0,"parent":57,"menu_order":4,"comment_status":"closed","ping_status":"closed","template":"page-templates\/side-menu.php","meta":{"_bbp_topic_count":0,"_bbp_reply_count":0,"_bbp_total_topic_count":0,"_bbp_total_reply_count":0,"_bbp_voice_count":0,"_bbp_anonymous_reply_count":0,"_bbp_topic_count_hidden":0,"_bbp_reply_count_hidden":0,"_bbp_forum_subforum_count":0,"footnotes":""},"class_list":["post-646","page","type-page","status-publish","hentry"],"post_mailing_queue_ids":[],"_links":{"self":[{"href":"https:\/\/agora.xtec.cat\/cfalopont\/wp-json\/wp\/v2\/pages\/646","targetHints":{"allow":["GET"]}}],"collection":[{"href":"https:\/\/agora.xtec.cat\/cfalopont\/wp-json\/wp\/v2\/pages"}],"about":[{"href":"https:\/\/agora.xtec.cat\/cfalopont\/wp-json\/wp\/v2\/types\/page"}],"author":[{"embeddable":true,"href":"https:\/\/agora.xtec.cat\/cfalopont\/wp-json\/wp\/v2\/users\/1"}],"replies":[{"embeddable":true,"href":"https:\/\/agora.xtec.cat\/cfalopont\/wp-json\/wp\/v2\/comments?post=646"}],"version-history":[{"count":3,"href":"https:\/\/agora.xtec.cat\/cfalopont\/wp-json\/wp\/v2\/pages\/646\/revisions"}],"predecessor-version":[{"id":670,"href":"https:\/\/agora.xtec.cat\/cfalopont\/wp-json\/wp\/v2\/pages\/646\/revisions\/670"}],"up":[{"embeddable":true,"href":"https:\/\/agora.xtec.cat\/cfalopont\/wp-json\/wp\/v2\/pages\/57"}],"wp:attachment":[{"href":"https:\/\/agora.xtec.cat\/cfalopont\/wp-json\/wp\/v2\/media?parent=646"}],"curies":[{"name":"wp","href":"https:\/\/api.w.org\/{rel}","templated":true}]}}