{"id":626,"date":"2020-10-08T11:21:18","date_gmt":"2020-10-08T09:21:18","guid":{"rendered":"https:\/\/agora.xtec.cat\/cfalopont\/?page_id=626"},"modified":"2020-10-09T13:41:46","modified_gmt":"2020-10-09T11:41:46","slug":"arrelat-mentoria-social-en-clau-esportiva-i-cultural","status":"publish","type":"page","link":"https:\/\/agora.xtec.cat\/cfalopont\/projecte-educatiu\/arrelat-mentoria-social-en-clau-esportiva-i-cultural\/","title":{"rendered":"Arrela&#8217;t, mentoria social en clau esportiva i cultural"},"content":{"rendered":"<p>&nbsp;<\/p>\n<table>\n<tbody style=\"border: hidden;\">\n<tr>\n<td style=\"width: 713px;\">\n<blockquote><p><span style=\"font-family: inherit; font-size: 1em;\">U<\/span><span style=\"font-family: inherit; font-size: 1em; color: #222222;\">n projecte inclusiu i de participaci\u00f3 comunit\u00e0ria, adre\u00e7at a joves entre 16 i 24 anys que estan cursant un itinerari formatiu de Noves Oportunitats. Els permet, a trav\u00e9s de l\u2019acompanyament de persones volunt\u00e0ries, seguir un proc\u00e9s d\u2019aprenentatge aprofitant l\u2019entorn i que aquest faciliti la inclusi\u00f3 a la comunitat mitjan\u00e7ant la pr\u00e0ctica esportiva i cultural a les Terres de l\u2019Ebre.<\/span><\/p><\/blockquote>\n<p>&nbsp;<\/td>\n<td style=\"width: 658px; text-align: right;\"><a href=\"https:\/\/agora.xtec.cat\/cfalopont\/projecte-educatiu\/vols-ser-mentor\/\"><img loading=\"lazy\" decoding=\"async\" class=\"aligncenter wp-image-651 size-full\" src=\"https:\/\/agora.xtec.cat\/cfalopont\/wp-content\/uploads\/usu1018\/2020\/10\/Projecte-arrelat-logoimatge.png\" alt=\"\" width=\"370\" height=\"372\" srcset=\"https:\/\/agora.xtec.cat\/cfalopont\/wp-content\/uploads\/usu1018\/2020\/10\/Projecte-arrelat-logoimatge.png 370w, https:\/\/agora.xtec.cat\/cfalopont\/wp-content\/uploads\/usu1018\/2020\/10\/Projecte-arrelat-logoimatge-150x150.png 150w, https:\/\/agora.xtec.cat\/cfalopont\/wp-content\/uploads\/usu1018\/2020\/10\/Projecte-arrelat-logoimatge-298x300.png 298w\" sizes=\"auto, (max-width: 370px) 100vw, 370px\" \/><\/a><\/td>\n<\/tr>\n<\/tbody>\n<\/table>\n<h4>Els reptes<\/h4>\n<p>Amb aquesta inciativa pedag\u00f2gica es pret\u00e9n:<\/p>\n<ul>\n<li>La <strong>millora competencial i emocional<\/strong>: disseny d\u2019itineraris personalitzats aprofitant els entorns d\u2019aprenentatge.<\/li>\n<li>Procurar la <strong>inclusi\u00f3 social<\/strong> a trav\u00e9s de pr\u00e0ctiques esportives i culturals inclusives.<\/li>\n<li>Contribuir a la consolidaci\u00f3 d\u2019una<strong> xarxa de suport per les persones joves<\/strong> amb la xarxa cultural i esportiva de l\u2019entorn.<\/li>\n<li><strong>Desestigmatitzar<\/strong> el col\u00b7lectiu de persones joves que migren soles, el que prov\u00e9 del frac\u00e0s escolar i el que pateix qualsevol discriminaci\u00f3.<\/li>\n<li>Contribuir a la<strong> sensibilitzaci\u00f3 social<\/strong> facilitant que els joves <strong>participin en la comunitat<\/strong> a trav\u00e9s d\u2019organitzacions culturals i clubs esportius.<\/li>\n<li>Generar un <strong>sentiment de pertinen\u00e7a<\/strong> a la comunitat.<\/li>\n<\/ul>\n<h4>Els engranatges que tot ho mouen<\/h4>\n<p><a href=\"https:\/\/agora.xtec.cat\/cfalopont\/wp-content\/uploads\/usu1018\/2020\/10\/PROJECTE-ARRELAT-V2.pdf\" target=\"_blank\" rel=\"noopener noreferrer\"><img loading=\"lazy\" decoding=\"async\" class=\"aligncenter wp-image-627 \" src=\"https:\/\/agora.xtec.cat\/cfalopont\/wp-content\/uploads\/usu1018\/2020\/10\/Arrelat-1024x765.png\" alt=\"\" width=\"737\" height=\"580\" \/><\/a><\/p>\n<table>\n<tbody style=\"border: hidden;\">\n<tr>\n<td style=\"width: 713px;\">\n<blockquote>\n<h5>La <strong>mentoria<\/strong> esdev\u00e9 una eina d\u2019intervenci\u00f3 social que promou la relaci\u00f3 entre persones que volunt\u00e0riament s\u2019ofereixen per a proporcionar un suport individual a una altra persona que es troba en una situaci\u00f3 de risc d\u2019exclusi\u00f3. Aquesta relaci\u00f3 \u00e9s motivada i tutoritzada per un o una professional que la supervisa i hi d\u00f3na suport per a garantir-ne la viabilitat.<\/h5>\n<\/blockquote>\n<\/td>\n<td style=\"width: 658px; text-align: right;\"><iframe loading=\"lazy\" src=\"https:\/\/www.youtube.com\/embed\/8h1Sn9jvqug\" width=\"560\" height=\"315\" frameborder=\"0\"><\/iframe><\/td>\n<\/tr>\n<\/tbody>\n<\/table>\n<p><!--more--><\/p>\n<p><a href=\"https:\/\/agora.xtec.cat\/cfalopont\/projecte-educatiu\/vols-ser-mentor\/\"><img loading=\"lazy\" decoding=\"async\" class=\"aligncenter wp-image-639 size-full\" src=\"https:\/\/agora.xtec.cat\/cfalopont\/wp-content\/uploads\/usu1018\/2020\/10\/Mentoria-contacte.png\" alt=\"\" width=\"906\" height=\"245\" srcset=\"https:\/\/agora.xtec.cat\/cfalopont\/wp-content\/uploads\/usu1018\/2020\/10\/Mentoria-contacte.png 906w, https:\/\/agora.xtec.cat\/cfalopont\/wp-content\/uploads\/usu1018\/2020\/10\/Mentoria-contacte-300x81.png 300w, https:\/\/agora.xtec.cat\/cfalopont\/wp-content\/uploads\/usu1018\/2020\/10\/Mentoria-contacte-768x208.png 768w\" sizes=\"auto, (max-width: 906px) 100vw, 906px\" \/><\/a><\/p>\n","protected":false},"excerpt":{"rendered":"<p>&nbsp;<\/p>\n<p>Un projecte inclusiu i de participaci\u00f3 comunit\u00e0ria, adre\u00e7at a joves entre 16 i 24 anys que estan cursant un itinerari formatiu de Noves Oportunitats. Els permet, a trav\u00e9s de l\u2019acompanyament de persones volunt\u00e0ries, seguir un proc\u00e9s d\u2019aprenentatge aprofitant l\u2019entorn i que aquest faciliti la inclusi\u00f3&hellip;  <a href=\"https:\/\/agora.xtec.cat\/cfalopont\/projecte-educatiu\/arrelat-mentoria-social-en-clau-esportiva-i-cultural\/\" title=\"Read Arrela&#8217;t, mentoria social en clau esportiva i cultural\">Llegeix m\u00e9s\u00bb<\/a><\/p>\n","protected":false},"author":1,"featured_media":0,"parent":57,"menu_order":3,"comment_status":"closed","ping_status":"closed","template":"page-templates\/side-menu.php","meta":{"_bbp_topic_count":0,"_bbp_reply_count":0,"_bbp_total_topic_count":0,"_bbp_total_reply_count":0,"_bbp_voice_count":0,"_bbp_anonymous_reply_count":0,"_bbp_topic_count_hidden":0,"_bbp_reply_count_hidden":0,"_bbp_forum_subforum_count":0,"footnotes":""},"class_list":["post-626","page","type-page","status-publish","hentry"],"post_mailing_queue_ids":[],"_links":{"self":[{"href":"https:\/\/agora.xtec.cat\/cfalopont\/wp-json\/wp\/v2\/pages\/626","targetHints":{"allow":["GET"]}}],"collection":[{"href":"https:\/\/agora.xtec.cat\/cfalopont\/wp-json\/wp\/v2\/pages"}],"about":[{"href":"https:\/\/agora.xtec.cat\/cfalopont\/wp-json\/wp\/v2\/types\/page"}],"author":[{"embeddable":true,"href":"https:\/\/agora.xtec.cat\/cfalopont\/wp-json\/wp\/v2\/users\/1"}],"replies":[{"embeddable":true,"href":"https:\/\/agora.xtec.cat\/cfalopont\/wp-json\/wp\/v2\/comments?post=626"}],"version-history":[{"count":4,"href":"https:\/\/agora.xtec.cat\/cfalopont\/wp-json\/wp\/v2\/pages\/626\/revisions"}],"predecessor-version":[{"id":655,"href":"https:\/\/agora.xtec.cat\/cfalopont\/wp-json\/wp\/v2\/pages\/626\/revisions\/655"}],"up":[{"embeddable":true,"href":"https:\/\/agora.xtec.cat\/cfalopont\/wp-json\/wp\/v2\/pages\/57"}],"wp:attachment":[{"href":"https:\/\/agora.xtec.cat\/cfalopont\/wp-json\/wp\/v2\/media?parent=626"}],"curies":[{"name":"wp","href":"https:\/\/api.w.org\/{rel}","templated":true}]}}