{"id":618,"date":"2020-09-29T12:17:15","date_gmt":"2020-09-29T10:17:15","guid":{"rendered":"https:\/\/agora.xtec.cat\/cfalopont\/?page_id=618"},"modified":"2020-09-29T12:17:15","modified_gmt":"2020-09-29T10:17:15","slug":"model-pedagogic","status":"publish","type":"page","link":"https:\/\/agora.xtec.cat\/cfalopont\/projecte-educatiu\/model-pedagogic\/","title":{"rendered":"Model pedag\u00f2gic"},"content":{"rendered":"<p>Al CFA Lo Pont es treballa amb els joves i les joves a trav\u00e9s d\u2019un<strong> itinerari de llarga durada<\/strong>, fent un acompanyament en les formacions que aquests realitzen. El nostre model s\u2019estructura a trav\u00e9s de les seg\u00fcents fases: <strong>Acollida, execuci\u00f3 i acompanyament<\/strong>.<\/p>\n<p style=\"text-align: center;\"><a href=\"https:\/\/agora.xtec.cat\/cfalopont\/wp-content\/uploads\/usu1018\/2020\/09\/Centre-Oportunitats-terres-de-lEbre_CFA-Lo-pont.jpg\"><img loading=\"lazy\" decoding=\"async\" class=\"alignnone size-large wp-image-617\" src=\"https:\/\/agora.xtec.cat\/cfalopont\/wp-content\/uploads\/usu1018\/2020\/09\/Centre-Oportunitats-terres-de-lEbre_CFA-Lo-pont-1024x719.jpg\" alt=\"\" width=\"1024\" height=\"719\" srcset=\"https:\/\/agora.xtec.cat\/cfalopont\/wp-content\/uploads\/usu1018\/2020\/09\/Centre-Oportunitats-terres-de-lEbre_CFA-Lo-pont-1024x719.jpg 1024w, https:\/\/agora.xtec.cat\/cfalopont\/wp-content\/uploads\/usu1018\/2020\/09\/Centre-Oportunitats-terres-de-lEbre_CFA-Lo-pont-300x211.jpg 300w, https:\/\/agora.xtec.cat\/cfalopont\/wp-content\/uploads\/usu1018\/2020\/09\/Centre-Oportunitats-terres-de-lEbre_CFA-Lo-pont-768x540.jpg 768w, https:\/\/agora.xtec.cat\/cfalopont\/wp-content\/uploads\/usu1018\/2020\/09\/Centre-Oportunitats-terres-de-lEbre_CFA-Lo-pont.jpg 2000w\" sizes=\"auto, (max-width: 1024px) 100vw, 1024px\" \/><\/a><\/p>\n","protected":false},"excerpt":{"rendered":"<p>Al CFA Lo Pont es treballa amb els joves i les joves a trav\u00e9s d\u2019un itinerari de llarga durada, fent un acompanyament en les formacions que aquests realitzen. El nostre model s\u2019estructura a trav\u00e9s de les seg\u00fcents fases: Acollida, execuci\u00f3 i acompanyament.<br \/>\n<a href=\"https:\/\/agora.xtec.cat\/cfalopont\/wp-content\/uploads\/usu1018\/2020\/09\/Centre-Oportunitats-terres-de-lEbre_CFA-Lo-pont.jpg\"><\/a><\/p>\n","protected":false},"author":1,"featured_media":0,"parent":57,"menu_order":0,"comment_status":"closed","ping_status":"closed","template":"page-templates\/side-menu.php","meta":{"_bbp_topic_count":0,"_bbp_reply_count":0,"_bbp_total_topic_count":0,"_bbp_total_reply_count":0,"_bbp_voice_count":0,"_bbp_anonymous_reply_count":0,"_bbp_topic_count_hidden":0,"_bbp_reply_count_hidden":0,"_bbp_forum_subforum_count":0,"footnotes":""},"class_list":["post-618","page","type-page","status-publish","hentry"],"post_mailing_queue_ids":[],"_links":{"self":[{"href":"https:\/\/agora.xtec.cat\/cfalopont\/wp-json\/wp\/v2\/pages\/618","targetHints":{"allow":["GET"]}}],"collection":[{"href":"https:\/\/agora.xtec.cat\/cfalopont\/wp-json\/wp\/v2\/pages"}],"about":[{"href":"https:\/\/agora.xtec.cat\/cfalopont\/wp-json\/wp\/v2\/types\/page"}],"author":[{"embeddable":true,"href":"https:\/\/agora.xtec.cat\/cfalopont\/wp-json\/wp\/v2\/users\/1"}],"replies":[{"embeddable":true,"href":"https:\/\/agora.xtec.cat\/cfalopont\/wp-json\/wp\/v2\/comments?post=618"}],"version-history":[{"count":1,"href":"https:\/\/agora.xtec.cat\/cfalopont\/wp-json\/wp\/v2\/pages\/618\/revisions"}],"predecessor-version":[{"id":619,"href":"https:\/\/agora.xtec.cat\/cfalopont\/wp-json\/wp\/v2\/pages\/618\/revisions\/619"}],"up":[{"embeddable":true,"href":"https:\/\/agora.xtec.cat\/cfalopont\/wp-json\/wp\/v2\/pages\/57"}],"wp:attachment":[{"href":"https:\/\/agora.xtec.cat\/cfalopont\/wp-json\/wp\/v2\/media?parent=618"}],"curies":[{"name":"wp","href":"https:\/\/api.w.org\/{rel}","templated":true}]}}