{"id":586,"date":"2020-02-05T08:51:05","date_gmt":"2020-02-05T07:51:05","guid":{"rendered":"https:\/\/agora.xtec.cat\/cfalopont\/?page_id=586"},"modified":"2022-11-03T12:58:49","modified_gmt":"2022-11-03T11:58:49","slug":"programa-de-noves-oportunitats-per-a-joves","status":"publish","type":"page","link":"https:\/\/agora.xtec.cat\/cfalopont\/ensenyaments\/programa-de-noves-oportunitats-per-a-joves\/","title":{"rendered":"Programa de Noves Oportunitats per a Joves"},"content":{"rendered":"<p>La Fundaci\u00f3 Privada Gentis implant\u00e0 el Programa de Noves Oportunitats dins l\u2019\u00e0mbit geogr\u00e0fic de les Terres de l\u2019Ebre, en una primera edici\u00f3 des de desembre de 2015 a novembre de 2017. Aquest Centre que naix en base a una iniciativa del Servei d\u2019Ocupaci\u00f3 de Catalunya finan\u00e7ada amb Fons Socials Europeus, fa una mirada al nostre territori de manera equitativa envers la resta de territoris.<\/p>\n<p>Els joves de les Terres de l\u2019Ebre gaudeixen, amb la implantaci\u00f3 d\u2019aquest programa de les mateixes oportunitats que la resta de joves dels territoris catalans on s\u2019ha implantat aquesta iniciativa.<\/p>\n<p>Aquest punt de partida ja varia, des del concepte d\u2019equitat territorial respecte a altres actuacions d\u2019\u00e0mbit territorial que massa vegades, per pes poblacional i territorial, ens acaben excloent. El Programa de Noves Oportunitats ha desplegat 8 punts d\u2019orientaci\u00f3, acompanyament i seguiment atenent, en la primera edici\u00f3 a: 136 joves del Montsi\u00e0, 91 joves del Baix Ebre, 13 joves de la Ribera d\u2019Ebre i 10 joves de la Terra Alta; i en la segona edici\u00f3 des d\u2019octubre de 2018 fins el febrer de 2020 a 142 joves del Montsi\u00e0, 97 joves del Baix Ebre, 21joves de la Ribera d\u2019Ebre i 11 joves de la Terra Alta.<\/p>\n<p>A m\u00e9s a m\u00e9s, s\u2019han at\u00e8s 111 joves en el servei de Primera Oportunitat per a joves que migren sols.<\/p>\n<p><a href=\"https:\/\/www.novesoportunitats.com\/\">Programa de Noves Oportunitats<\/a><\/p>\n","protected":false},"excerpt":{"rendered":"<p>La Fundaci\u00f3 Privada Gentis implant\u00e0 el Programa de Noves Oportunitats dins l\u2019\u00e0mbit geogr\u00e0fic de les Terres de l\u2019Ebre, en una primera edici\u00f3 des de desembre de 2015 a novembre de 2017. Aquest Centre que naix en base a una iniciativa del Servei d\u2019Ocupaci\u00f3 de Catalunya&hellip;  <a href=\"https:\/\/agora.xtec.cat\/cfalopont\/ensenyaments\/programa-de-noves-oportunitats-per-a-joves\/\" title=\"Read Programa de Noves Oportunitats per a Joves\">Llegeix m\u00e9s\u00bb<\/a><\/p>\n","protected":false},"author":1,"featured_media":0,"parent":274,"menu_order":0,"comment_status":"closed","ping_status":"closed","template":"page-templates\/side-menu.php","meta":{"_bbp_topic_count":0,"_bbp_reply_count":0,"_bbp_total_topic_count":0,"_bbp_total_reply_count":0,"_bbp_voice_count":0,"_bbp_anonymous_reply_count":0,"_bbp_topic_count_hidden":0,"_bbp_reply_count_hidden":0,"_bbp_forum_subforum_count":0,"footnotes":""},"class_list":["post-586","page","type-page","status-publish","hentry"],"post_mailing_queue_ids":[],"_links":{"self":[{"href":"https:\/\/agora.xtec.cat\/cfalopont\/wp-json\/wp\/v2\/pages\/586","targetHints":{"allow":["GET"]}}],"collection":[{"href":"https:\/\/agora.xtec.cat\/cfalopont\/wp-json\/wp\/v2\/pages"}],"about":[{"href":"https:\/\/agora.xtec.cat\/cfalopont\/wp-json\/wp\/v2\/types\/page"}],"author":[{"embeddable":true,"href":"https:\/\/agora.xtec.cat\/cfalopont\/wp-json\/wp\/v2\/users\/1"}],"replies":[{"embeddable":true,"href":"https:\/\/agora.xtec.cat\/cfalopont\/wp-json\/wp\/v2\/comments?post=586"}],"version-history":[{"count":3,"href":"https:\/\/agora.xtec.cat\/cfalopont\/wp-json\/wp\/v2\/pages\/586\/revisions"}],"predecessor-version":[{"id":797,"href":"https:\/\/agora.xtec.cat\/cfalopont\/wp-json\/wp\/v2\/pages\/586\/revisions\/797"}],"up":[{"embeddable":true,"href":"https:\/\/agora.xtec.cat\/cfalopont\/wp-json\/wp\/v2\/pages\/274"}],"wp:attachment":[{"href":"https:\/\/agora.xtec.cat\/cfalopont\/wp-json\/wp\/v2\/media?parent=586"}],"curies":[{"name":"wp","href":"https:\/\/api.w.org\/{rel}","templated":true}]}}