{"id":57,"date":"2014-09-17T17:01:07","date_gmt":"2014-09-17T17:01:07","guid":{"rendered":"http:\/\/agora.xtec.cat\/cfalopont\/?page_id=57"},"modified":"2020-09-29T12:14:56","modified_gmt":"2020-09-29T10:14:56","slug":"projecte-educatiu","status":"publish","type":"page","link":"https:\/\/agora.xtec.cat\/cfalopont\/projecte-educatiu\/","title":{"rendered":"Projecte educatiu"},"content":{"rendered":"<p>El CFA Lo Pont \u00e9s, en aquests moments un Centre Integral de recursos educatius i laborals per a joves de 16 a 24 anys i persones adultes que requereixin d\u2019una <strong>metodologia alternativa<\/strong> i un <strong>acompanyament personalitzat<\/strong> per assolir els seu objectiu professional i vital.<\/p>\n<blockquote><p>Treballem amb <strong>itineraris individualitzats de llarga durada<\/strong> orientats a treballar compet\u00e8ncies transversals, b\u00e0siques, emocionals i\/o professionalitzadores que afavoreixin la transici\u00f3 cap al retorn educatiu o la inserci\u00f3 laboral. El CFA Lo Pont, a dia d\u2019avui, \u00e9s un centre d\u2019oportunitats amb la vocaci\u00f3 d\u2019acompanyar i tutelar aquests itineraris personalitzats als quals tenen f\u00e0cil accessibilitat els col\u00b7lectius m\u00e9s vulnerables.<\/p><\/blockquote>\n<p>Des d\u2019aquest recurs, lluitem per aconseguir l\u2019equitat, la igualtat d\u2019oportunitats i la inclusi\u00f3 a trav\u00e9s de la formaci\u00f3 i l\u2019acompanyament al llarg de la vida. Pret\u00e9n desenvolupar una intervenci\u00f3 socioeducativa per a ciutadans i ciutadanes que necessiten i\/o desitgen millorar la seva formaci\u00f3, especialment entre el sector jove.<\/p>\n<p>Els seus objectius generals s\u00f3n:<\/p>\n<ul>\n<li>Incidir en la millora de la qualitat de vida de les persones millorant la seva qualificaci\u00f3 professional.<\/li>\n<li>Compensar d\u00e8ficits socioeducatius, i adquirir aprenentatges i compet\u00e8ncies.<\/li>\n<li>Millorar i ampliar l\u2019oferta formativa del territori.<\/li>\n<li>Introduir les noves tecnologies en l\u2019aprenentatge a trav\u00e9s d\u2019un sistema semipresencial en alguns ensenyaments.<\/li>\n<li>Lluitar contra la dispersi\u00f3 territorial i la dificultat de mobilitat de la poblaci\u00f3 jove que vol accedir als recursos formatius i d\u2019orientaci\u00f3 laboral (model rural de centre).<\/li>\n<\/ul>\n<p>Compartim el nostre Projecte Educatiu de Centre i el Reglament de R\u00e8gim Intern:<\/p>\n<ul>\n<li><strong><a href=\"https:\/\/agora.xtec.cat\/cfalopont\/wp-content\/uploads\/usu1018\/2020\/09\/PEC_CFA-LOPONT.pdf\" target=\"_blank\" rel=\"noopener noreferrer\">Projecte Educatiu del CFA Lo Pont.<\/a><\/strong><\/li>\n<li><strong><a href=\"https:\/\/agora.xtec.cat\/cfalopont\/wp-content\/uploads\/usu1018\/2020\/09\/RRI-CFA-Lo-Pont.pdf\" target=\"_blank\" rel=\"noopener noreferrer\">Reglament de R\u00e8gim Intern.<\/a><\/strong><\/li>\n<\/ul>\n","protected":false},"excerpt":{"rendered":"<p>El CFA Lo Pont \u00e9s, en aquests moments un Centre Integral de recursos educatius i laborals per a joves de 16 a 24 anys i persones adultes que requereixin d\u2019una metodologia alternativa i un acompanyament personalitzat per assolir els seu objectiu professional i vital.<br \/>\nTreballem amb&hellip;  <a href=\"https:\/\/agora.xtec.cat\/cfalopont\/projecte-educatiu\/\" title=\"Read Projecte educatiu\">Llegeix m\u00e9s\u00bb<\/a><\/p>\n","protected":false},"author":1,"featured_media":0,"parent":0,"menu_order":0,"comment_status":"closed","ping_status":"closed","template":"page-templates\/side-menu.php","meta":{"_bbp_topic_count":0,"_bbp_reply_count":0,"_bbp_total_topic_count":0,"_bbp_total_reply_count":0,"_bbp_voice_count":0,"_bbp_anonymous_reply_count":0,"_bbp_topic_count_hidden":0,"_bbp_reply_count_hidden":0,"_bbp_forum_subforum_count":0,"footnotes":""},"class_list":["post-57","page","type-page","status-publish","hentry"],"post_mailing_queue_ids":[],"_links":{"self":[{"href":"https:\/\/agora.xtec.cat\/cfalopont\/wp-json\/wp\/v2\/pages\/57","targetHints":{"allow":["GET"]}}],"collection":[{"href":"https:\/\/agora.xtec.cat\/cfalopont\/wp-json\/wp\/v2\/pages"}],"about":[{"href":"https:\/\/agora.xtec.cat\/cfalopont\/wp-json\/wp\/v2\/types\/page"}],"author":[{"embeddable":true,"href":"https:\/\/agora.xtec.cat\/cfalopont\/wp-json\/wp\/v2\/users\/1"}],"replies":[{"embeddable":true,"href":"https:\/\/agora.xtec.cat\/cfalopont\/wp-json\/wp\/v2\/comments?post=57"}],"version-history":[{"count":3,"href":"https:\/\/agora.xtec.cat\/cfalopont\/wp-json\/wp\/v2\/pages\/57\/revisions"}],"predecessor-version":[{"id":616,"href":"https:\/\/agora.xtec.cat\/cfalopont\/wp-json\/wp\/v2\/pages\/57\/revisions\/616"}],"wp:attachment":[{"href":"https:\/\/agora.xtec.cat\/cfalopont\/wp-json\/wp\/v2\/media?parent=57"}],"curies":[{"name":"wp","href":"https:\/\/api.w.org\/{rel}","templated":true}]}}