{"id":562,"date":"2019-08-14T11:16:07","date_gmt":"2019-08-14T09:16:07","guid":{"rendered":"https:\/\/agora.xtec.cat\/cfalopont\/?page_id=562"},"modified":"2022-11-03T10:02:17","modified_gmt":"2022-11-03T09:02:17","slug":"sscb0209-dinamitzacio-dactivitats-de-lleure-educatiu-infantil-i-juvenil","status":"publish","type":"page","link":"https:\/\/agora.xtec.cat\/cfalopont\/ensenyaments\/escola-de-lleure\/sscb0209-dinamitzacio-dactivitats-de-lleure-educatiu-infantil-i-juvenil\/","title":{"rendered":"SSCB0209 Dinamitzaci\u00f3 d\u2019activitats de lleure educatiu infantil i juvenil"},"content":{"rendered":"<p><strong>SSCB0209 Dinamitzaci\u00f3 d\u2019activitats de lleure educatiu infantil i juvenil<\/strong><\/p>\n<p>Els certificats de professionalitat acrediten el conjunt de compet\u00e8ncies professionals que et capaciten \u00a0per desenvolupar una activitat laboral (Reial Decret 34\/2008, de 18 de gener). Tenen car\u00e0cter oficial i s\u00f3n v\u00e0lids per a treballar en tot el territori nacional. S\u00f3n expedits pel Servei P\u00fablic d\u2019Ocupaci\u00f3 Estatal (SEPE) i els \u00f2rgans competents de les comunitats aut\u00f2nomes.<\/p>\n<p>A m\u00e9s, els m\u00f2duls d\u2019aquest certificat formen part del cicle formatiu grau mitj\u00e0 de la mateixa fam\u00edlia professional, de manera que si desitges continuar ampliant la teva formaci\u00f3 despr\u00e9s, hi haur\u00e0 assignatures que podr\u00e0s convalidar.<\/p>\n<ul>\n<li>Fam\u00edlia professional:Serveis Socioculturals i a la Comunitat.<\/li>\n<li>\u00c0rea professional:Activitats culturals i recreatives.<\/li>\n<li>Codi especialitat:SSCB0209.<\/li>\n<li>Denominaci\u00f3 de l\u2019especialitat formativa:Dinamitzaci\u00f3 d\u2019activitats de lleure educatiu infantil i juvenil.<\/li>\n<\/ul>\n<p>L\u2019objectiu del curs \u00e9s aprendre a organitzar, dinamitzar i avaluar activitats de lleure educatiu adre\u00e7ades a la inf\u00e0ncia i la\u00a0 joventut,\u00a0 en\u00a0 el\u00a0 marc\u00a0 de\u00a0 la\u00a0 programaci\u00f3\u00a0 general\u00a0 d\u2019una\u00a0 organitzaci\u00f3,\u00a0 aplicant\u00a0 les\u00a0 t\u00e8cniques\u00a0 espec\u00edfiques\u00a0 d\u2019animaci\u00f3\u00a0 grupal,\u00a0 incidint\u00a0 expl\u00edcitament\u00a0 en\u00a0 l\u2019educaci\u00f3\u00a0 en\u00a0 valors i atenent les mesures b\u00e0siques de seguretat i prevenci\u00f3 de riscos.<\/p>\n","protected":false},"excerpt":{"rendered":"<p>SSCB0209 Dinamitzaci\u00f3 d\u2019activitats de lleure educatiu infantil i juvenil<br \/>\nEls certificats de professionalitat acrediten el conjunt de compet\u00e8ncies professionals que et capaciten \u00a0per desenvolupar una activitat laboral (Reial Decret 34\/2008, de 18 de gener). Tenen car\u00e0cter oficial i s\u00f3n v\u00e0lids per a treballar en tot el&hellip;  <a href=\"https:\/\/agora.xtec.cat\/cfalopont\/ensenyaments\/escola-de-lleure\/sscb0209-dinamitzacio-dactivitats-de-lleure-educatiu-infantil-i-juvenil\/\" title=\"Read SSCB0209 Dinamitzaci\u00f3 d\u2019activitats de lleure educatiu infantil i juvenil\">Llegeix m\u00e9s\u00bb<\/a><\/p>\n","protected":false},"author":1,"featured_media":0,"parent":549,"menu_order":0,"comment_status":"closed","ping_status":"closed","template":"page-templates\/side-menu.php","meta":{"_bbp_topic_count":0,"_bbp_reply_count":0,"_bbp_total_topic_count":0,"_bbp_total_reply_count":0,"_bbp_voice_count":0,"_bbp_anonymous_reply_count":0,"_bbp_topic_count_hidden":0,"_bbp_reply_count_hidden":0,"_bbp_forum_subforum_count":0,"footnotes":""},"class_list":["post-562","page","type-page","status-publish","hentry"],"post_mailing_queue_ids":[],"_links":{"self":[{"href":"https:\/\/agora.xtec.cat\/cfalopont\/wp-json\/wp\/v2\/pages\/562","targetHints":{"allow":["GET"]}}],"collection":[{"href":"https:\/\/agora.xtec.cat\/cfalopont\/wp-json\/wp\/v2\/pages"}],"about":[{"href":"https:\/\/agora.xtec.cat\/cfalopont\/wp-json\/wp\/v2\/types\/page"}],"author":[{"embeddable":true,"href":"https:\/\/agora.xtec.cat\/cfalopont\/wp-json\/wp\/v2\/users\/1"}],"replies":[{"embeddable":true,"href":"https:\/\/agora.xtec.cat\/cfalopont\/wp-json\/wp\/v2\/comments?post=562"}],"version-history":[{"count":1,"href":"https:\/\/agora.xtec.cat\/cfalopont\/wp-json\/wp\/v2\/pages\/562\/revisions"}],"predecessor-version":[{"id":563,"href":"https:\/\/agora.xtec.cat\/cfalopont\/wp-json\/wp\/v2\/pages\/562\/revisions\/563"}],"up":[{"embeddable":true,"href":"https:\/\/agora.xtec.cat\/cfalopont\/wp-json\/wp\/v2\/pages\/549"}],"wp:attachment":[{"href":"https:\/\/agora.xtec.cat\/cfalopont\/wp-json\/wp\/v2\/media?parent=562"}],"curies":[{"name":"wp","href":"https:\/\/api.w.org\/{rel}","templated":true}]}}