{"id":560,"date":"2019-08-14T11:14:49","date_gmt":"2019-08-14T09:14:49","guid":{"rendered":"https:\/\/agora.xtec.cat\/cfalopont\/?page_id=560"},"modified":"2022-11-03T10:01:32","modified_gmt":"2022-11-03T09:01:32","slug":"formacio-per-a-premonitors-i-premonitores-de-lleure","status":"publish","type":"page","link":"https:\/\/agora.xtec.cat\/cfalopont\/ensenyaments\/escola-de-lleure\/formacio-per-a-premonitors-i-premonitores-de-lleure\/","title":{"rendered":"Formaci\u00f3 per a Premonitors i Premonitores de lleure"},"content":{"rendered":"<p><strong>Formaci\u00f3 per a Premonitors i Premonitores de lleure<\/strong><\/p>\n<p>El curs d\u2019Iniciaci\u00f3 en el lleure \u00e9s un programa de formaci\u00f3, adre\u00e7at a joves interessats en iniciar-se en el camp del lleure.Est\u00e0adre\u00e7at a joves que encara no tenen els 18 anys que estan interessats en formar-se en el camp del lleure. El curs ajuda a tenir una visi\u00f3 clara dels m\u00f3n del lleure i a la vegada capacita als alumnes per realitzar tasques de premonitor i d\u2019ajudant als monitors en casals, col\u00f2nies, campaments\u2026.<\/p>\n<p>&nbsp;<\/p>\n","protected":false},"excerpt":{"rendered":"<p>Formaci\u00f3 per a Premonitors i Premonitores de lleure<br \/>\nEl curs d\u2019Iniciaci\u00f3 en el lleure \u00e9s un programa de formaci\u00f3, adre\u00e7at a joves interessats en iniciar-se en el camp del lleure.Est\u00e0adre\u00e7at a joves que encara no tenen els 18 anys que estan interessats en formar-se en el&hellip;  <a href=\"https:\/\/agora.xtec.cat\/cfalopont\/ensenyaments\/escola-de-lleure\/formacio-per-a-premonitors-i-premonitores-de-lleure\/\" title=\"Read Formaci\u00f3 per a Premonitors i Premonitores de lleure\">Llegeix m\u00e9s\u00bb<\/a><\/p>\n","protected":false},"author":1,"featured_media":0,"parent":549,"menu_order":0,"comment_status":"closed","ping_status":"closed","template":"page-templates\/side-menu.php","meta":{"_bbp_topic_count":0,"_bbp_reply_count":0,"_bbp_total_topic_count":0,"_bbp_total_reply_count":0,"_bbp_voice_count":0,"_bbp_anonymous_reply_count":0,"_bbp_topic_count_hidden":0,"_bbp_reply_count_hidden":0,"_bbp_forum_subforum_count":0,"footnotes":""},"class_list":["post-560","page","type-page","status-publish","hentry"],"post_mailing_queue_ids":[],"_links":{"self":[{"href":"https:\/\/agora.xtec.cat\/cfalopont\/wp-json\/wp\/v2\/pages\/560","targetHints":{"allow":["GET"]}}],"collection":[{"href":"https:\/\/agora.xtec.cat\/cfalopont\/wp-json\/wp\/v2\/pages"}],"about":[{"href":"https:\/\/agora.xtec.cat\/cfalopont\/wp-json\/wp\/v2\/types\/page"}],"author":[{"embeddable":true,"href":"https:\/\/agora.xtec.cat\/cfalopont\/wp-json\/wp\/v2\/users\/1"}],"replies":[{"embeddable":true,"href":"https:\/\/agora.xtec.cat\/cfalopont\/wp-json\/wp\/v2\/comments?post=560"}],"version-history":[{"count":1,"href":"https:\/\/agora.xtec.cat\/cfalopont\/wp-json\/wp\/v2\/pages\/560\/revisions"}],"predecessor-version":[{"id":561,"href":"https:\/\/agora.xtec.cat\/cfalopont\/wp-json\/wp\/v2\/pages\/560\/revisions\/561"}],"up":[{"embeddable":true,"href":"https:\/\/agora.xtec.cat\/cfalopont\/wp-json\/wp\/v2\/pages\/549"}],"wp:attachment":[{"href":"https:\/\/agora.xtec.cat\/cfalopont\/wp-json\/wp\/v2\/media?parent=560"}],"curies":[{"name":"wp","href":"https:\/\/api.w.org\/{rel}","templated":true}]}}