{"id":558,"date":"2019-08-14T11:14:04","date_gmt":"2019-08-14T09:14:04","guid":{"rendered":"https:\/\/agora.xtec.cat\/cfalopont\/?page_id=558"},"modified":"2022-11-03T10:00:15","modified_gmt":"2022-11-03T09:00:15","slug":"curs-de-director-i-directora-dactivitats-deducacio-en-el-lleure-infantil-i-juvenil","status":"publish","type":"page","link":"https:\/\/agora.xtec.cat\/cfalopont\/ensenyaments\/escola-de-lleure\/curs-de-director-i-directora-dactivitats-deducacio-en-el-lleure-infantil-i-juvenil\/","title":{"rendered":"Curs de Director i Directora d\u2019Activitats d\u2019Educaci\u00f3 en el Lleure Infantil i Juvenil"},"content":{"rendered":"<p><strong>Curs de Director i Directora d\u2019Activitats d\u2019Educaci\u00f3 en el Lleure Infantil i Juvenil<\/strong><\/p>\n<p>Aquest curs \u00e9s la formaci\u00f3 que prepara els alumnes per intervenir en tasques de coordinaci\u00f3 d\u2019equips en activitats de lleure infantil i juvenil, i que els capacita per planificar, organitzar, gestionar, dinamitzar i avaluar projectes de lleure educatiu adre\u00e7ats a la inf\u00e0ncia i la joventut en tots els seus aspectes, i per representar-los internament i externament assumint la creaci\u00f3, el control i la dinamitzaci\u00f3 de l\u2019equip de personal monitor.<\/p>\n","protected":false},"excerpt":{"rendered":"<p>Curs de Director i Directora d\u2019Activitats d\u2019Educaci\u00f3 en el Lleure Infantil i Juvenil<br \/>\nAquest curs \u00e9s la formaci\u00f3 que prepara els alumnes per intervenir en tasques de coordinaci\u00f3 d\u2019equips en activitats de lleure infantil i juvenil, i que els capacita per planificar, organitzar, gestionar, dinamitzar i&hellip;  <a href=\"https:\/\/agora.xtec.cat\/cfalopont\/ensenyaments\/escola-de-lleure\/curs-de-director-i-directora-dactivitats-deducacio-en-el-lleure-infantil-i-juvenil\/\" title=\"Read Curs de Director i Directora d\u2019Activitats d\u2019Educaci\u00f3 en el Lleure Infantil i Juvenil\">Llegeix m\u00e9s\u00bb<\/a><\/p>\n","protected":false},"author":1,"featured_media":0,"parent":549,"menu_order":0,"comment_status":"closed","ping_status":"closed","template":"page-templates\/side-menu.php","meta":{"_bbp_topic_count":0,"_bbp_reply_count":0,"_bbp_total_topic_count":0,"_bbp_total_reply_count":0,"_bbp_voice_count":0,"_bbp_anonymous_reply_count":0,"_bbp_topic_count_hidden":0,"_bbp_reply_count_hidden":0,"_bbp_forum_subforum_count":0,"footnotes":""},"class_list":["post-558","page","type-page","status-publish","hentry"],"post_mailing_queue_ids":[],"_links":{"self":[{"href":"https:\/\/agora.xtec.cat\/cfalopont\/wp-json\/wp\/v2\/pages\/558","targetHints":{"allow":["GET"]}}],"collection":[{"href":"https:\/\/agora.xtec.cat\/cfalopont\/wp-json\/wp\/v2\/pages"}],"about":[{"href":"https:\/\/agora.xtec.cat\/cfalopont\/wp-json\/wp\/v2\/types\/page"}],"author":[{"embeddable":true,"href":"https:\/\/agora.xtec.cat\/cfalopont\/wp-json\/wp\/v2\/users\/1"}],"replies":[{"embeddable":true,"href":"https:\/\/agora.xtec.cat\/cfalopont\/wp-json\/wp\/v2\/comments?post=558"}],"version-history":[{"count":1,"href":"https:\/\/agora.xtec.cat\/cfalopont\/wp-json\/wp\/v2\/pages\/558\/revisions"}],"predecessor-version":[{"id":559,"href":"https:\/\/agora.xtec.cat\/cfalopont\/wp-json\/wp\/v2\/pages\/558\/revisions\/559"}],"up":[{"embeddable":true,"href":"https:\/\/agora.xtec.cat\/cfalopont\/wp-json\/wp\/v2\/pages\/549"}],"wp:attachment":[{"href":"https:\/\/agora.xtec.cat\/cfalopont\/wp-json\/wp\/v2\/media?parent=558"}],"curies":[{"name":"wp","href":"https:\/\/api.w.org\/{rel}","templated":true}]}}