{"id":507,"date":"2019-07-16T11:20:08","date_gmt":"2019-07-16T09:20:08","guid":{"rendered":"https:\/\/agora.xtec.cat\/cfalopont\/?page_id=507"},"modified":"2022-11-03T10:25:24","modified_gmt":"2022-11-03T09:25:24","slug":"programa-de-formacio-i-insercio-pfi-en-auxiliar-en-vivers-i-jardins","status":"publish","type":"page","link":"https:\/\/agora.xtec.cat\/cfalopont\/ensenyaments\/programes-de-formacio-i-insercio-pfi\/programa-de-formacio-i-insercio-pfi-en-auxiliar-en-vivers-i-jardins\/","title":{"rendered":"Programa de Formaci\u00f3 i Inserci\u00f3 (PFI) en Auxiliar en Vivers i Jardins"},"content":{"rendered":"<p><strong>\u00c0mbit\/Fam\u00edlia professional:<\/strong><\/p>\n<ul>\n<li>Agr\u00e0ria<\/li>\n<\/ul>\n<p><strong>Dates:<\/strong><\/p>\n<ul>\n<li>Inici: setembre 2022<\/li>\n<li>Fi: juliol 2023<\/li>\n<\/ul>\n<p><strong>Empresa\/Entitat:<\/strong><\/p>\n<p>Centre de Formaci\u00f3 &#8220;Lo Pont&#8221; Fundaci\u00f3 Gentis<\/p>\n<p><strong>Adre\u00e7a:<\/strong><\/p>\n<p>Avinguda de la Pau, 178 &#8211; 43580 Deltebre<\/p>\n<p>Telf: 977 894 645<\/p>\n<p><strong>Requisits:<\/strong><\/p>\n<p>Tenir entre 16 i 21 anys. No tenir el Graduat en Educaci\u00f3 Secund\u00e0ria (ESO)<\/p>\n","protected":false},"excerpt":{"rendered":"<p>\u00c0mbit\/Fam\u00edlia professional:<\/p>\n<ul>\n<li>Agr\u00e0ria<\/li>\n<\/ul>\n<p>Dates:<\/p>\n<ul>\n<li>Inici: setembre 2022<\/li>\n<li>Fi: juliol 2023<\/li>\n<\/ul>\n<p>Empresa\/Entitat:<br \/>\nCentre de Formaci\u00f3 &#8220;Lo Pont&#8221; Fundaci\u00f3 Gentis<br \/>\nAdre\u00e7a:<br \/>\nAvinguda de la Pau, 178 &#8211; 43580 Deltebre<br \/>\nTelf: 977 894 645<br \/>\nRequisits:<br \/>\nTenir entre 16 i 21 anys. No tenir el Graduat en Educaci\u00f3 Secund\u00e0ria (ESO)<\/p>\n","protected":false},"author":1,"featured_media":0,"parent":502,"menu_order":0,"comment_status":"closed","ping_status":"closed","template":"page-templates\/side-menu.php","meta":{"_bbp_topic_count":0,"_bbp_reply_count":0,"_bbp_total_topic_count":0,"_bbp_total_reply_count":0,"_bbp_voice_count":0,"_bbp_anonymous_reply_count":0,"_bbp_topic_count_hidden":0,"_bbp_reply_count_hidden":0,"_bbp_forum_subforum_count":0,"footnotes":""},"class_list":["post-507","page","type-page","status-publish","hentry"],"post_mailing_queue_ids":[],"_links":{"self":[{"href":"https:\/\/agora.xtec.cat\/cfalopont\/wp-json\/wp\/v2\/pages\/507","targetHints":{"allow":["GET"]}}],"collection":[{"href":"https:\/\/agora.xtec.cat\/cfalopont\/wp-json\/wp\/v2\/pages"}],"about":[{"href":"https:\/\/agora.xtec.cat\/cfalopont\/wp-json\/wp\/v2\/types\/page"}],"author":[{"embeddable":true,"href":"https:\/\/agora.xtec.cat\/cfalopont\/wp-json\/wp\/v2\/users\/1"}],"replies":[{"embeddable":true,"href":"https:\/\/agora.xtec.cat\/cfalopont\/wp-json\/wp\/v2\/comments?post=507"}],"version-history":[{"count":3,"href":"https:\/\/agora.xtec.cat\/cfalopont\/wp-json\/wp\/v2\/pages\/507\/revisions"}],"predecessor-version":[{"id":796,"href":"https:\/\/agora.xtec.cat\/cfalopont\/wp-json\/wp\/v2\/pages\/507\/revisions\/796"}],"up":[{"embeddable":true,"href":"https:\/\/agora.xtec.cat\/cfalopont\/wp-json\/wp\/v2\/pages\/502"}],"wp:attachment":[{"href":"https:\/\/agora.xtec.cat\/cfalopont\/wp-json\/wp\/v2\/media?parent=507"}],"curies":[{"name":"wp","href":"https:\/\/api.w.org\/{rel}","templated":true}]}}