{"id":502,"date":"2019-07-16T11:15:10","date_gmt":"2019-07-16T09:15:10","guid":{"rendered":"https:\/\/agora.xtec.cat\/cfalopont\/?page_id=502"},"modified":"2022-11-03T10:10:25","modified_gmt":"2022-11-03T09:10:25","slug":"programes-de-formacio-i-insercio-pfi","status":"publish","type":"page","link":"https:\/\/agora.xtec.cat\/cfalopont\/ensenyaments\/programes-de-formacio-i-insercio-pfi\/","title":{"rendered":"Programes de Formaci\u00f3 i Inserci\u00f3 (PFI)"},"content":{"rendered":"<p>Els programes de formaci\u00f3 i inserci\u00f3 s\u00f3n voluntaris i estan adre\u00e7ats als joves que compleixin com a m\u00ednim 16 anys d&#8217;edat i com a m\u00e0xim 21 en l&#8217;any d&#8217;inici del programa, que hagin deixat l&#8217;educaci\u00f3 secund\u00e0ria obligat\u00f2ria (ESO) sense obtenir-ne el t\u00edtol i que, en el moment d&#8217;iniciar els programes, no segueixin estudis en el sistema educatiu ni participin en altres accions de formaci\u00f3.<\/p>\n<p>La finalitat d&#8217;aquests programes \u00e9s proporcionar a aquests joves la possibilitat d&#8217;incorporar-se de nou al sistema educatiu per continuar estudis de formaci\u00f3 professional. Han de facilitar, tamb\u00e9, l&#8217;aprenentatge imprescindible per accedir al mercat de treball amb millors possibilitats d&#8217;obtenir una ocupaci\u00f3 qualificada i duradora. El programa est\u00e0 subvencionat pel Departament d&#8217;Educaci\u00f3 de la Generalitat de Catalunya, aquest fet implica la gratu\u00eftat del programa.<\/p>\n<p>Al Centre de Formaci\u00f3 d&#8217;Adults Lo Pont impartim els seg\u00fcents programes de Formaci\u00f3 i Inserci\u00f3:<\/p>\n<ul>\n<li><strong>PFI Auxiliar en imatge personal: perruqueria i est\u00e8tica.<\/strong><\/li>\n<\/ul>\n<blockquote><p>Modalitat: Presencial\u00a0 &#8211;\u00a0 Lloc: Avda. Catalunya 103 Amposta &#8211;\u00a0 Matricula: Oberta<\/p>\n<p>Durada i calendari: 1.000 hores (180 h de pr\u00e0ctiques)\u00a0 &#8211;\u00a0 de setembre del 2022 fins juliol 2023<\/p>\n<p>Requisits: Tenir entre 16 i 21 anys\u00a0 &#8211;\u00a0 No haver superat l\u2019ESO<\/p>\n<p>Contacte: Gentis Terres de l\u2019Ebre &#8211; C\/ de Barcelona, 77-79\u00a0 &#8211;\u00a0 43870 Amposta<br \/>\nTel. 977 09 94 25\u00a0 &#8211;\u00a0 <a title=\"Informaci\u00f3 Certificat de Professionalitat\" href=\"mailto:info@gentis.org\" target=\"_blank\" rel=\"noopener noreferrer\">info@gentis.org<\/a><\/p><\/blockquote>\n<ul>\n<li><strong>PFI Auxiliar en Vivers i Jardins.<\/strong><\/li>\n<\/ul>\n<blockquote><p>Modalitat: Presencial\u00a0 &#8211;\u00a0 Lloc: Avinguda de la Pau 178 Deltebre\u00a0 &#8211;\u00a0 Matricula: Oberta<\/p>\n<p>Durada i calendari: 1.000 hores (180 h de pr\u00e0ctiques) &#8211; de setembre del 2022 fins juliol 2023<\/p>\n<p>Requisits: Tenir entre 16 i 21 anys\u00a0 &#8211;\u00a0 No haver superat l\u2019ESO<\/p>\n<p>Contacte: Gentis Terres de l\u2019Ebre &#8211; C\/ de Barcelona, 77-79\u00a0 &#8211;\u00a0 43870 Amposta<br \/>\nTel. 977 09 94 25\u00a0 &#8211;\u00a0 <a title=\"Informaci\u00f3 Certificat de Professionalitat\" href=\"mailto:info@gentis.org\" target=\"_blank\" rel=\"noopener noreferrer\">info@gentis.org<\/a><\/p><\/blockquote>\n","protected":false},"excerpt":{"rendered":"<p>Els programes de formaci\u00f3 i inserci\u00f3 s\u00f3n voluntaris i estan adre\u00e7ats als joves que compleixin com a m\u00ednim 16 anys d&#8217;edat i com a m\u00e0xim 21 en l&#8217;any d&#8217;inici del programa, que hagin deixat l&#8217;educaci\u00f3 secund\u00e0ria obligat\u00f2ria (ESO) sense obtenir-ne el t\u00edtol i que, en&hellip;  <a href=\"https:\/\/agora.xtec.cat\/cfalopont\/ensenyaments\/programes-de-formacio-i-insercio-pfi\/\" title=\"Read Programes de Formaci\u00f3 i Inserci\u00f3 (PFI)\">Llegeix m\u00e9s\u00bb<\/a><\/p>\n","protected":false},"author":1,"featured_media":0,"parent":274,"menu_order":0,"comment_status":"closed","ping_status":"closed","template":"page-templates\/side-menu.php","meta":{"_bbp_topic_count":0,"_bbp_reply_count":0,"_bbp_total_topic_count":0,"_bbp_total_reply_count":0,"_bbp_voice_count":0,"_bbp_anonymous_reply_count":0,"_bbp_topic_count_hidden":0,"_bbp_reply_count_hidden":0,"_bbp_forum_subforum_count":0,"footnotes":""},"class_list":["post-502","page","type-page","status-publish","hentry"],"post_mailing_queue_ids":[],"_links":{"self":[{"href":"https:\/\/agora.xtec.cat\/cfalopont\/wp-json\/wp\/v2\/pages\/502","targetHints":{"allow":["GET"]}}],"collection":[{"href":"https:\/\/agora.xtec.cat\/cfalopont\/wp-json\/wp\/v2\/pages"}],"about":[{"href":"https:\/\/agora.xtec.cat\/cfalopont\/wp-json\/wp\/v2\/types\/page"}],"author":[{"embeddable":true,"href":"https:\/\/agora.xtec.cat\/cfalopont\/wp-json\/wp\/v2\/users\/1"}],"replies":[{"embeddable":true,"href":"https:\/\/agora.xtec.cat\/cfalopont\/wp-json\/wp\/v2\/comments?post=502"}],"version-history":[{"count":4,"href":"https:\/\/agora.xtec.cat\/cfalopont\/wp-json\/wp\/v2\/pages\/502\/revisions"}],"predecessor-version":[{"id":794,"href":"https:\/\/agora.xtec.cat\/cfalopont\/wp-json\/wp\/v2\/pages\/502\/revisions\/794"}],"up":[{"embeddable":true,"href":"https:\/\/agora.xtec.cat\/cfalopont\/wp-json\/wp\/v2\/pages\/274"}],"wp:attachment":[{"href":"https:\/\/agora.xtec.cat\/cfalopont\/wp-json\/wp\/v2\/media?parent=502"}],"curies":[{"name":"wp","href":"https:\/\/api.w.org\/{rel}","templated":true}]}}