{"id":483,"date":"2019-07-16T10:45:36","date_gmt":"2019-07-16T08:45:36","guid":{"rendered":"https:\/\/agora.xtec.cat\/cfalopont\/?page_id=483"},"modified":"2019-07-16T12:37:39","modified_gmt":"2019-07-16T10:37:39","slug":"certificats-de-professionalitat","status":"publish","type":"page","link":"https:\/\/agora.xtec.cat\/cfalopont\/ensenyaments\/ensenyaments-transprofessionals\/certificats-de-professionalitat\/","title":{"rendered":"Certificats de Professionalitat"},"content":{"rendered":"<p>Des de la Fundaci\u00f3 Gentis desenvolupa <strong>programes d\u2019acci\u00f3 competencial<\/strong>\u00a0per tal de millorar el perfil professional dels participants i\/o per aportar valor al seu lloc de treball.<\/p>\n<p>L\u2019activitat formativa principal de l\u2019entitat est\u00e0 dirigida a\u00a0<strong>persones desocupades<\/strong>, en especial aquelles\u00a0que volen millorar les seves compet\u00e8ncies t\u00e8cniques o b\u00e9 canviar de sector d\u2019activitat.<\/p>\n<p>Al llarg de l\u2019any oferim una s\u00e8rie de\u00a0<strong>cursos i programes formatius<\/strong>\u00a0amb la voluntat de capacitar a les persones que el realitzen i ajudar-los a aconseguir el seu objectiu laboral.<\/p>\n<blockquote><p><strong>FORMACI\u00d3 PRIORIT\u00c0RIA PER A PERSONES A L\u2019ATUR<\/strong><br \/>\nFormaci\u00f3 de certificats de professionalitat de l\u2019\u00e0rea d\u2019administraci\u00f3, agr\u00e0ria, hosteleria i turisme, inform\u00e0tica i comunicaci\u00f3, comer\u00e7 i m\u00e0rqueting, ind\u00fastria aliment\u00e0ria i serveis socioculturals i a la comunitat. Aquestes accions formatives es porten a terme a Terres de L\u2019Ebre, Barcelona i Girona.<\/p>\n<p><strong>ESPECIALITATS FORMATIVES HOMOLOGADES<\/strong><br \/>\nEspecialitat Formatives Homologades pel Departament d\u2019Empresa i Ocupaci\u00f3 seguint els criteris de l\u2019Institut Catal\u00e0 de Qualificacions Professionals (ICQP).<\/p><\/blockquote>\n<p>En aquest enlla\u00e7 es pot accedir al cat\u00e0leg de <a href=\"https:\/\/www.gentis.org\/curs\/\" target=\"_blank\" rel=\"noopener noreferrer\">cursos per l&#8217;obtenci\u00f3 d&#8217;un Certificat de Professionalitat<\/a>.<\/p>\n","protected":false},"excerpt":{"rendered":"<p>Des de la Fundaci\u00f3 Gentis desenvolupa programes d\u2019acci\u00f3 competencial\u00a0per tal de millorar el perfil professional dels participants i\/o per aportar valor al seu lloc de treball.<br \/>\nL\u2019activitat formativa principal de l\u2019entitat est\u00e0 dirigida a\u00a0persones desocupades, en especial aquelles\u00a0que volen millorar les seves compet\u00e8ncies t\u00e8cniques o b\u00e9&hellip;  <a href=\"https:\/\/agora.xtec.cat\/cfalopont\/ensenyaments\/ensenyaments-transprofessionals\/certificats-de-professionalitat\/\" title=\"Read Certificats de Professionalitat\">Llegeix m\u00e9s\u00bb<\/a><\/p>\n","protected":false},"author":1,"featured_media":0,"parent":286,"menu_order":0,"comment_status":"closed","ping_status":"closed","template":"page-templates\/side-menu.php","meta":{"_bbp_topic_count":0,"_bbp_reply_count":0,"_bbp_total_topic_count":0,"_bbp_total_reply_count":0,"_bbp_voice_count":0,"_bbp_anonymous_reply_count":0,"_bbp_topic_count_hidden":0,"_bbp_reply_count_hidden":0,"_bbp_forum_subforum_count":0,"footnotes":""},"class_list":["post-483","page","type-page","status-publish","hentry"],"post_mailing_queue_ids":[],"_links":{"self":[{"href":"https:\/\/agora.xtec.cat\/cfalopont\/wp-json\/wp\/v2\/pages\/483","targetHints":{"allow":["GET"]}}],"collection":[{"href":"https:\/\/agora.xtec.cat\/cfalopont\/wp-json\/wp\/v2\/pages"}],"about":[{"href":"https:\/\/agora.xtec.cat\/cfalopont\/wp-json\/wp\/v2\/types\/page"}],"author":[{"embeddable":true,"href":"https:\/\/agora.xtec.cat\/cfalopont\/wp-json\/wp\/v2\/users\/1"}],"replies":[{"embeddable":true,"href":"https:\/\/agora.xtec.cat\/cfalopont\/wp-json\/wp\/v2\/comments?post=483"}],"version-history":[{"count":3,"href":"https:\/\/agora.xtec.cat\/cfalopont\/wp-json\/wp\/v2\/pages\/483\/revisions"}],"predecessor-version":[{"id":509,"href":"https:\/\/agora.xtec.cat\/cfalopont\/wp-json\/wp\/v2\/pages\/483\/revisions\/509"}],"up":[{"embeddable":true,"href":"https:\/\/agora.xtec.cat\/cfalopont\/wp-json\/wp\/v2\/pages\/286"}],"wp:attachment":[{"href":"https:\/\/agora.xtec.cat\/cfalopont\/wp-json\/wp\/v2\/media?parent=483"}],"curies":[{"name":"wp","href":"https:\/\/api.w.org\/{rel}","templated":true}]}}