{"id":301,"date":"2015-01-28T11:21:46","date_gmt":"2015-01-28T10:21:46","guid":{"rendered":"http:\/\/agora.xtec.cat\/cfalopont\/?page_id=301"},"modified":"2022-11-03T08:54:54","modified_gmt":"2022-11-03T07:54:54","slug":"formacio-a-mida","status":"publish","type":"page","link":"https:\/\/agora.xtec.cat\/cfalopont\/ensenyaments\/ensenyaments-inicials-i-formacio-basica\/formacio-a-mida\/","title":{"rendered":"Formaci\u00f3 a Mida"},"content":{"rendered":"<div class=\"et_pb_module et_pb_blurb et_pb_blurb_0 et_pb_bg_layout_light et_pb_text_align_left et_pb_blurb_position_left\">\n<div class=\"et_pb_blurb_content\">\n<div class=\"et_pb_blurb_container\">\n<h4><\/h4>\n<h4 class=\"et_pb_module_header\">Formaci\u00f3 a mida (FAM) en Innovaci\u00f3 i processos de producci\u00f3<\/h4>\n<p>&nbsp;<\/p>\n<\/div>\n<\/div>\n<\/div>\n<div class=\"et_pb_module et_pb_blurb et_pb_blurb_1 et_pb_bg_layout_light et_pb_text_align_left et_pb_blurb_position_left\">\n<div class=\"et_pb_blurb_content\">\n<div class=\"et_pb_blurb_container\">\n<h4 class=\"et_pb_module_header\">\u00c0mbit\/Fam\u00edlia professional:<\/h4>\n<div class=\"et_pb_blurb_description\">\n<ul>\n<li style=\"list-style-type: none;\">\n<ul>\n<li>Fusta i moble<\/li>\n<li>Electricitat i electr\u00f2nica<\/li>\n<li>Transport\u00a0 i manteniment de vehicles<\/li>\n<li>Instal\u00b7laci\u00f3 i manteniment<\/li>\n<\/ul>\n<\/li>\n<\/ul>\n<\/div>\n<\/div>\n<\/div>\n<\/div>\n<div class=\"et_pb_module et_pb_blurb et_pb_blurb_2 et_pb_bg_layout_light et_pb_text_align_left et_pb_blurb_position_left\">\n<div class=\"et_pb_blurb_content\">\n<div class=\"et_pb_blurb_container\">\n<h4 class=\"et_pb_module_header\">Empresa\/Entitat:<\/h4>\n<div class=\"et_pb_blurb_description\">\n<p>Fundaci\u00f3 Privada Gentis<\/p>\n<\/div>\n<\/div>\n<\/div>\n<\/div>\n<div class=\"et_pb_module et_pb_blurb et_pb_blurb_3 et_pb_bg_layout_light et_pb_text_align_left et_pb_blurb_position_left\">\n<div class=\"et_pb_blurb_content\">\n<div class=\"et_pb_main_blurb_image\"><\/div>\n<div><\/div>\n<div class=\"et_pb_blurb_container\">\n<h4 class=\"et_pb_module_header\">Dates:<\/h4>\n<div class=\"et_pb_blurb_description\">\n<p>No hi ha properes dates<\/p>\n<\/div>\n<\/div>\n<\/div>\n<\/div>\n<div class=\"et_pb_module et_pb_blurb et_pb_blurb_4 et_pb_bg_layout_light et_pb_text_align_left et_pb_blurb_position_left\">\n<div class=\"et_pb_blurb_content\">\n<div class=\"et_pb_main_blurb_image\"><\/div>\n<div><\/div>\n<div class=\"et_pb_blurb_container\">\n<h4 class=\"et_pb_module_header\">Adre\u00e7a:<\/h4>\n<div class=\"et_pb_blurb_description\">\n<p>Amposta\/La S\u00e8nia<\/p>\n<p>Telf: 977 894 645<\/p>\n<\/div>\n<blockquote><p>Aquesta formaci\u00f3 est\u00e0 considerada de formaci\u00f3 tecnicoprofessional per a itineraris m\u00e9s laborals. <strong>Requisits d\u2019entrada<\/strong>: 16 a 24 anys<\/p><\/blockquote>\n<\/div>\n<\/div>\n<\/div>\n<p>&nbsp;<\/p>\n<h4 class=\"et_pb_module_header\">Formaci\u00f3 a mida (FAM) en Barberia<\/h4>\n<p>&nbsp;<\/p>\n<div class=\"et_pb_module et_pb_blurb et_pb_blurb_1 et_pb_bg_layout_light et_pb_text_align_left et_pb_blurb_position_left\">\n<div class=\"et_pb_blurb_content\">\n<div class=\"et_pb_blurb_container\">\n<h4 class=\"et_pb_module_header\">\u00c0mbit\/Fam\u00edlia professional:<\/h4>\n<div class=\"et_pb_blurb_description\">\n<p>Imatge personal<\/p>\n<\/div>\n<\/div>\n<\/div>\n<\/div>\n<div class=\"et_pb_module et_pb_blurb et_pb_blurb_2 et_pb_bg_layout_light et_pb_text_align_left et_pb_blurb_position_left\">\n<div class=\"et_pb_blurb_content\">\n<div class=\"et_pb_main_blurb_image\"><\/div>\n<div><\/div>\n<div class=\"et_pb_blurb_container\">\n<h4 class=\"et_pb_module_header\">Empresa\/Entitat:<\/h4>\n<div class=\"et_pb_blurb_description\">\n<p>Trendy Estilista<\/p>\n<\/div>\n<\/div>\n<\/div>\n<\/div>\n<div class=\"et_pb_module et_pb_blurb et_pb_blurb_3 et_pb_bg_layout_light et_pb_text_align_left et_pb_blurb_position_left\">\n<div class=\"et_pb_blurb_content\">\n<div class=\"et_pb_main_blurb_image\"><\/div>\n<div><\/div>\n<div class=\"et_pb_blurb_container\">\n<h4 class=\"et_pb_module_header\">Dates:<\/h4>\n<div class=\"et_pb_blurb_description\">\n<p>No hi ha properes dates.<\/p>\n<\/div>\n<\/div>\n<\/div>\n<\/div>\n<div class=\"et_pb_module et_pb_blurb et_pb_blurb_4 et_pb_bg_layout_light et_pb_text_align_left et_pb_blurb_position_left\">\n<div class=\"et_pb_blurb_content\">\n<div class=\"et_pb_main_blurb_image\"><\/div>\n<\/div>\n<div><\/div>\n<div class=\"et_pb_blurb_content\">\n<div class=\"et_pb_blurb_container\">\n<h4 class=\"et_pb_module_header\">Adre\u00e7a:<\/h4>\n<div class=\"et_pb_blurb_description\">\n<p>Avinguda Catalunya 103 baixos. Amposta<\/p>\n<p>Telf: 977 894 645<\/p>\n<\/div>\n<\/div>\n<\/div>\n<\/div>\n<p>&nbsp;<\/p>\n<blockquote><p>Aquesta formaci\u00f3 est\u00e0 considerada d\u2019especialitzaci\u00f3 per a joves que ja han tingut un primer contacte amb el m\u00f3n de la perruqueria i l\u2019est\u00e8tica o de formaci\u00f3 tecnicoprofessional per a itineraris m\u00e9s laborals. <strong>Requisits d\u2019entrada:<\/strong> 16 a 24 anys.<\/p><\/blockquote>\n<p>&nbsp;<\/p>\n<p>&nbsp;<\/p>\n<p>&nbsp;<\/p>\n<p>&nbsp;<\/p>\n<p>&nbsp;<\/p>\n<p>&nbsp;<\/p>\n<p>&nbsp;<\/p>\n<p>&nbsp;<\/p>\n<p>&nbsp;<\/p>\n<p>&nbsp;<\/p>\n<p>&nbsp;<\/p>\n","protected":false},"excerpt":{"rendered":"<p>Formaci\u00f3 a mida (FAM) en Innovaci\u00f3 i processos de producci\u00f3<br \/>\n&nbsp;<\/p>\n<p>\u00c0mbit\/Fam\u00edlia professional:<\/p>\n<ul>\n<li style=\"list-style-type: none;\">\n<ul>\n<li>Fusta i moble<\/li>\n<li>Electricitat i electr\u00f2nica<\/li>\n<li>Transport\u00a0 i manteniment de vehicles<\/li>\n<li>Instal\u00b7laci\u00f3 i manteniment<\/li>\n<\/ul>\n<\/li>\n<\/ul>\n<p>Empresa\/Entitat:<\/p>\n<p>Fundaci\u00f3 Privada Gentis<\/p>\n<p>Dates:<\/p>\n<p>No hi ha properes dates<\/p>\n<p>Adre\u00e7a:<\/p>\n<p>Amposta\/La S\u00e8nia<br \/>\nTelf: 977 894 645<\/p>\n<p>Aquesta formaci\u00f3 est\u00e0 considerada de formaci\u00f3 tecnicoprofessional per a itineraris m\u00e9s laborals. Requisits&hellip;  <a href=\"https:\/\/agora.xtec.cat\/cfalopont\/ensenyaments\/ensenyaments-inicials-i-formacio-basica\/formacio-a-mida\/\" title=\"Read Formaci\u00f3 a Mida\">Llegeix m\u00e9s\u00bb<\/a><\/p>\n","protected":false},"author":1,"featured_media":0,"parent":283,"menu_order":0,"comment_status":"closed","ping_status":"closed","template":"page-templates\/side-menu.php","meta":{"_bbp_topic_count":0,"_bbp_reply_count":0,"_bbp_total_topic_count":0,"_bbp_total_reply_count":0,"_bbp_voice_count":0,"_bbp_anonymous_reply_count":0,"_bbp_topic_count_hidden":0,"_bbp_reply_count_hidden":0,"_bbp_forum_subforum_count":0,"footnotes":""},"class_list":["post-301","page","type-page","status-publish","hentry"],"post_mailing_queue_ids":[],"_links":{"self":[{"href":"https:\/\/agora.xtec.cat\/cfalopont\/wp-json\/wp\/v2\/pages\/301","targetHints":{"allow":["GET"]}}],"collection":[{"href":"https:\/\/agora.xtec.cat\/cfalopont\/wp-json\/wp\/v2\/pages"}],"about":[{"href":"https:\/\/agora.xtec.cat\/cfalopont\/wp-json\/wp\/v2\/types\/page"}],"author":[{"embeddable":true,"href":"https:\/\/agora.xtec.cat\/cfalopont\/wp-json\/wp\/v2\/users\/1"}],"replies":[{"embeddable":true,"href":"https:\/\/agora.xtec.cat\/cfalopont\/wp-json\/wp\/v2\/comments?post=301"}],"version-history":[{"count":3,"href":"https:\/\/agora.xtec.cat\/cfalopont\/wp-json\/wp\/v2\/pages\/301\/revisions"}],"predecessor-version":[{"id":784,"href":"https:\/\/agora.xtec.cat\/cfalopont\/wp-json\/wp\/v2\/pages\/301\/revisions\/784"}],"up":[{"embeddable":true,"href":"https:\/\/agora.xtec.cat\/cfalopont\/wp-json\/wp\/v2\/pages\/283"}],"wp:attachment":[{"href":"https:\/\/agora.xtec.cat\/cfalopont\/wp-json\/wp\/v2\/media?parent=301"}],"curies":[{"name":"wp","href":"https:\/\/api.w.org\/{rel}","templated":true}]}}